{"id":307,"date":"2026-01-22T16:17:08","date_gmt":"2026-01-22T16:17:08","guid":{"rendered":"https:\/\/villa-la-florangerie.ms3.decms.eu\/sitemap\/"},"modified":"2026-01-22T16:17:08","modified_gmt":"2026-01-22T16:17:08","slug":"sitemap","status":"publish","type":"page","link":"https:\/\/www.villalaflorangerie.com\/en\/sitemap\/","title":{"rendered":"Sitemap"},"content":{"rendered":"","protected":false},"excerpt":{"rendered":"","protected":false},"author":13,"featured_media":0,"parent":0,"menu_order":13,"comment_status":"closed","ping_status":"closed","template":"template-sitemap.php","meta":{"footnotes":""},"class_list":["post-307","page","type-page","status-publish","hentry"],"yoast_head":"<!-- This site is optimized with the Yoast SEO plugin v26.9 - https:\/\/yoast.com\/product\/yoast-seo-wordpress\/ -->\n<title>Plan du site | Villa La Florangerie<\/title>\n<meta name=\"description\" content=\"Acc\u00e9dez rapidement \u00e0 toutes les rubriques de notre site : chambres, spa, bar et offres exclusives. Retrouvez l&#039;int\u00e9gralit\u00e9 des services de notre h\u00f4tel \u00e0 Strasbourg.\" \/>\n<meta name=\"robots\" content=\"index, follow, max-snippet:-1, max-image-preview:large, max-video-preview:-1\" \/>\n<link rel=\"canonical\" href=\"https:\/\/www.villalaflorangerie.com\/en\/sitemap\/\" \/>\n<meta property=\"og:locale\" content=\"en_US\" \/>\n<meta property=\"og:type\" content=\"article\" \/>\n<meta property=\"og:title\" content=\"Plan du site | Villa La Florangerie\" \/>\n<meta property=\"og:description\" content=\"Acc\u00e9dez rapidement \u00e0 toutes les rubriques de notre site : chambres, spa, bar et offres exclusives. Retrouvez l&#039;int\u00e9gralit\u00e9 des services de notre h\u00f4tel \u00e0 Strasbourg.\" \/>\n<meta property=\"og:url\" content=\"https:\/\/www.villalaflorangerie.com\/en\/sitemap\/\" \/>\n<meta property=\"og:site_name\" content=\"Villa la Florangerie\" \/>\n<meta name=\"twitter:card\" content=\"summary_large_image\" \/>\n<script type=\"application\/ld+json\" class=\"yoast-schema-graph\">{\"@context\":\"https:\/\/schema.org\",\"@graph\":[{\"@type\":\"WebPage\",\"@id\":\"https:\/\/www.villalaflorangerie.com\/en\/sitemap\/\",\"url\":\"https:\/\/www.villalaflorangerie.com\/en\/sitemap\/\",\"name\":\"Plan du site | Villa La Florangerie\",\"isPartOf\":{\"@id\":\"https:\/\/www.villalaflorangerie.com\/en\/#website\"},\"datePublished\":\"2026-01-22T16:17:08+00:00\",\"description\":\"Acc\u00e9dez rapidement \u00e0 toutes les rubriques de notre site : chambres, spa, bar et offres exclusives. Retrouvez l'int\u00e9gralit\u00e9 des services de notre h\u00f4tel \u00e0 Strasbourg.\",\"breadcrumb\":{\"@id\":\"https:\/\/www.villalaflorangerie.com\/en\/sitemap\/#breadcrumb\"},\"inLanguage\":\"en-US\",\"potentialAction\":[{\"@type\":\"ReadAction\",\"target\":[\"https:\/\/www.villalaflorangerie.com\/en\/sitemap\/\"]}]},{\"@type\":\"BreadcrumbList\",\"@id\":\"https:\/\/www.villalaflorangerie.com\/en\/sitemap\/#breadcrumb\",\"itemListElement\":[{\"@type\":\"ListItem\",\"position\":1,\"name\":\"Home\",\"item\":\"https:\/\/www.villalaflorangerie.com\/en\/\"},{\"@type\":\"ListItem\",\"position\":2,\"name\":\"Sitemap\"}]},{\"@type\":\"WebSite\",\"@id\":\"https:\/\/www.villalaflorangerie.com\/en\/#website\",\"url\":\"https:\/\/www.villalaflorangerie.com\/en\/\",\"name\":\"Villa la Florangerie\",\"description\":\"\",\"potentialAction\":[{\"@type\":\"SearchAction\",\"target\":{\"@type\":\"EntryPoint\",\"urlTemplate\":\"https:\/\/www.villalaflorangerie.com\/en\/?s={search_term_string}\"},\"query-input\":{\"@type\":\"PropertyValueSpecification\",\"valueRequired\":true,\"valueName\":\"search_term_string\"}}],\"inLanguage\":\"en-US\"}]}<\/script>\n<!-- \/ Yoast SEO plugin. -->","yoast_head_json":{"title":"Plan du site | Villa La Florangerie","description":"Acc\u00e9dez rapidement \u00e0 toutes les rubriques de notre site : chambres, spa, bar et offres exclusives. Retrouvez l'int\u00e9gralit\u00e9 des services de notre h\u00f4tel \u00e0 Strasbourg.","robots":{"index":"index","follow":"follow","max-snippet":"max-snippet:-1","max-image-preview":"max-image-preview:large","max-video-preview":"max-video-preview:-1"},"canonical":"https:\/\/www.villalaflorangerie.com\/en\/sitemap\/","og_locale":"en_US","og_type":"article","og_title":"Plan du site | Villa La Florangerie","og_description":"Acc\u00e9dez rapidement \u00e0 toutes les rubriques de notre site : chambres, spa, bar et offres exclusives. Retrouvez l'int\u00e9gralit\u00e9 des services de notre h\u00f4tel \u00e0 Strasbourg.","og_url":"https:\/\/www.villalaflorangerie.com\/en\/sitemap\/","og_site_name":"Villa la Florangerie","twitter_card":"summary_large_image","schema":{"@context":"https:\/\/schema.org","@graph":[{"@type":"WebPage","@id":"https:\/\/www.villalaflorangerie.com\/en\/sitemap\/","url":"https:\/\/www.villalaflorangerie.com\/en\/sitemap\/","name":"Plan du site | Villa La Florangerie","isPartOf":{"@id":"https:\/\/www.villalaflorangerie.com\/en\/#website"},"datePublished":"2026-01-22T16:17:08+00:00","description":"Acc\u00e9dez rapidement \u00e0 toutes les rubriques de notre site : chambres, spa, bar et offres exclusives. Retrouvez l'int\u00e9gralit\u00e9 des services de notre h\u00f4tel \u00e0 Strasbourg.","breadcrumb":{"@id":"https:\/\/www.villalaflorangerie.com\/en\/sitemap\/#breadcrumb"},"inLanguage":"en-US","potentialAction":[{"@type":"ReadAction","target":["https:\/\/www.villalaflorangerie.com\/en\/sitemap\/"]}]},{"@type":"BreadcrumbList","@id":"https:\/\/www.villalaflorangerie.com\/en\/sitemap\/#breadcrumb","itemListElement":[{"@type":"ListItem","position":1,"name":"Home","item":"https:\/\/www.villalaflorangerie.com\/en\/"},{"@type":"ListItem","position":2,"name":"Sitemap"}]},{"@type":"WebSite","@id":"https:\/\/www.villalaflorangerie.com\/en\/#website","url":"https:\/\/www.villalaflorangerie.com\/en\/","name":"Villa la Florangerie","description":"","potentialAction":[{"@type":"SearchAction","target":{"@type":"EntryPoint","urlTemplate":"https:\/\/www.villalaflorangerie.com\/en\/?s={search_term_string}"},"query-input":{"@type":"PropertyValueSpecification","valueRequired":true,"valueName":"search_term_string"}}],"inLanguage":"en-US"}]}},"acf":[],"_links":{"self":[{"href":"https:\/\/www.villalaflorangerie.com\/en\/wp-json\/wp\/v2\/pages\/307","targetHints":{"allow":["GET"]}}],"collection":[{"href":"https:\/\/www.villalaflorangerie.com\/en\/wp-json\/wp\/v2\/pages"}],"about":[{"href":"https:\/\/www.villalaflorangerie.com\/en\/wp-json\/wp\/v2\/types\/page"}],"author":[{"embeddable":true,"href":"https:\/\/www.villalaflorangerie.com\/en\/wp-json\/wp\/v2\/users\/13"}],"replies":[{"embeddable":true,"href":"https:\/\/www.villalaflorangerie.com\/en\/wp-json\/wp\/v2\/comments?post=307"}],"version-history":[{"count":0,"href":"https:\/\/www.villalaflorangerie.com\/en\/wp-json\/wp\/v2\/pages\/307\/revisions"}],"wp:attachment":[{"href":"https:\/\/www.villalaflorangerie.com\/en\/wp-json\/wp\/v2\/media?parent=307"}],"curies":[{"name":"wp","href":"https:\/\/api.w.org\/{rel}","templated":true}]}}