{"id":445,"date":"2026-01-22T15:45:18","date_gmt":"2026-01-22T15:45:18","guid":{"rendered":"https:\/\/villa-la-florangerie.ms3.decms.eu\/mentions-legales-villa-la-florangerie\/"},"modified":"2026-02-18T14:21:53","modified_gmt":"2026-02-18T14:21:53","slug":"villa-la-florangerie-rechtliche-hinweise","status":"publish","type":"page","link":"https:\/\/www.villalaflorangerie.com\/de\/villa-la-florangerie-rechtliche-hinweise\/","title":{"rendered":"Villa La Florangerie \u2013 Rechtliche Hinweise"},"content":{"rendered":"<p>Diese Website wird betrieben von VILLA LA FLORANGERIE, Betreiber eines Hotels in Stra\u00dfburg. Die auf dieser Website bereitgestellten Informationen dienen ausschlie\u00dflich Informationszwecken und k\u00f6nnen \u00c4nderungen unterliegen. VILLA LA FLORANGERIE bem\u00fcht sich, die Richtigkeit und Aktualit\u00e4t der ver\u00f6ffentlichten Inhalte sicherzustellen, kann jedoch deren Vollst\u00e4ndigkeit oder Fehlerfreiheit nicht garantieren. Der Zugriff auf diese Website und deren Nutzung setzt die volle Akzeptanz dieser rechtlichen Hinweise voraus.<\/p>\n<p>Die Villa La Florangerie ist ein 4-Sterne-Boutique-Hotel in Stra\u00dfburg, Frankreich, das sich verpflichtet, verl\u00e4ssliche Informationen bereitzustellen und gleichzeitig einen eleganten und professionellen Online-Auftritt zu gew\u00e4hrleisten.<\/p>\n<p><strong>Allgemeine Pr\u00e4sentation<\/strong><\/p>\n<p>Diese Website wird von der Gesellschaft VILLA LA FLORANGERIE herausgegeben, die ein Hotel in Stra\u00dfburg betreibt.<br \/>\nDie auf dieser Website bereitgestellten Informationen dienen ausschlie\u00dflich Informationszwecken und k\u00f6nnen sich \u00e4ndern. VILLA LA FLORANGERIE ist bem\u00fcht, die Richtigkeit und Aktualisierung der ver\u00f6ffentlichten Inhalte sicherzustellen, kann jedoch weder deren Vollst\u00e4ndigkeit noch Fehlerfreiheit garantieren.<br \/>\nDer Zugriff auf die Website und ihre Nutzung setzen die vollst\u00e4ndige und uneingeschr\u00e4nkte Annahme dieser rechtlichen Hinweise voraus.<\/p>\n<p><strong>Herausgeber der Website<\/strong><\/p>\n<p>VILLA LA FLORANGERIE<br \/>\nRechtsform: SAS (Vereinfachte Aktiengesellschaft)<br \/>\nStammkapital: 5.000 \u20ac<br \/>\nFirmensitz: 9-11 Rue Westercamp, 67000 Stra\u00dfburg, Frankreich<br \/>\nTelefon: +33 3 90 40 40 90<br \/>\nSIREN-Nummer: 844 661 736<br \/>\nHandelsregister (RCS): Stra\u00dfburg<br \/>\nAPE-Code: 5510Z \u2013 Hotels und \u00e4hnliche Unterk\u00fcnfte<br \/>\nUmsatzsteuer-Identifikationsnummer: FR94844661736<br \/>\nE-Mail-Adresse: resa@villalaflorangerie.com<\/p>\n<p><strong>Verantwortlicher f\u00fcr die Ver\u00f6ffentlichung<\/strong><\/p>\n<p>Herr Florian SAINT-GEN\u00c8S, Pr\u00e4sident.<\/p>\n<p><strong>Hosting der Website<\/strong><\/p>\n<p>Host name: WP Engine<br \/>\nAddress : Irongate House, 22-30 Duke&#8217;s Place, London, EC3A 7LP United Kingdom<br \/>\nPhone number : 020 3770 9704<br \/>\nEmail legal@wpengine.com<br \/>\nWebsite : wpengine.com<\/p>\n<p><strong>Geistiges Eigentum<\/strong><\/p>\n<p>Alle Bestandteile der Website (Texte, Bilder, Fotografien, Logos, Grafiken, audiovisuelle Inhalte, allgemeine Struktur, Datenbanken usw.) sind durch die Bestimmungen des Gesetzes \u00fcber geistiges Eigentum gesch\u00fctzt.<br \/>\nJede Vervielf\u00e4ltigung, Darstellung, Verbreitung oder Nutzung, ganz oder teilweise, dieser Elemente, durch welches Verfahren auch immer, ohne vorherige schriftliche Genehmigung von VILLA LA FLORANGERIE, ist strengstens untersagt.<br \/>\nHaftung<br \/>\nVILLA LA FLORANGERIE bem\u00fcht sich, die Richtigkeit und Aktualit\u00e4t der auf der Website ver\u00f6ffentlichten Informationen sicherzustellen. Sie kann jedoch weder die Richtigkeit, Genauigkeit noch Vollst\u00e4ndigkeit der bereitgestellten Informationen garantieren.<br \/>\nDer Nutzer erkennt an, dass er die auf der Website zug\u00e4nglichen Informationen und Dienstleistungen auf eigene Verantwortung nutzt.<br \/>\nVILLA LA FLORANGERIE kann nicht f\u00fcr direkte oder indirekte Sch\u00e4den haftbar gemacht werden, die sich aus dem Zugriff auf die Website, ihrer Nutzung, einer Unterbrechung, einer Fehlfunktion, Hardware- oder Software-Inkompatibilit\u00e4t oder dem m\u00f6glichen Vorhandensein von Viren ergeben.<br \/>\nHyperlinks zu Websites Dritter werden zu Informationszwecken bereitgestellt; VILLA LA FLORANGERIE hat keine Kontrolle \u00fcber diese Websites und \u00fcbernimmt keine Verantwortung f\u00fcr deren Inhalte.<\/p>\n<p><strong>Personenbezogene Daten<\/strong><\/p>\n<p>Personenbezogene Daten, die \u00fcber die Website erhoben werden k\u00f6nnen, werden gem\u00e4\u00df den geltenden Vorschriften verarbeitet, insbesondere gem\u00e4\u00df der Verordnung (EU) 2016\/679 vom 27. April 2016 (DSGVO) sowie dem ge\u00e4nderten franz\u00f6sischen Datenschutzgesetz (\u201eInformatique et Libert\u00e9s\u201c).<\/p>\n<p>Verantwortlicher f\u00fcr die Datenverarbeitung ist die Gesellschaft VILLA LA FLORANGERIE.<br \/>\nDie Daten werden zur Bearbeitung von Anfragen, Reservierungen, Kundenbeziehungen und gegebenenfalls f\u00fcr kommerzielle Kommunikation erhoben.<\/p>\n<p>Jede Person hat das Recht auf Auskunft, Berichtigung, L\u00f6schung, Einschr\u00e4nkung, Widerspruch und Daten\u00fcbertragbarkeit ihrer Daten.<br \/>\nDiese Rechte k\u00f6nnen durch eine Anfrage an die oben angegebene Kontaktadresse ausge\u00fcbt werden.<br \/>\nWeitere Informationen finden sich in der auf der Website zug\u00e4nglichen Datenschutzerkl\u00e4rung.<\/p>\n<p><strong>Cookies<\/strong><\/p>\n<p>Die Website verwendet Cookies und andere Tracker.<br \/>\nBeim ersten Besuch erm\u00f6glicht ein Banner dem Nutzer, Cookies gem\u00e4\u00df den Empfehlungen der CNIL zu akzeptieren, abzulehnen oder zu konfigurieren.<br \/>\nDie getroffenen Einstellungen k\u00f6nnen jederzeit \u00fcber das auf der Website verf\u00fcgbare Cookie-Verwaltungsmodul ge\u00e4ndert werden.<\/p>\n<p><strong>Verbraucherschlichtung<\/strong><\/p>\n<p>Gem\u00e4\u00df den Artikeln L.612-1 ff. des franz\u00f6sischen Verbrauchergesetzbuches kann der Verbraucher kostenlos einen Verbrauchermediator zur g\u00fctlichen Beilegung einer Streitigkeit in Anspruch nehmen.<br \/>\nZust\u00e4ndiger Mediator:<br \/>\nCentre de la M\u00e9diation de la Consommation \u2013 CM2C<br \/>\n49 Rue de Ponthieu, 75008 Paris, Frankreich<br \/>\nTelefon: +33 1 89 47 00 14<br \/>\nE-Mail: cm2c@cm2c.net<br \/>\nWebsite: <a href=\"https:\/\/www.cm2c.net\/\">https:\/\/www.cm2c.net\/<\/a><\/p>\n<p>(Alternativer Mediator:<br \/>\nCNPM M\u00e9diation Consommation<br \/>\n27 Avenue de la Lib\u00e9ration, 42400 Saint-Chamond<br \/>\nTelefon: +33 9 83 24 74 88<br \/>\nWebsite: <a href=\"https:\/\/www.cnpm-mediation-consommation.eu\/\">https:\/\/www.cnpm-mediation-consommation.eu\/<\/a>)<\/p>\n","protected":false},"excerpt":{"rendered":"<p>Diese Website wird betrieben von VILLA LA FLORANGERIE, Betreiber eines Hotels in Stra\u00dfburg. Die auf dieser Website bereitgestellten Informationen dienen ausschlie\u00dflich Informationszwecken und k\u00f6nnen \u00c4nderungen unterliegen. VILLA LA FLORANGERIE bem\u00fcht sich, die Richtigkeit und Aktualit\u00e4t der ver\u00f6ffentlichten Inhalte sicherzustellen, kann jedoch deren Vollst\u00e4ndigkeit oder Fehlerfreiheit nicht garantieren. Der Zugriff auf diese Website und deren Nutzung [&hellip;]<\/p>\n","protected":false},"author":13,"featured_media":0,"parent":0,"menu_order":12,"comment_status":"closed","ping_status":"closed","template":"template-default-3.php","meta":{"footnotes":""},"class_list":["post-445","page","type-page","status-publish","hentry"],"yoast_head":"<!-- This site is optimized with the Yoast SEO plugin v26.9 - https:\/\/yoast.com\/product\/yoast-seo-wordpress\/ -->\n<title>Impressum | Villa La Florangerie<\/title>\n<meta name=\"description\" content=\"Rechtliche Hinweise und Datenschutzerkl\u00e4rung der Villa La Florangerie. Informationen zu Ihrem 4-Sterne-Hotel in Stra\u00dfburg.\" \/>\n<meta name=\"robots\" content=\"index, follow, max-snippet:-1, max-image-preview:large, max-video-preview:-1\" \/>\n<link rel=\"canonical\" href=\"https:\/\/www.villalaflorangerie.com\/de\/villa-la-florangerie-rechtliche-hinweise\/\" \/>\n<meta property=\"og:locale\" content=\"de_DE\" \/>\n<meta property=\"og:type\" content=\"article\" \/>\n<meta property=\"og:title\" content=\"Impressum | Villa La Florangerie\" \/>\n<meta property=\"og:description\" content=\"Rechtliche Hinweise und Datenschutzerkl\u00e4rung der Villa La Florangerie. Informationen zu Ihrem 4-Sterne-Hotel in Stra\u00dfburg.\" \/>\n<meta property=\"og:url\" content=\"https:\/\/www.villalaflorangerie.com\/de\/villa-la-florangerie-rechtliche-hinweise\/\" \/>\n<meta property=\"og:site_name\" content=\"Villa la Florangerie\" \/>\n<meta property=\"article:modified_time\" content=\"2026-02-18T14:21:53+00:00\" \/>\n<meta name=\"twitter:card\" content=\"summary_large_image\" \/>\n<meta name=\"twitter:label1\" content=\"Est. reading time\" \/>\n\t<meta name=\"twitter:data1\" content=\"3\u00a0Minuten\" \/>\n<script type=\"application\/ld+json\" class=\"yoast-schema-graph\">{\"@context\":\"https:\/\/schema.org\",\"@graph\":[{\"@type\":\"WebPage\",\"@id\":\"https:\/\/www.villalaflorangerie.com\/de\/villa-la-florangerie-rechtliche-hinweise\/\",\"url\":\"https:\/\/www.villalaflorangerie.com\/de\/villa-la-florangerie-rechtliche-hinweise\/\",\"name\":\"Impressum | Villa La Florangerie\",\"isPartOf\":{\"@id\":\"https:\/\/www.villalaflorangerie.com\/de\/#website\"},\"datePublished\":\"2026-01-22T15:45:18+00:00\",\"dateModified\":\"2026-02-18T14:21:53+00:00\",\"description\":\"Rechtliche Hinweise und Datenschutzerkl\u00e4rung der Villa La Florangerie. Informationen zu Ihrem 4-Sterne-Hotel in Stra\u00dfburg.\",\"breadcrumb\":{\"@id\":\"https:\/\/www.villalaflorangerie.com\/de\/villa-la-florangerie-rechtliche-hinweise\/#breadcrumb\"},\"inLanguage\":\"de\",\"potentialAction\":[{\"@type\":\"ReadAction\",\"target\":[\"https:\/\/www.villalaflorangerie.com\/de\/villa-la-florangerie-rechtliche-hinweise\/\"]}]},{\"@type\":\"BreadcrumbList\",\"@id\":\"https:\/\/www.villalaflorangerie.com\/de\/villa-la-florangerie-rechtliche-hinweise\/#breadcrumb\",\"itemListElement\":[{\"@type\":\"ListItem\",\"position\":1,\"name\":\"Home\",\"item\":\"https:\/\/www.villalaflorangerie.com\/de\/\"},{\"@type\":\"ListItem\",\"position\":2,\"name\":\"Villa La Florangerie \u2013 Rechtliche Hinweise\"}]},{\"@type\":\"WebSite\",\"@id\":\"https:\/\/www.villalaflorangerie.com\/de\/#website\",\"url\":\"https:\/\/www.villalaflorangerie.com\/de\/\",\"name\":\"Villa la Florangerie\",\"description\":\"\",\"potentialAction\":[{\"@type\":\"SearchAction\",\"target\":{\"@type\":\"EntryPoint\",\"urlTemplate\":\"https:\/\/www.villalaflorangerie.com\/de\/?s={search_term_string}\"},\"query-input\":{\"@type\":\"PropertyValueSpecification\",\"valueRequired\":true,\"valueName\":\"search_term_string\"}}],\"inLanguage\":\"de\"}]}<\/script>\n<!-- \/ Yoast SEO plugin. -->","yoast_head_json":{"title":"Impressum | Villa La Florangerie","description":"Rechtliche Hinweise und Datenschutzerkl\u00e4rung der Villa La Florangerie. Informationen zu Ihrem 4-Sterne-Hotel in Stra\u00dfburg.","robots":{"index":"index","follow":"follow","max-snippet":"max-snippet:-1","max-image-preview":"max-image-preview:large","max-video-preview":"max-video-preview:-1"},"canonical":"https:\/\/www.villalaflorangerie.com\/de\/villa-la-florangerie-rechtliche-hinweise\/","og_locale":"de_DE","og_type":"article","og_title":"Impressum | Villa La Florangerie","og_description":"Rechtliche Hinweise und Datenschutzerkl\u00e4rung der Villa La Florangerie. Informationen zu Ihrem 4-Sterne-Hotel in Stra\u00dfburg.","og_url":"https:\/\/www.villalaflorangerie.com\/de\/villa-la-florangerie-rechtliche-hinweise\/","og_site_name":"Villa la Florangerie","article_modified_time":"2026-02-18T14:21:53+00:00","twitter_card":"summary_large_image","twitter_misc":{"Est. reading time":"3\u00a0Minuten"},"schema":{"@context":"https:\/\/schema.org","@graph":[{"@type":"WebPage","@id":"https:\/\/www.villalaflorangerie.com\/de\/villa-la-florangerie-rechtliche-hinweise\/","url":"https:\/\/www.villalaflorangerie.com\/de\/villa-la-florangerie-rechtliche-hinweise\/","name":"Impressum | Villa La Florangerie","isPartOf":{"@id":"https:\/\/www.villalaflorangerie.com\/de\/#website"},"datePublished":"2026-01-22T15:45:18+00:00","dateModified":"2026-02-18T14:21:53+00:00","description":"Rechtliche Hinweise und Datenschutzerkl\u00e4rung der Villa La Florangerie. Informationen zu Ihrem 4-Sterne-Hotel in Stra\u00dfburg.","breadcrumb":{"@id":"https:\/\/www.villalaflorangerie.com\/de\/villa-la-florangerie-rechtliche-hinweise\/#breadcrumb"},"inLanguage":"de","potentialAction":[{"@type":"ReadAction","target":["https:\/\/www.villalaflorangerie.com\/de\/villa-la-florangerie-rechtliche-hinweise\/"]}]},{"@type":"BreadcrumbList","@id":"https:\/\/www.villalaflorangerie.com\/de\/villa-la-florangerie-rechtliche-hinweise\/#breadcrumb","itemListElement":[{"@type":"ListItem","position":1,"name":"Home","item":"https:\/\/www.villalaflorangerie.com\/de\/"},{"@type":"ListItem","position":2,"name":"Villa La Florangerie \u2013 Rechtliche Hinweise"}]},{"@type":"WebSite","@id":"https:\/\/www.villalaflorangerie.com\/de\/#website","url":"https:\/\/www.villalaflorangerie.com\/de\/","name":"Villa la Florangerie","description":"","potentialAction":[{"@type":"SearchAction","target":{"@type":"EntryPoint","urlTemplate":"https:\/\/www.villalaflorangerie.com\/de\/?s={search_term_string}"},"query-input":{"@type":"PropertyValueSpecification","valueRequired":true,"valueName":"search_term_string"}}],"inLanguage":"de"}]}},"acf":[],"_links":{"self":[{"href":"https:\/\/www.villalaflorangerie.com\/de\/wp-json\/wp\/v2\/pages\/445","targetHints":{"allow":["GET"]}}],"collection":[{"href":"https:\/\/www.villalaflorangerie.com\/de\/wp-json\/wp\/v2\/pages"}],"about":[{"href":"https:\/\/www.villalaflorangerie.com\/de\/wp-json\/wp\/v2\/types\/page"}],"author":[{"embeddable":true,"href":"https:\/\/www.villalaflorangerie.com\/de\/wp-json\/wp\/v2\/users\/13"}],"replies":[{"embeddable":true,"href":"https:\/\/www.villalaflorangerie.com\/de\/wp-json\/wp\/v2\/comments?post=445"}],"version-history":[{"count":0,"href":"https:\/\/www.villalaflorangerie.com\/de\/wp-json\/wp\/v2\/pages\/445\/revisions"}],"wp:attachment":[{"href":"https:\/\/www.villalaflorangerie.com\/de\/wp-json\/wp\/v2\/media?parent=445"}],"curies":[{"name":"wp","href":"https:\/\/api.w.org\/{rel}","templated":true}]}}