{"id":444,"date":"2026-01-22T10:12:51","date_gmt":"2026-01-22T10:12:51","guid":{"rendered":"https:\/\/villa-la-florangerie.ms3.decms.eu\/une-adresse-confidentielle-au-coeur-de-strasbourg\/"},"modified":"2026-02-18T13:54:07","modified_gmt":"2026-02-18T13:54:07","slug":"eine-vertrauliche-adresse-im-herzen-von-strassburg","status":"publish","type":"page","link":"https:\/\/www.villalaflorangerie.com\/de\/eine-vertrauliche-adresse-im-herzen-von-strassburg\/","title":{"rendered":"Eine vertrauliche Adresse im Herzen von Stra\u00dfburg"},"content":{"rendered":"<p style=\"text-align: center;\"><strong>Willkommen in der Villa La Florangerie<\/strong>, einer eleganten Villa aus den 1950er-Jahren, idyllisch gelegen gegen\u00fcber dem Parc de l\u2019Orangerie. Vollst\u00e4ndig renoviert im Jahr 2019, empf\u00e4ngt Sie dieses intime <strong>Boutique Hotel in Stra\u00dfburg<\/strong> mit einer ruhigen und raffinierten Atmosph\u00e4re \u2013 ideal f\u00fcr eine erholsame Auszeit in einem der charmantesten <strong>Hotels in Stra\u00dfburg, Frankreich.<\/strong><\/p>\n<p style=\"text-align: center;\">In einem begehrten Wohnviertel gelegen, nur wenige Minuten vom Europ\u00e4ischen Parlament entfernt, ist unser <strong>4-Sterne Hotel in Stra\u00dfburg<\/strong> der perfekte Ausgangspunkt, um die Stadt zu entdecken. Als stilvolles Haus unter den <strong>Hotels in Stra\u00dfburg 4 Sterne<\/strong> verbindet die Villa La Florangerie Komfort, Eleganz und eine privilegierte Lage nahe den europ\u00e4ischen Institutionen.<\/p>\n","protected":false},"excerpt":{"rendered":"<p>Willkommen in der Villa La Florangerie, einer eleganten Villa aus den 1950er-Jahren, idyllisch gelegen gegen\u00fcber dem Parc de l\u2019Orangerie. Vollst\u00e4ndig renoviert im Jahr 2019, empf\u00e4ngt Sie dieses intime Boutique Hotel in Stra\u00dfburg mit einer ruhigen und raffinierten Atmosph\u00e4re \u2013 ideal f\u00fcr eine erholsame Auszeit in einem der charmantesten Hotels in Stra\u00dfburg, Frankreich. In einem begehrten [&hellip;]<\/p>\n","protected":false},"author":13,"featured_media":0,"parent":0,"menu_order":11,"comment_status":"closed","ping_status":"closed","template":"template-default-2.php","meta":{"footnotes":""},"class_list":["post-444","page","type-page","status-publish","hentry"],"yoast_head":"<!-- This site is optimized with the Yoast SEO plugin v26.9 - https:\/\/yoast.com\/product\/yoast-seo-wordpress\/ -->\n<title>Stra\u00dfburg Boutique Hotel | Villa La Florangerie<\/title>\n<meta name=\"description\" content=\"Mehr als ein Boutique Hotel in Stra\u00dfburg: Entdecken Sie stilvolle Zimmer, ruhige G\u00e4rten und ein einzigartiges Ambiente f\u00fcr einen entspannten Aufenthalt.\" \/>\n<meta name=\"robots\" content=\"index, follow, max-snippet:-1, max-image-preview:large, max-video-preview:-1\" \/>\n<link rel=\"canonical\" href=\"https:\/\/www.villalaflorangerie.com\/de\/eine-vertrauliche-adresse-im-herzen-von-strassburg\/\" \/>\n<meta property=\"og:locale\" content=\"de_DE\" \/>\n<meta property=\"og:type\" content=\"article\" \/>\n<meta property=\"og:title\" content=\"Stra\u00dfburg Boutique Hotel | Villa La Florangerie\" \/>\n<meta property=\"og:description\" content=\"Mehr als ein Boutique Hotel in Stra\u00dfburg: Entdecken Sie stilvolle Zimmer, ruhige G\u00e4rten und ein einzigartiges Ambiente f\u00fcr einen entspannten Aufenthalt.\" \/>\n<meta property=\"og:url\" content=\"https:\/\/www.villalaflorangerie.com\/de\/eine-vertrauliche-adresse-im-herzen-von-strassburg\/\" \/>\n<meta property=\"og:site_name\" content=\"Villa la Florangerie\" \/>\n<meta property=\"article:modified_time\" content=\"2026-02-18T13:54:07+00:00\" \/>\n<meta name=\"twitter:card\" content=\"summary_large_image\" \/>\n<meta name=\"twitter:label1\" content=\"Est. reading time\" \/>\n\t<meta name=\"twitter:data1\" content=\"1\u00a0Minute\" \/>\n<script type=\"application\/ld+json\" class=\"yoast-schema-graph\">{\"@context\":\"https:\/\/schema.org\",\"@graph\":[{\"@type\":\"WebPage\",\"@id\":\"https:\/\/www.villalaflorangerie.com\/de\/eine-vertrauliche-adresse-im-herzen-von-strassburg\/\",\"url\":\"https:\/\/www.villalaflorangerie.com\/de\/eine-vertrauliche-adresse-im-herzen-von-strassburg\/\",\"name\":\"Stra\u00dfburg Boutique Hotel | Villa La Florangerie\",\"isPartOf\":{\"@id\":\"https:\/\/www.villalaflorangerie.com\/de\/#website\"},\"datePublished\":\"2026-01-22T10:12:51+00:00\",\"dateModified\":\"2026-02-18T13:54:07+00:00\",\"description\":\"Mehr als ein Boutique Hotel in Stra\u00dfburg: Entdecken Sie stilvolle Zimmer, ruhige G\u00e4rten und ein einzigartiges Ambiente f\u00fcr einen entspannten Aufenthalt.\",\"breadcrumb\":{\"@id\":\"https:\/\/www.villalaflorangerie.com\/de\/eine-vertrauliche-adresse-im-herzen-von-strassburg\/#breadcrumb\"},\"inLanguage\":\"de\",\"potentialAction\":[{\"@type\":\"ReadAction\",\"target\":[\"https:\/\/www.villalaflorangerie.com\/de\/eine-vertrauliche-adresse-im-herzen-von-strassburg\/\"]}]},{\"@type\":\"BreadcrumbList\",\"@id\":\"https:\/\/www.villalaflorangerie.com\/de\/eine-vertrauliche-adresse-im-herzen-von-strassburg\/#breadcrumb\",\"itemListElement\":[{\"@type\":\"ListItem\",\"position\":1,\"name\":\"Home\",\"item\":\"https:\/\/www.villalaflorangerie.com\/de\/\"},{\"@type\":\"ListItem\",\"position\":2,\"name\":\"Eine vertrauliche Adresse im Herzen von Stra\u00dfburg\"}]},{\"@type\":\"WebSite\",\"@id\":\"https:\/\/www.villalaflorangerie.com\/de\/#website\",\"url\":\"https:\/\/www.villalaflorangerie.com\/de\/\",\"name\":\"Villa la Florangerie\",\"description\":\"\",\"potentialAction\":[{\"@type\":\"SearchAction\",\"target\":{\"@type\":\"EntryPoint\",\"urlTemplate\":\"https:\/\/www.villalaflorangerie.com\/de\/?s={search_term_string}\"},\"query-input\":{\"@type\":\"PropertyValueSpecification\",\"valueRequired\":true,\"valueName\":\"search_term_string\"}}],\"inLanguage\":\"de\"}]}<\/script>\n<!-- \/ Yoast SEO plugin. -->","yoast_head_json":{"title":"Stra\u00dfburg Boutique Hotel | Villa La Florangerie","description":"Mehr als ein Boutique Hotel in Stra\u00dfburg: Entdecken Sie stilvolle Zimmer, ruhige G\u00e4rten und ein einzigartiges Ambiente f\u00fcr einen entspannten Aufenthalt.","robots":{"index":"index","follow":"follow","max-snippet":"max-snippet:-1","max-image-preview":"max-image-preview:large","max-video-preview":"max-video-preview:-1"},"canonical":"https:\/\/www.villalaflorangerie.com\/de\/eine-vertrauliche-adresse-im-herzen-von-strassburg\/","og_locale":"de_DE","og_type":"article","og_title":"Stra\u00dfburg Boutique Hotel | Villa La Florangerie","og_description":"Mehr als ein Boutique Hotel in Stra\u00dfburg: Entdecken Sie stilvolle Zimmer, ruhige G\u00e4rten und ein einzigartiges Ambiente f\u00fcr einen entspannten Aufenthalt.","og_url":"https:\/\/www.villalaflorangerie.com\/de\/eine-vertrauliche-adresse-im-herzen-von-strassburg\/","og_site_name":"Villa la Florangerie","article_modified_time":"2026-02-18T13:54:07+00:00","twitter_card":"summary_large_image","twitter_misc":{"Est. reading time":"1\u00a0Minute"},"schema":{"@context":"https:\/\/schema.org","@graph":[{"@type":"WebPage","@id":"https:\/\/www.villalaflorangerie.com\/de\/eine-vertrauliche-adresse-im-herzen-von-strassburg\/","url":"https:\/\/www.villalaflorangerie.com\/de\/eine-vertrauliche-adresse-im-herzen-von-strassburg\/","name":"Stra\u00dfburg Boutique Hotel | Villa La Florangerie","isPartOf":{"@id":"https:\/\/www.villalaflorangerie.com\/de\/#website"},"datePublished":"2026-01-22T10:12:51+00:00","dateModified":"2026-02-18T13:54:07+00:00","description":"Mehr als ein Boutique Hotel in Stra\u00dfburg: Entdecken Sie stilvolle Zimmer, ruhige G\u00e4rten und ein einzigartiges Ambiente f\u00fcr einen entspannten Aufenthalt.","breadcrumb":{"@id":"https:\/\/www.villalaflorangerie.com\/de\/eine-vertrauliche-adresse-im-herzen-von-strassburg\/#breadcrumb"},"inLanguage":"de","potentialAction":[{"@type":"ReadAction","target":["https:\/\/www.villalaflorangerie.com\/de\/eine-vertrauliche-adresse-im-herzen-von-strassburg\/"]}]},{"@type":"BreadcrumbList","@id":"https:\/\/www.villalaflorangerie.com\/de\/eine-vertrauliche-adresse-im-herzen-von-strassburg\/#breadcrumb","itemListElement":[{"@type":"ListItem","position":1,"name":"Home","item":"https:\/\/www.villalaflorangerie.com\/de\/"},{"@type":"ListItem","position":2,"name":"Eine vertrauliche Adresse im Herzen von Stra\u00dfburg"}]},{"@type":"WebSite","@id":"https:\/\/www.villalaflorangerie.com\/de\/#website","url":"https:\/\/www.villalaflorangerie.com\/de\/","name":"Villa la Florangerie","description":"","potentialAction":[{"@type":"SearchAction","target":{"@type":"EntryPoint","urlTemplate":"https:\/\/www.villalaflorangerie.com\/de\/?s={search_term_string}"},"query-input":{"@type":"PropertyValueSpecification","valueRequired":true,"valueName":"search_term_string"}}],"inLanguage":"de"}]}},"acf":[],"_links":{"self":[{"href":"https:\/\/www.villalaflorangerie.com\/de\/wp-json\/wp\/v2\/pages\/444","targetHints":{"allow":["GET"]}}],"collection":[{"href":"https:\/\/www.villalaflorangerie.com\/de\/wp-json\/wp\/v2\/pages"}],"about":[{"href":"https:\/\/www.villalaflorangerie.com\/de\/wp-json\/wp\/v2\/types\/page"}],"author":[{"embeddable":true,"href":"https:\/\/www.villalaflorangerie.com\/de\/wp-json\/wp\/v2\/users\/13"}],"replies":[{"embeddable":true,"href":"https:\/\/www.villalaflorangerie.com\/de\/wp-json\/wp\/v2\/comments?post=444"}],"version-history":[{"count":0,"href":"https:\/\/www.villalaflorangerie.com\/de\/wp-json\/wp\/v2\/pages\/444\/revisions"}],"wp:attachment":[{"href":"https:\/\/www.villalaflorangerie.com\/de\/wp-json\/wp\/v2\/media?parent=444"}],"curies":[{"name":"wp","href":"https:\/\/api.w.org\/{rel}","templated":true}]}}