{"id":443,"date":"2026-01-22T10:15:11","date_gmt":"2026-01-22T10:15:11","guid":{"rendered":"https:\/\/villa-la-florangerie.ms3.decms.eu\/notre-engagement-environnemental\/"},"modified":"2026-02-18T13:58:36","modified_gmt":"2026-02-18T13:58:36","slug":"unser-engagement-fuer-die-umwelt","status":"publish","type":"page","link":"https:\/\/www.villalaflorangerie.com\/de\/unser-engagement-fuer-die-umwelt\/","title":{"rendered":"Unser Engagement f\u00fcr die Umwelt"},"content":{"rendered":"<p style=\"text-align: center;\">In der <strong>Villa La Florangerie<\/strong>, Ihrem <strong>Boutique Hotel in Stra\u00dfburg<\/strong>, verpflichten wir uns vollst\u00e4ndig zu einem nachhaltigen Entwicklungsansatz. Im Bewusstsein unseres \u00f6kologischen Fu\u00dfabdrucks haben wir f\u00fcr 2022 eine umfassende Analyse durchgef\u00fchrt, um unsere Praktiken besser zu steuern und kontinuierlich zu verbessern.<\/p>\n<p style=\"text-align: center;\">Wir sind stolz darauf, das <strong>Green Key-Zertifikat<\/strong> erhalten zu haben \u2013 die f\u00fchrende internationale Umweltzertifizierung f\u00fcr touristische Unterk\u00fcnfte. Diese Auszeichnung w\u00fcrdigt unsere Bem\u00fchungen, die au\u00dfergew\u00f6hnliche nat\u00fcrliche Umgebung unseres <strong>Hotels in Stra\u00dfburg, Frankreich<\/strong>, direkt gegen\u00fcber dem Parc de l\u2019Orangerie, zu bewahren.<\/p>\n<p style=\"text-align: center;\">Jeden Tag setzen wir konkrete Ma\u00dfnahmen um: Reduzierung des Wasser- und Energieverbrauchs, verantwortungsbewusste Abfallwirtschaft, Auswahl engagierter Partner und Sensibilisierung unserer Teams.<\/p>\n<p style=\"text-align: center;\">Unser Ziel? Ihnen einen komfortablen, eleganten und umweltbewussten Aufenthalt in unserem <strong>4-Sterne Hotel in Stra\u00dfburg<\/strong> zu bieten, das Wellness, Design und Nachhaltigkeit auf einzigartige Weise vereint \u2013 eines der besten <strong>Spa Hotels im Elsass<\/strong>.<\/p>\n","protected":false},"excerpt":{"rendered":"<p>In der Villa La Florangerie, Ihrem Boutique Hotel in Stra\u00dfburg, verpflichten wir uns vollst\u00e4ndig zu einem nachhaltigen Entwicklungsansatz. Im Bewusstsein unseres \u00f6kologischen Fu\u00dfabdrucks haben wir f\u00fcr 2022 eine umfassende Analyse durchgef\u00fchrt, um unsere Praktiken besser zu steuern und kontinuierlich zu verbessern. Wir sind stolz darauf, das Green Key-Zertifikat erhalten zu haben \u2013 die f\u00fchrende internationale [&hellip;]<\/p>\n","protected":false},"author":13,"featured_media":0,"parent":0,"menu_order":10,"comment_status":"closed","ping_status":"closed","template":"template-default-2.php","meta":{"footnotes":""},"class_list":["post-443","page","type-page","status-publish","hentry"],"yoast_head":"<!-- This site is optimized with the Yoast SEO plugin v26.9 - https:\/\/yoast.com\/product\/yoast-seo-wordpress\/ -->\n<title>Nachhaltiger Tourismus &amp; Green Key | Villa La Florangerie<\/title>\n<meta name=\"description\" content=\"Hochwertige Gastfreundschaft und Umweltschutz in einem: Dieses Green Key-zertifizierte Hotel in Stra\u00dfburg bietet erstklassige Annehmlichkeiten.\" \/>\n<meta name=\"robots\" content=\"index, follow, max-snippet:-1, max-image-preview:large, max-video-preview:-1\" \/>\n<link rel=\"canonical\" href=\"https:\/\/www.villalaflorangerie.com\/de\/unser-engagement-fuer-die-umwelt\/\" \/>\n<meta property=\"og:locale\" content=\"de_DE\" \/>\n<meta property=\"og:type\" content=\"article\" \/>\n<meta property=\"og:title\" content=\"Nachhaltiger Tourismus &amp; Green Key | Villa La Florangerie\" \/>\n<meta property=\"og:description\" content=\"Hochwertige Gastfreundschaft und Umweltschutz in einem: Dieses Green Key-zertifizierte Hotel in Stra\u00dfburg bietet erstklassige Annehmlichkeiten.\" \/>\n<meta property=\"og:url\" content=\"https:\/\/www.villalaflorangerie.com\/de\/unser-engagement-fuer-die-umwelt\/\" \/>\n<meta property=\"og:site_name\" content=\"Villa la Florangerie\" \/>\n<meta property=\"article:modified_time\" content=\"2026-02-18T13:58:36+00:00\" \/>\n<meta name=\"twitter:card\" content=\"summary_large_image\" \/>\n<meta name=\"twitter:label1\" content=\"Est. reading time\" \/>\n\t<meta name=\"twitter:data1\" content=\"1\u00a0Minute\" \/>\n<script type=\"application\/ld+json\" class=\"yoast-schema-graph\">{\"@context\":\"https:\/\/schema.org\",\"@graph\":[{\"@type\":\"WebPage\",\"@id\":\"https:\/\/www.villalaflorangerie.com\/de\/unser-engagement-fuer-die-umwelt\/\",\"url\":\"https:\/\/www.villalaflorangerie.com\/de\/unser-engagement-fuer-die-umwelt\/\",\"name\":\"Nachhaltiger Tourismus & Green Key | Villa La Florangerie\",\"isPartOf\":{\"@id\":\"https:\/\/www.villalaflorangerie.com\/de\/#website\"},\"datePublished\":\"2026-01-22T10:15:11+00:00\",\"dateModified\":\"2026-02-18T13:58:36+00:00\",\"description\":\"Hochwertige Gastfreundschaft und Umweltschutz in einem: Dieses Green Key-zertifizierte Hotel in Stra\u00dfburg bietet erstklassige Annehmlichkeiten.\",\"breadcrumb\":{\"@id\":\"https:\/\/www.villalaflorangerie.com\/de\/unser-engagement-fuer-die-umwelt\/#breadcrumb\"},\"inLanguage\":\"de\",\"potentialAction\":[{\"@type\":\"ReadAction\",\"target\":[\"https:\/\/www.villalaflorangerie.com\/de\/unser-engagement-fuer-die-umwelt\/\"]}]},{\"@type\":\"BreadcrumbList\",\"@id\":\"https:\/\/www.villalaflorangerie.com\/de\/unser-engagement-fuer-die-umwelt\/#breadcrumb\",\"itemListElement\":[{\"@type\":\"ListItem\",\"position\":1,\"name\":\"Home\",\"item\":\"https:\/\/www.villalaflorangerie.com\/de\/\"},{\"@type\":\"ListItem\",\"position\":2,\"name\":\"Unser Engagement f\u00fcr die Umwelt\"}]},{\"@type\":\"WebSite\",\"@id\":\"https:\/\/www.villalaflorangerie.com\/de\/#website\",\"url\":\"https:\/\/www.villalaflorangerie.com\/de\/\",\"name\":\"Villa la Florangerie\",\"description\":\"\",\"potentialAction\":[{\"@type\":\"SearchAction\",\"target\":{\"@type\":\"EntryPoint\",\"urlTemplate\":\"https:\/\/www.villalaflorangerie.com\/de\/?s={search_term_string}\"},\"query-input\":{\"@type\":\"PropertyValueSpecification\",\"valueRequired\":true,\"valueName\":\"search_term_string\"}}],\"inLanguage\":\"de\"}]}<\/script>\n<!-- \/ Yoast SEO plugin. -->","yoast_head_json":{"title":"Nachhaltiger Tourismus & Green Key | Villa La Florangerie","description":"Hochwertige Gastfreundschaft und Umweltschutz in einem: Dieses Green Key-zertifizierte Hotel in Stra\u00dfburg bietet erstklassige Annehmlichkeiten.","robots":{"index":"index","follow":"follow","max-snippet":"max-snippet:-1","max-image-preview":"max-image-preview:large","max-video-preview":"max-video-preview:-1"},"canonical":"https:\/\/www.villalaflorangerie.com\/de\/unser-engagement-fuer-die-umwelt\/","og_locale":"de_DE","og_type":"article","og_title":"Nachhaltiger Tourismus & Green Key | Villa La Florangerie","og_description":"Hochwertige Gastfreundschaft und Umweltschutz in einem: Dieses Green Key-zertifizierte Hotel in Stra\u00dfburg bietet erstklassige Annehmlichkeiten.","og_url":"https:\/\/www.villalaflorangerie.com\/de\/unser-engagement-fuer-die-umwelt\/","og_site_name":"Villa la Florangerie","article_modified_time":"2026-02-18T13:58:36+00:00","twitter_card":"summary_large_image","twitter_misc":{"Est. reading time":"1\u00a0Minute"},"schema":{"@context":"https:\/\/schema.org","@graph":[{"@type":"WebPage","@id":"https:\/\/www.villalaflorangerie.com\/de\/unser-engagement-fuer-die-umwelt\/","url":"https:\/\/www.villalaflorangerie.com\/de\/unser-engagement-fuer-die-umwelt\/","name":"Nachhaltiger Tourismus & Green Key | Villa La Florangerie","isPartOf":{"@id":"https:\/\/www.villalaflorangerie.com\/de\/#website"},"datePublished":"2026-01-22T10:15:11+00:00","dateModified":"2026-02-18T13:58:36+00:00","description":"Hochwertige Gastfreundschaft und Umweltschutz in einem: Dieses Green Key-zertifizierte Hotel in Stra\u00dfburg bietet erstklassige Annehmlichkeiten.","breadcrumb":{"@id":"https:\/\/www.villalaflorangerie.com\/de\/unser-engagement-fuer-die-umwelt\/#breadcrumb"},"inLanguage":"de","potentialAction":[{"@type":"ReadAction","target":["https:\/\/www.villalaflorangerie.com\/de\/unser-engagement-fuer-die-umwelt\/"]}]},{"@type":"BreadcrumbList","@id":"https:\/\/www.villalaflorangerie.com\/de\/unser-engagement-fuer-die-umwelt\/#breadcrumb","itemListElement":[{"@type":"ListItem","position":1,"name":"Home","item":"https:\/\/www.villalaflorangerie.com\/de\/"},{"@type":"ListItem","position":2,"name":"Unser Engagement f\u00fcr die Umwelt"}]},{"@type":"WebSite","@id":"https:\/\/www.villalaflorangerie.com\/de\/#website","url":"https:\/\/www.villalaflorangerie.com\/de\/","name":"Villa la Florangerie","description":"","potentialAction":[{"@type":"SearchAction","target":{"@type":"EntryPoint","urlTemplate":"https:\/\/www.villalaflorangerie.com\/de\/?s={search_term_string}"},"query-input":{"@type":"PropertyValueSpecification","valueRequired":true,"valueName":"search_term_string"}}],"inLanguage":"de"}]}},"acf":[],"_links":{"self":[{"href":"https:\/\/www.villalaflorangerie.com\/de\/wp-json\/wp\/v2\/pages\/443","targetHints":{"allow":["GET"]}}],"collection":[{"href":"https:\/\/www.villalaflorangerie.com\/de\/wp-json\/wp\/v2\/pages"}],"about":[{"href":"https:\/\/www.villalaflorangerie.com\/de\/wp-json\/wp\/v2\/types\/page"}],"author":[{"embeddable":true,"href":"https:\/\/www.villalaflorangerie.com\/de\/wp-json\/wp\/v2\/users\/13"}],"replies":[{"embeddable":true,"href":"https:\/\/www.villalaflorangerie.com\/de\/wp-json\/wp\/v2\/comments?post=443"}],"version-history":[{"count":0,"href":"https:\/\/www.villalaflorangerie.com\/de\/wp-json\/wp\/v2\/pages\/443\/revisions"}],"wp:attachment":[{"href":"https:\/\/www.villalaflorangerie.com\/de\/wp-json\/wp\/v2\/media?parent=443"}],"curies":[{"name":"wp","href":"https:\/\/api.w.org\/{rel}","templated":true}]}}