{"id":442,"date":"2026-01-22T15:37:44","date_gmt":"2026-01-22T15:37:44","guid":{"rendered":"https:\/\/villa-la-florangerie.ms3.decms.eu\/contact\/"},"modified":"2026-02-18T13:47:12","modified_gmt":"2026-02-18T13:47:12","slug":"kontakt","status":"publish","type":"page","link":"https:\/\/www.villalaflorangerie.com\/de\/kontakt\/","title":{"rendered":"Kontakt"},"content":{"rendered":"<p style=\"text-align: center;\">Wir beantworten gerne all Ihre Fragen und helfen Ihnen, Ihren Aufenthalt in der <strong>Villa La Florangerie<\/strong>, einem <strong>4-Sterne Boutique Hotel in Stra\u00dfburg<\/strong>, zu planen. F\u00fcr Reservierungen oder weitere Informationen kontaktieren Sie uns bitte per E-Mail unter <a href=\"mailto:resa@villalaflorangerie.com\">resa@villalaflorangerie.com<\/a> oder telefonisch unter <a href=\"tel:+33 3 90 40 40 90\">+33 3 90 40 40 90<\/a>.<\/p>\n<p style=\"text-align: center;\">Unser Hotel in Stra\u00dfburg liegt ideal im Herzen der Stadt, in der <strong>Rue Westercamp 11, 67000 Stra\u00dfburg<\/strong>, nur wenige Schritte von den wichtigsten Sehensw\u00fcrdigkeiten und gr\u00fcnen Oasen entfernt. Wir freuen uns darauf, Sie in unserem <strong>4-Sterne Boutique Hotel in Stra\u00dfburg, Frankreich<\/strong>, willkommen zu hei\u00dfen und Ihnen einen unvergesslichen Aufenthalt zu erm\u00f6glichen.<\/p>\n<p style=\"text-align: center;\">\n                <div class='gf_browser_gecko gform_wrapper' id='gform_wrapper_3' ><form method='post' enctype='multipart\/form-data'  id='gform_3'  action='\/de\/wp-json\/wp\/v2\/pages\/442'>\n                        <div class='gform_heading'>\n                            <span class='gform_description'><\/span>\n                        <\/div>\n                        <div class='gform_body'><ul id='gform_fields_3' class='gform_fields top_label form_sublabel_below description_below'><li id='field_3_1'  class='gfield gfield_contains_required field_sublabel_below field_description_below gfield_visibility_visible' ><label class='gfield_label' for='input_3_1' >Name<span class='gfield_required'>*<\/span><\/label><div class='ginput_container ginput_container_text'><input name='input_1' id='input_3_1' type='text' value='' class='medium'     aria-required=\"true\" aria-invalid=\"false\" \/><\/div><\/li><li id='field_3_2'  class='gfield gfield_contains_required field_sublabel_below field_description_below gfield_visibility_visible' ><label class='gfield_label' for='input_3_2' >Vorname<span class='gfield_required'>*<\/span><\/label><div class='ginput_container ginput_container_text'><input name='input_2' id='input_3_2' type='text' value='' class='medium'     aria-required=\"true\" aria-invalid=\"false\" \/><\/div><\/li><li id='field_3_3'  class='gfield gfield_contains_required field_sublabel_below field_description_below gfield_visibility_visible' ><label class='gfield_label' for='input_3_3' >Telefon<span class='gfield_required'>*<\/span><\/label><div class='ginput_container ginput_container_phone'><input name='input_3' id='input_3_3' type='text' value='' class='medium'   aria-required=\"true\" aria-invalid=\"false\"  \/><\/div><\/li><li id='field_3_4'  class='gfield gfield_contains_required field_sublabel_below field_description_below gfield_visibility_visible' ><label class='gfield_label' for='input_3_4' >E-Mail<span class='gfield_required'>*<\/span><\/label><div class='ginput_container ginput_container_email'>\n                            <input name='input_4' id='input_3_4' type='text' value='' class='medium'    aria-required=\"true\" aria-invalid=\"false\" \/>\n                        <\/div><\/li><li id='field_3_6'  class='gfield gfield_contains_required field_sublabel_below field_description_below gfield_visibility_visible' ><label class='gfield_label' for='input_3_6' >Ihre Nachricht<span class='gfield_required'>*<\/span><\/label><div class='ginput_container ginput_container_textarea'><textarea name='input_6' id='input_3_6' class='textarea medium'     aria-required=\"true\" aria-invalid=\"false\"   rows='10' cols='50'><\/textarea><\/div><\/li><li id='field_3_5'  class='gfield field_sublabel_below field_description_below gfield_visibility_visible' ><label class='gfield_label' for='input_3_5' >CAPTCHA<\/label><div id='input_3_5' class='ginput_container ginput_recaptcha' data-sitekey='6Lc4x1MsAAAAAAuaYlrqX644hRHM4pcr-BZPM0Xv'  data-theme='light' data-tabindex='0'  data-badge=''><\/div><\/li><li id='field_3_7'  class='gfield gform_validation_container field_sublabel_below field_description_below gfield_visibility_visible' ><label class='gfield_label' for='input_3_7' >Name<\/label><div class='ginput_container'><input name='input_7' id='input_3_7' type='text' value='' \/><\/div><div class='gfield_description' id='gfield_description_3_7'>Dieses Feld dient zur Validierung und sollte nicht ver\u00e4ndert werden.<\/div><\/li>\n                            <\/ul><\/div>\n        <div class='gform_footer top_label'> <input type='submit' id='gform_submit_button_3' class='gform_button button' value='Einreichen'  onclick='if(window[\"gf_submitting_3\"]){return false;}  window[\"gf_submitting_3\"]=true;  ' onkeypress='if( event.keyCode == 13 ){ if(window[\"gf_submitting_3\"]){return false;} window[\"gf_submitting_3\"]=true;  jQuery(\"#gform_3\").trigger(\"submit\",[true]); }' \/> \n            <input type='hidden' class='gform_hidden' name='is_submit_3' value='1' \/>\n            <input type='hidden' class='gform_hidden' name='gform_submit' value='3' \/>\n            \n            <input type='hidden' class='gform_hidden' name='gform_unique_id' value='' \/>\n            <input type='hidden' class='gform_hidden' name='state_3' value='WyJbXSIsIjRlYWM4NjFjNWMyZTRhNzBmYWZkNzdkN2NlNGRhZGFlIl0=' \/>\n            <input type='hidden' class='gform_hidden' name='gform_target_page_number_3' id='gform_target_page_number_3' value='0' \/>\n            <input type='hidden' class='gform_hidden' name='gform_source_page_number_3' id='gform_source_page_number_3' value='1' \/>\n            <input type='hidden' name='gform_field_values' value='' \/>\n            \n        <\/div>\n                        <\/form>\n                        <\/div><script type='text\/javascript'> jQuery(document).bind('gform_post_render', function(event, formId, currentPage){if(formId == 3) {} } );jQuery(document).bind('gform_post_conditional_logic', function(event, formId, fields, isInit){} );<\/script><script type='text\/javascript'> jQuery(document).ready(function(){jQuery(document).trigger('gform_post_render', [3, 1]) } ); <\/script><\/p>\n","protected":false},"excerpt":{"rendered":"<p>Wir beantworten gerne all Ihre Fragen und helfen Ihnen, Ihren Aufenthalt in der Villa La Florangerie, einem 4-Sterne Boutique Hotel in Stra\u00dfburg, zu planen. F\u00fcr Reservierungen oder weitere Informationen kontaktieren Sie uns bitte per E-Mail unter resa@villalaflorangerie.com oder telefonisch unter +33 3 90 40 40 90. Unser Hotel in Stra\u00dfburg liegt ideal im Herzen der [&hellip;]<\/p>\n","protected":false},"author":13,"featured_media":0,"parent":0,"menu_order":9,"comment_status":"closed","ping_status":"closed","template":"template-contacts.php","meta":{"footnotes":""},"class_list":["post-442","page","type-page","status-publish","hentry"],"yoast_head":"<!-- This site is optimized with the Yoast SEO plugin v26.9 - https:\/\/yoast.com\/product\/yoast-seo-wordpress\/ -->\n<title>Wellness Hotel im Elsass | Villa La Florangerie<\/title>\n<meta name=\"description\" content=\"Unser Wellnesshotel im Elsass befindet sich im Stadtteil Orangerie in Stra\u00dfburg, nur wenige Schritte vom Park entfernt.\" \/>\n<meta name=\"robots\" content=\"index, follow, max-snippet:-1, max-image-preview:large, max-video-preview:-1\" \/>\n<link rel=\"canonical\" href=\"https:\/\/www.villalaflorangerie.com\/de\/kontakt\/\" \/>\n<meta property=\"og:locale\" content=\"de_DE\" \/>\n<meta property=\"og:type\" content=\"article\" \/>\n<meta property=\"og:title\" content=\"Wellness Hotel im Elsass | Villa La Florangerie\" \/>\n<meta property=\"og:description\" content=\"Unser Wellnesshotel im Elsass befindet sich im Stadtteil Orangerie in Stra\u00dfburg, nur wenige Schritte vom Park entfernt.\" \/>\n<meta property=\"og:url\" content=\"https:\/\/www.villalaflorangerie.com\/de\/kontakt\/\" \/>\n<meta property=\"og:site_name\" content=\"Villa la Florangerie\" \/>\n<meta property=\"article:modified_time\" content=\"2026-02-18T13:47:12+00:00\" \/>\n<meta name=\"twitter:card\" content=\"summary_large_image\" \/>\n<meta name=\"twitter:label1\" content=\"Est. reading time\" \/>\n\t<meta name=\"twitter:data1\" content=\"1\u00a0Minute\" \/>\n<script type=\"application\/ld+json\" class=\"yoast-schema-graph\">{\"@context\":\"https:\/\/schema.org\",\"@graph\":[{\"@type\":\"WebPage\",\"@id\":\"https:\/\/www.villalaflorangerie.com\/de\/kontakt\/\",\"url\":\"https:\/\/www.villalaflorangerie.com\/de\/kontakt\/\",\"name\":\"Wellness Hotel im Elsass | Villa La Florangerie\",\"isPartOf\":{\"@id\":\"https:\/\/www.villalaflorangerie.com\/de\/#website\"},\"datePublished\":\"2026-01-22T15:37:44+00:00\",\"dateModified\":\"2026-02-18T13:47:12+00:00\",\"description\":\"Unser Wellnesshotel im Elsass befindet sich im Stadtteil Orangerie in Stra\u00dfburg, nur wenige Schritte vom Park entfernt.\",\"breadcrumb\":{\"@id\":\"https:\/\/www.villalaflorangerie.com\/de\/kontakt\/#breadcrumb\"},\"inLanguage\":\"de\",\"potentialAction\":[{\"@type\":\"ReadAction\",\"target\":[\"https:\/\/www.villalaflorangerie.com\/de\/kontakt\/\"]}]},{\"@type\":\"BreadcrumbList\",\"@id\":\"https:\/\/www.villalaflorangerie.com\/de\/kontakt\/#breadcrumb\",\"itemListElement\":[{\"@type\":\"ListItem\",\"position\":1,\"name\":\"Home\",\"item\":\"https:\/\/www.villalaflorangerie.com\/de\/\"},{\"@type\":\"ListItem\",\"position\":2,\"name\":\"Kontakt\"}]},{\"@type\":\"WebSite\",\"@id\":\"https:\/\/www.villalaflorangerie.com\/de\/#website\",\"url\":\"https:\/\/www.villalaflorangerie.com\/de\/\",\"name\":\"Villa la Florangerie\",\"description\":\"\",\"potentialAction\":[{\"@type\":\"SearchAction\",\"target\":{\"@type\":\"EntryPoint\",\"urlTemplate\":\"https:\/\/www.villalaflorangerie.com\/de\/?s={search_term_string}\"},\"query-input\":{\"@type\":\"PropertyValueSpecification\",\"valueRequired\":true,\"valueName\":\"search_term_string\"}}],\"inLanguage\":\"de\"}]}<\/script>\n<!-- \/ Yoast SEO plugin. -->","yoast_head_json":{"title":"Wellness Hotel im Elsass | Villa La Florangerie","description":"Unser Wellnesshotel im Elsass befindet sich im Stadtteil Orangerie in Stra\u00dfburg, nur wenige Schritte vom Park entfernt.","robots":{"index":"index","follow":"follow","max-snippet":"max-snippet:-1","max-image-preview":"max-image-preview:large","max-video-preview":"max-video-preview:-1"},"canonical":"https:\/\/www.villalaflorangerie.com\/de\/kontakt\/","og_locale":"de_DE","og_type":"article","og_title":"Wellness Hotel im Elsass | Villa La Florangerie","og_description":"Unser Wellnesshotel im Elsass befindet sich im Stadtteil Orangerie in Stra\u00dfburg, nur wenige Schritte vom Park entfernt.","og_url":"https:\/\/www.villalaflorangerie.com\/de\/kontakt\/","og_site_name":"Villa la Florangerie","article_modified_time":"2026-02-18T13:47:12+00:00","twitter_card":"summary_large_image","twitter_misc":{"Est. reading time":"1\u00a0Minute"},"schema":{"@context":"https:\/\/schema.org","@graph":[{"@type":"WebPage","@id":"https:\/\/www.villalaflorangerie.com\/de\/kontakt\/","url":"https:\/\/www.villalaflorangerie.com\/de\/kontakt\/","name":"Wellness Hotel im Elsass | Villa La Florangerie","isPartOf":{"@id":"https:\/\/www.villalaflorangerie.com\/de\/#website"},"datePublished":"2026-01-22T15:37:44+00:00","dateModified":"2026-02-18T13:47:12+00:00","description":"Unser Wellnesshotel im Elsass befindet sich im Stadtteil Orangerie in Stra\u00dfburg, nur wenige Schritte vom Park entfernt.","breadcrumb":{"@id":"https:\/\/www.villalaflorangerie.com\/de\/kontakt\/#breadcrumb"},"inLanguage":"de","potentialAction":[{"@type":"ReadAction","target":["https:\/\/www.villalaflorangerie.com\/de\/kontakt\/"]}]},{"@type":"BreadcrumbList","@id":"https:\/\/www.villalaflorangerie.com\/de\/kontakt\/#breadcrumb","itemListElement":[{"@type":"ListItem","position":1,"name":"Home","item":"https:\/\/www.villalaflorangerie.com\/de\/"},{"@type":"ListItem","position":2,"name":"Kontakt"}]},{"@type":"WebSite","@id":"https:\/\/www.villalaflorangerie.com\/de\/#website","url":"https:\/\/www.villalaflorangerie.com\/de\/","name":"Villa la Florangerie","description":"","potentialAction":[{"@type":"SearchAction","target":{"@type":"EntryPoint","urlTemplate":"https:\/\/www.villalaflorangerie.com\/de\/?s={search_term_string}"},"query-input":{"@type":"PropertyValueSpecification","valueRequired":true,"valueName":"search_term_string"}}],"inLanguage":"de"}]}},"acf":[],"_links":{"self":[{"href":"https:\/\/www.villalaflorangerie.com\/de\/wp-json\/wp\/v2\/pages\/442","targetHints":{"allow":["GET"]}}],"collection":[{"href":"https:\/\/www.villalaflorangerie.com\/de\/wp-json\/wp\/v2\/pages"}],"about":[{"href":"https:\/\/www.villalaflorangerie.com\/de\/wp-json\/wp\/v2\/types\/page"}],"author":[{"embeddable":true,"href":"https:\/\/www.villalaflorangerie.com\/de\/wp-json\/wp\/v2\/users\/13"}],"replies":[{"embeddable":true,"href":"https:\/\/www.villalaflorangerie.com\/de\/wp-json\/wp\/v2\/comments?post=442"}],"version-history":[{"count":0,"href":"https:\/\/www.villalaflorangerie.com\/de\/wp-json\/wp\/v2\/pages\/442\/revisions"}],"wp:attachment":[{"href":"https:\/\/www.villalaflorangerie.com\/de\/wp-json\/wp\/v2\/media?parent=442"}],"curies":[{"name":"wp","href":"https:\/\/api.w.org\/{rel}","templated":true}]}}