{"id":441,"date":"2026-01-22T15:36:24","date_gmt":"2026-01-22T15:36:24","guid":{"rendered":"https:\/\/villa-la-florangerie.ms3.decms.eu\/notre-galerie-photo\/"},"modified":"2026-02-23T08:44:13","modified_gmt":"2026-02-23T08:44:13","slug":"fotogalerie","status":"publish","type":"page","link":"https:\/\/www.villalaflorangerie.com\/de\/fotogalerie\/","title":{"rendered":"Fotogalerie"},"content":{"rendered":"<p style=\"text-align: center;\">Entdecken Sie die Eleganz und den Charme der <strong>Villa La Florangerie<\/strong>, einem<strong> 4-Sterne Boutique Hotel in Stra\u00dfburg<\/strong>, durch unsere Fotogalerie. Von den stilvollen Zimmern \u00fcber den <strong>Wellnessbereich<\/strong>, unsere Pools bis hin zur malerischen Umgebung \u2013 lassen Sie sich von den Bildern inspirieren und erleben Sie die einzigartige Atmosph\u00e4re, die Sie in unserem <strong>Boutique Hotel in Stra\u00dfburg<\/strong> erwartet.<\/p>\n<p style=\"text-align: center;\">Jedes Foto l\u00e4dt zum Tr\u00e4umen ein und hilft Ihnen dabei, Ihren Aufenthalt in einem der charmantesten <strong>4-Sterne Hotels in Stra\u00dfburg, Frankreich<\/strong>, zu planen.<\/p>\n","protected":false},"excerpt":{"rendered":"<p>Entdecken Sie die Eleganz und den Charme der Villa La Florangerie, einem 4-Sterne Boutique Hotel in Stra\u00dfburg, durch unsere Fotogalerie. Von den stilvollen Zimmern \u00fcber den Wellnessbereich, unsere Pools bis hin zur malerischen Umgebung \u2013 lassen Sie sich von den Bildern inspirieren und erleben Sie die einzigartige Atmosph\u00e4re, die Sie in unserem Boutique Hotel in [&hellip;]<\/p>\n","protected":false},"author":13,"featured_media":0,"parent":0,"menu_order":8,"comment_status":"closed","ping_status":"closed","template":"template-gallery.php","meta":{"footnotes":""},"class_list":["post-441","page","type-page","status-publish","hentry"],"yoast_head":"<!-- This site is optimized with the Yoast SEO plugin v26.9 - https:\/\/yoast.com\/product\/yoast-seo-wordpress\/ -->\n<title>Fotogalerie \u2013 Boutique-Hotel in Stra\u00dfburg | Boutique Hotel Stra\u00dfburg<\/title>\n<meta name=\"description\" content=\"Lassen Sie sich von dem herzlichen Ambiente unseres Hotels in Stra\u00dfburg verzaubern, unsere Bilder geben Ihnen einen ersten Eindruck unserer Villa.\" \/>\n<meta name=\"robots\" content=\"index, follow, max-snippet:-1, max-image-preview:large, max-video-preview:-1\" \/>\n<link rel=\"canonical\" href=\"https:\/\/www.villalaflorangerie.com\/de\/fotogalerie\/\" \/>\n<meta property=\"og:locale\" content=\"de_DE\" \/>\n<meta property=\"og:type\" content=\"article\" \/>\n<meta property=\"og:title\" content=\"Fotogalerie \u2013 Boutique-Hotel in Stra\u00dfburg | Boutique Hotel Stra\u00dfburg\" \/>\n<meta property=\"og:description\" content=\"Lassen Sie sich von dem herzlichen Ambiente unseres Hotels in Stra\u00dfburg verzaubern, unsere Bilder geben Ihnen einen ersten Eindruck unserer Villa.\" \/>\n<meta property=\"og:url\" content=\"https:\/\/www.villalaflorangerie.com\/de\/fotogalerie\/\" \/>\n<meta property=\"og:site_name\" content=\"Villa la Florangerie\" \/>\n<meta property=\"article:modified_time\" content=\"2026-02-23T08:44:13+00:00\" \/>\n<meta name=\"twitter:card\" content=\"summary_large_image\" \/>\n<meta name=\"twitter:label1\" content=\"Est. reading time\" \/>\n\t<meta name=\"twitter:data1\" content=\"1\u00a0Minute\" \/>\n<script type=\"application\/ld+json\" class=\"yoast-schema-graph\">{\"@context\":\"https:\/\/schema.org\",\"@graph\":[{\"@type\":\"WebPage\",\"@id\":\"https:\/\/www.villalaflorangerie.com\/de\/fotogalerie\/\",\"url\":\"https:\/\/www.villalaflorangerie.com\/de\/fotogalerie\/\",\"name\":\"Fotogalerie \u2013 Boutique-Hotel in Stra\u00dfburg | Boutique Hotel Stra\u00dfburg\",\"isPartOf\":{\"@id\":\"https:\/\/www.villalaflorangerie.com\/de\/#website\"},\"datePublished\":\"2026-01-22T15:36:24+00:00\",\"dateModified\":\"2026-02-23T08:44:13+00:00\",\"description\":\"Lassen Sie sich von dem herzlichen Ambiente unseres Hotels in Stra\u00dfburg verzaubern, unsere Bilder geben Ihnen einen ersten Eindruck unserer Villa.\",\"breadcrumb\":{\"@id\":\"https:\/\/www.villalaflorangerie.com\/de\/fotogalerie\/#breadcrumb\"},\"inLanguage\":\"de\",\"potentialAction\":[{\"@type\":\"ReadAction\",\"target\":[\"https:\/\/www.villalaflorangerie.com\/de\/fotogalerie\/\"]}]},{\"@type\":\"BreadcrumbList\",\"@id\":\"https:\/\/www.villalaflorangerie.com\/de\/fotogalerie\/#breadcrumb\",\"itemListElement\":[{\"@type\":\"ListItem\",\"position\":1,\"name\":\"Home\",\"item\":\"https:\/\/www.villalaflorangerie.com\/de\/\"},{\"@type\":\"ListItem\",\"position\":2,\"name\":\"Fotogalerie\"}]},{\"@type\":\"WebSite\",\"@id\":\"https:\/\/www.villalaflorangerie.com\/de\/#website\",\"url\":\"https:\/\/www.villalaflorangerie.com\/de\/\",\"name\":\"Villa la Florangerie\",\"description\":\"\",\"potentialAction\":[{\"@type\":\"SearchAction\",\"target\":{\"@type\":\"EntryPoint\",\"urlTemplate\":\"https:\/\/www.villalaflorangerie.com\/de\/?s={search_term_string}\"},\"query-input\":{\"@type\":\"PropertyValueSpecification\",\"valueRequired\":true,\"valueName\":\"search_term_string\"}}],\"inLanguage\":\"de\"}]}<\/script>\n<!-- \/ Yoast SEO plugin. -->","yoast_head_json":{"title":"Fotogalerie \u2013 Boutique-Hotel in Stra\u00dfburg | Boutique Hotel Stra\u00dfburg","description":"Lassen Sie sich von dem herzlichen Ambiente unseres Hotels in Stra\u00dfburg verzaubern, unsere Bilder geben Ihnen einen ersten Eindruck unserer Villa.","robots":{"index":"index","follow":"follow","max-snippet":"max-snippet:-1","max-image-preview":"max-image-preview:large","max-video-preview":"max-video-preview:-1"},"canonical":"https:\/\/www.villalaflorangerie.com\/de\/fotogalerie\/","og_locale":"de_DE","og_type":"article","og_title":"Fotogalerie \u2013 Boutique-Hotel in Stra\u00dfburg | Boutique Hotel Stra\u00dfburg","og_description":"Lassen Sie sich von dem herzlichen Ambiente unseres Hotels in Stra\u00dfburg verzaubern, unsere Bilder geben Ihnen einen ersten Eindruck unserer Villa.","og_url":"https:\/\/www.villalaflorangerie.com\/de\/fotogalerie\/","og_site_name":"Villa la Florangerie","article_modified_time":"2026-02-23T08:44:13+00:00","twitter_card":"summary_large_image","twitter_misc":{"Est. reading time":"1\u00a0Minute"},"schema":{"@context":"https:\/\/schema.org","@graph":[{"@type":"WebPage","@id":"https:\/\/www.villalaflorangerie.com\/de\/fotogalerie\/","url":"https:\/\/www.villalaflorangerie.com\/de\/fotogalerie\/","name":"Fotogalerie \u2013 Boutique-Hotel in Stra\u00dfburg | Boutique Hotel Stra\u00dfburg","isPartOf":{"@id":"https:\/\/www.villalaflorangerie.com\/de\/#website"},"datePublished":"2026-01-22T15:36:24+00:00","dateModified":"2026-02-23T08:44:13+00:00","description":"Lassen Sie sich von dem herzlichen Ambiente unseres Hotels in Stra\u00dfburg verzaubern, unsere Bilder geben Ihnen einen ersten Eindruck unserer Villa.","breadcrumb":{"@id":"https:\/\/www.villalaflorangerie.com\/de\/fotogalerie\/#breadcrumb"},"inLanguage":"de","potentialAction":[{"@type":"ReadAction","target":["https:\/\/www.villalaflorangerie.com\/de\/fotogalerie\/"]}]},{"@type":"BreadcrumbList","@id":"https:\/\/www.villalaflorangerie.com\/de\/fotogalerie\/#breadcrumb","itemListElement":[{"@type":"ListItem","position":1,"name":"Home","item":"https:\/\/www.villalaflorangerie.com\/de\/"},{"@type":"ListItem","position":2,"name":"Fotogalerie"}]},{"@type":"WebSite","@id":"https:\/\/www.villalaflorangerie.com\/de\/#website","url":"https:\/\/www.villalaflorangerie.com\/de\/","name":"Villa la Florangerie","description":"","potentialAction":[{"@type":"SearchAction","target":{"@type":"EntryPoint","urlTemplate":"https:\/\/www.villalaflorangerie.com\/de\/?s={search_term_string}"},"query-input":{"@type":"PropertyValueSpecification","valueRequired":true,"valueName":"search_term_string"}}],"inLanguage":"de"}]}},"acf":[],"_links":{"self":[{"href":"https:\/\/www.villalaflorangerie.com\/de\/wp-json\/wp\/v2\/pages\/441","targetHints":{"allow":["GET"]}}],"collection":[{"href":"https:\/\/www.villalaflorangerie.com\/de\/wp-json\/wp\/v2\/pages"}],"about":[{"href":"https:\/\/www.villalaflorangerie.com\/de\/wp-json\/wp\/v2\/types\/page"}],"author":[{"embeddable":true,"href":"https:\/\/www.villalaflorangerie.com\/de\/wp-json\/wp\/v2\/users\/13"}],"replies":[{"embeddable":true,"href":"https:\/\/www.villalaflorangerie.com\/de\/wp-json\/wp\/v2\/comments?post=441"}],"version-history":[{"count":0,"href":"https:\/\/www.villalaflorangerie.com\/de\/wp-json\/wp\/v2\/pages\/441\/revisions"}],"wp:attachment":[{"href":"https:\/\/www.villalaflorangerie.com\/de\/wp-json\/wp\/v2\/media?parent=441"}],"curies":[{"name":"wp","href":"https:\/\/api.w.org\/{rel}","templated":true}]}}