{"id":436,"date":"2026-01-22T15:35:24","date_gmt":"2026-01-22T15:35:24","guid":{"rendered":"https:\/\/villa-la-florangerie.ms3.decms.eu\/moments-a-strasbourg\/aux-alentours\/"},"modified":"2026-02-20T12:21:22","modified_gmt":"2026-02-20T12:21:22","slug":"umgebung","status":"publish","type":"page","link":"https:\/\/www.villalaflorangerie.com\/de\/momente-in-strassburg\/umgebung\/","title":{"rendered":"Umgebung"},"content":{"rendered":"<p style=\"text-align: center;\">\u00dcbernachten Sie in der <strong>Villa La Florangerie<\/strong>, einem <strong>4-Sterne Spa Hotel in Stra\u00dfburg<\/strong>, ideal gelegen nur wenige Schritte vom <strong>Orangerie-Park<\/strong> und dem <strong>Pavillon Jos\u00e9phine<\/strong> entfernt. Genie\u00dfen Sie die von B\u00e4umen ges\u00e4umten Wege, beobachten Sie die Schw\u00e4ne und entspannen Sie in dieser ruhigen Umgebung, abseits des Trubels der Stadt.<\/p>\n<p style=\"text-align: center;\">Unser <strong>Hotel in der N\u00e4he des Orangerie-Parks in Stra\u00dfburg<\/strong> bietet Ihnen privilegierten Zugang zu diesem Naturparadies, w\u00e4hrend Sie gleichzeitig die wichtigsten Sehensw\u00fcrdigkeiten der Stadt bequem erreichen. Ob als Paar, mit der Familie oder f\u00fcr einen Freizeitaufenthalt \u2013 unser Boutique-<strong>Hotel in Stra\u00dfburg<\/strong> garantiert Ruhe, Komfort und ein einzigartiges Eintauchen in die Sch\u00f6nheit der Stadt. Eine unvergleichliche Erfahrung, die Entspannung und Entdeckung harmonisch verbindet.<\/p>\n<p>&nbsp;<\/p>\n","protected":false},"excerpt":{"rendered":"<p>\u00dcbernachten Sie in der Villa La Florangerie, einem 4-Sterne Spa Hotel in Stra\u00dfburg, ideal gelegen nur wenige Schritte vom Orangerie-Park und dem Pavillon Jos\u00e9phine entfernt. Genie\u00dfen Sie die von B\u00e4umen ges\u00e4umten Wege, beobachten Sie die Schw\u00e4ne und entspannen Sie in dieser ruhigen Umgebung, abseits des Trubels der Stadt. Unser Hotel in der N\u00e4he des Orangerie-Parks [&hellip;]<\/p>\n","protected":false},"author":13,"featured_media":0,"parent":433,"menu_order":0,"comment_status":"closed","ping_status":"closed","template":"template-location.php","meta":{"footnotes":""},"class_list":["post-436","page","type-page","status-publish","hentry"],"yoast_head":"<!-- This site is optimized with the Yoast SEO plugin v26.9 - https:\/\/yoast.com\/product\/yoast-seo-wordpress\/ -->\n<title>Hotel in der N\u00e4he des Orangerie-Parks Stra\u00dfburg | Villa La Florangerie<\/title>\n<meta name=\"description\" content=\"Hotel in der N\u00e4he des Orangerieparks: Dank unserer privilegierten Lage in der N\u00e4he des Pavillon Jos\u00e9phine haben Sie direkten Zugang zu den Alleen des Parks.\" \/>\n<meta name=\"robots\" content=\"index, follow, max-snippet:-1, max-image-preview:large, max-video-preview:-1\" \/>\n<link rel=\"canonical\" href=\"https:\/\/www.villalaflorangerie.com\/de\/momente-in-strassburg\/umgebung\/\" \/>\n<meta property=\"og:locale\" content=\"de_DE\" \/>\n<meta property=\"og:type\" content=\"article\" \/>\n<meta property=\"og:title\" content=\"Hotel in der N\u00e4he des Orangerie-Parks Stra\u00dfburg | Villa La Florangerie\" \/>\n<meta property=\"og:description\" content=\"Hotel in der N\u00e4he des Orangerieparks: Dank unserer privilegierten Lage in der N\u00e4he des Pavillon Jos\u00e9phine haben Sie direkten Zugang zu den Alleen des Parks.\" \/>\n<meta property=\"og:url\" content=\"https:\/\/www.villalaflorangerie.com\/de\/momente-in-strassburg\/umgebung\/\" \/>\n<meta property=\"og:site_name\" content=\"Villa la Florangerie\" \/>\n<meta property=\"article:modified_time\" content=\"2026-02-20T12:21:22+00:00\" \/>\n<meta name=\"twitter:card\" content=\"summary_large_image\" \/>\n<meta name=\"twitter:label1\" content=\"Est. reading time\" \/>\n\t<meta name=\"twitter:data1\" content=\"1\u00a0Minute\" \/>\n<script type=\"application\/ld+json\" class=\"yoast-schema-graph\">{\"@context\":\"https:\/\/schema.org\",\"@graph\":[{\"@type\":\"WebPage\",\"@id\":\"https:\/\/www.villalaflorangerie.com\/de\/momente-in-strassburg\/umgebung\/\",\"url\":\"https:\/\/www.villalaflorangerie.com\/de\/momente-in-strassburg\/umgebung\/\",\"name\":\"Hotel in der N\u00e4he des Orangerie-Parks Stra\u00dfburg | Villa La Florangerie\",\"isPartOf\":{\"@id\":\"https:\/\/www.villalaflorangerie.com\/de\/#website\"},\"datePublished\":\"2026-01-22T15:35:24+00:00\",\"dateModified\":\"2026-02-20T12:21:22+00:00\",\"description\":\"Hotel in der N\u00e4he des Orangerieparks: Dank unserer privilegierten Lage in der N\u00e4he des Pavillon Jos\u00e9phine haben Sie direkten Zugang zu den Alleen des Parks.\",\"breadcrumb\":{\"@id\":\"https:\/\/www.villalaflorangerie.com\/de\/momente-in-strassburg\/umgebung\/#breadcrumb\"},\"inLanguage\":\"de\",\"potentialAction\":[{\"@type\":\"ReadAction\",\"target\":[\"https:\/\/www.villalaflorangerie.com\/de\/momente-in-strassburg\/umgebung\/\"]}]},{\"@type\":\"BreadcrumbList\",\"@id\":\"https:\/\/www.villalaflorangerie.com\/de\/momente-in-strassburg\/umgebung\/#breadcrumb\",\"itemListElement\":[{\"@type\":\"ListItem\",\"position\":1,\"name\":\"Home\",\"item\":\"https:\/\/www.villalaflorangerie.com\/de\/\"},{\"@type\":\"ListItem\",\"position\":2,\"name\":\"Momente in Stra\u00dfburg\",\"item\":\"https:\/\/www.villalaflorangerie.com\/de\/momente-in-strassburg\/\"},{\"@type\":\"ListItem\",\"position\":3,\"name\":\"Umgebung\"}]},{\"@type\":\"WebSite\",\"@id\":\"https:\/\/www.villalaflorangerie.com\/de\/#website\",\"url\":\"https:\/\/www.villalaflorangerie.com\/de\/\",\"name\":\"Villa la Florangerie\",\"description\":\"\",\"potentialAction\":[{\"@type\":\"SearchAction\",\"target\":{\"@type\":\"EntryPoint\",\"urlTemplate\":\"https:\/\/www.villalaflorangerie.com\/de\/?s={search_term_string}\"},\"query-input\":{\"@type\":\"PropertyValueSpecification\",\"valueRequired\":true,\"valueName\":\"search_term_string\"}}],\"inLanguage\":\"de\"}]}<\/script>\n<!-- \/ Yoast SEO plugin. -->","yoast_head_json":{"title":"Hotel in der N\u00e4he des Orangerie-Parks Stra\u00dfburg | Villa La Florangerie","description":"Hotel in der N\u00e4he des Orangerieparks: Dank unserer privilegierten Lage in der N\u00e4he des Pavillon Jos\u00e9phine haben Sie direkten Zugang zu den Alleen des Parks.","robots":{"index":"index","follow":"follow","max-snippet":"max-snippet:-1","max-image-preview":"max-image-preview:large","max-video-preview":"max-video-preview:-1"},"canonical":"https:\/\/www.villalaflorangerie.com\/de\/momente-in-strassburg\/umgebung\/","og_locale":"de_DE","og_type":"article","og_title":"Hotel in der N\u00e4he des Orangerie-Parks Stra\u00dfburg | Villa La Florangerie","og_description":"Hotel in der N\u00e4he des Orangerieparks: Dank unserer privilegierten Lage in der N\u00e4he des Pavillon Jos\u00e9phine haben Sie direkten Zugang zu den Alleen des Parks.","og_url":"https:\/\/www.villalaflorangerie.com\/de\/momente-in-strassburg\/umgebung\/","og_site_name":"Villa la Florangerie","article_modified_time":"2026-02-20T12:21:22+00:00","twitter_card":"summary_large_image","twitter_misc":{"Est. reading time":"1\u00a0Minute"},"schema":{"@context":"https:\/\/schema.org","@graph":[{"@type":"WebPage","@id":"https:\/\/www.villalaflorangerie.com\/de\/momente-in-strassburg\/umgebung\/","url":"https:\/\/www.villalaflorangerie.com\/de\/momente-in-strassburg\/umgebung\/","name":"Hotel in der N\u00e4he des Orangerie-Parks Stra\u00dfburg | Villa La Florangerie","isPartOf":{"@id":"https:\/\/www.villalaflorangerie.com\/de\/#website"},"datePublished":"2026-01-22T15:35:24+00:00","dateModified":"2026-02-20T12:21:22+00:00","description":"Hotel in der N\u00e4he des Orangerieparks: Dank unserer privilegierten Lage in der N\u00e4he des Pavillon Jos\u00e9phine haben Sie direkten Zugang zu den Alleen des Parks.","breadcrumb":{"@id":"https:\/\/www.villalaflorangerie.com\/de\/momente-in-strassburg\/umgebung\/#breadcrumb"},"inLanguage":"de","potentialAction":[{"@type":"ReadAction","target":["https:\/\/www.villalaflorangerie.com\/de\/momente-in-strassburg\/umgebung\/"]}]},{"@type":"BreadcrumbList","@id":"https:\/\/www.villalaflorangerie.com\/de\/momente-in-strassburg\/umgebung\/#breadcrumb","itemListElement":[{"@type":"ListItem","position":1,"name":"Home","item":"https:\/\/www.villalaflorangerie.com\/de\/"},{"@type":"ListItem","position":2,"name":"Momente in Stra\u00dfburg","item":"https:\/\/www.villalaflorangerie.com\/de\/momente-in-strassburg\/"},{"@type":"ListItem","position":3,"name":"Umgebung"}]},{"@type":"WebSite","@id":"https:\/\/www.villalaflorangerie.com\/de\/#website","url":"https:\/\/www.villalaflorangerie.com\/de\/","name":"Villa la Florangerie","description":"","potentialAction":[{"@type":"SearchAction","target":{"@type":"EntryPoint","urlTemplate":"https:\/\/www.villalaflorangerie.com\/de\/?s={search_term_string}"},"query-input":{"@type":"PropertyValueSpecification","valueRequired":true,"valueName":"search_term_string"}}],"inLanguage":"de"}]}},"acf":[],"_links":{"self":[{"href":"https:\/\/www.villalaflorangerie.com\/de\/wp-json\/wp\/v2\/pages\/436","targetHints":{"allow":["GET"]}}],"collection":[{"href":"https:\/\/www.villalaflorangerie.com\/de\/wp-json\/wp\/v2\/pages"}],"about":[{"href":"https:\/\/www.villalaflorangerie.com\/de\/wp-json\/wp\/v2\/types\/page"}],"author":[{"embeddable":true,"href":"https:\/\/www.villalaflorangerie.com\/de\/wp-json\/wp\/v2\/users\/13"}],"replies":[{"embeddable":true,"href":"https:\/\/www.villalaflorangerie.com\/de\/wp-json\/wp\/v2\/comments?post=436"}],"version-history":[{"count":0,"href":"https:\/\/www.villalaflorangerie.com\/de\/wp-json\/wp\/v2\/pages\/436\/revisions"}],"up":[{"embeddable":true,"href":"https:\/\/www.villalaflorangerie.com\/de\/wp-json\/wp\/v2\/pages\/433"}],"wp:attachment":[{"href":"https:\/\/www.villalaflorangerie.com\/de\/wp-json\/wp\/v2\/media?parent=436"}],"curies":[{"name":"wp","href":"https:\/\/api.w.org\/{rel}","templated":true}]}}