{"id":435,"date":"2026-01-22T15:29:05","date_gmt":"2026-01-22T15:29:05","guid":{"rendered":"https:\/\/villa-la-florangerie.ms3.decms.eu\/moments-a-strasbourg\/business-institutions\/"},"modified":"2026-02-20T12:22:04","modified_gmt":"2026-02-20T12:22:04","slug":"wirtschaft-institutionen","status":"publish","type":"page","link":"https:\/\/www.villalaflorangerie.com\/de\/momente-in-strassburg\/wirtschaft-institutionen\/","title":{"rendered":"Wirtschaft &#038; Institutionen"},"content":{"rendered":"<p style=\"text-align: center;\">Die <strong>Villa La Florangerie<\/strong>, ein<strong> 4-Sterne Hotel in Stra\u00dfburg<\/strong>, verbindet Komfort und Praktikabilit\u00e4t f\u00fcr Ihre Gesch\u00e4ftsreisen in Stra\u00dfburg. Nur wenige Minuten vom <strong>Europ\u00e4ischen Parlament<\/strong> und dem <strong>Europarat<\/strong> entfernt, erm\u00f6glicht Ihnen unser Hotel, wertvolle Zeit zu sparen und gleichzeitig in einem eleganten Ambiente nach Ihren Meetings zu entspannen.<\/p>\n<p style=\"text-align: center;\">Unsere modernen und ger\u00e4umigen <strong>Hotelzimmer in Stra\u00dfburg<\/strong> bieten allen Komfort, den Sie zum Arbeiten oder Erholen ben\u00f6tigen. Ob f\u00fcr <strong>Konferenzen, gesch\u00e4ftliche Treffen<\/strong> oder <strong>kurzfristige Aufenthalte<\/strong>, unser <strong>Hotel nahe dem Europ\u00e4ischen Parlament in Stra\u00dfburg<\/strong> ist die ideale Wahl, um berufliche Verpflichtungen und Entspannung in einem stilvollen 4-Sterne Hotel in Stra\u00dfburg, Frankreich, perfekt zu verbinden.<\/p>\n<p>&nbsp;<\/p>\n","protected":false},"excerpt":{"rendered":"<p>Die Villa La Florangerie, ein 4-Sterne Hotel in Stra\u00dfburg, verbindet Komfort und Praktikabilit\u00e4t f\u00fcr Ihre Gesch\u00e4ftsreisen in Stra\u00dfburg. Nur wenige Minuten vom Europ\u00e4ischen Parlament und dem Europarat entfernt, erm\u00f6glicht Ihnen unser Hotel, wertvolle Zeit zu sparen und gleichzeitig in einem eleganten Ambiente nach Ihren Meetings zu entspannen. Unsere modernen und ger\u00e4umigen Hotelzimmer in Stra\u00dfburg bieten [&hellip;]<\/p>\n","protected":false},"author":13,"featured_media":0,"parent":433,"menu_order":1,"comment_status":"closed","ping_status":"closed","template":"template-location.php","meta":{"footnotes":""},"class_list":["post-435","page","type-page","status-publish","hentry"],"yoast_head":"<!-- This site is optimized with the Yoast SEO plugin v26.9 - https:\/\/yoast.com\/product\/yoast-seo-wordpress\/ -->\n<title>Hotel nahe EU-Parlament Stra\u00dfburg | Villa La Florangerie<\/title>\n<meta name=\"description\" content=\"Hotel in der N\u00e4he des Europ\u00e4ischen Parlaments in Stra\u00dfburg. Herausragende Lage f\u00fcr Gesch\u00e4ftsreisende, die Komfort und eine gute Anbindung zu sch\u00e4tzen wissen.\" \/>\n<meta name=\"robots\" content=\"index, follow, max-snippet:-1, max-image-preview:large, max-video-preview:-1\" \/>\n<link rel=\"canonical\" href=\"https:\/\/www.villalaflorangerie.com\/de\/momente-in-strassburg\/wirtschaft-institutionen\/\" \/>\n<meta property=\"og:locale\" content=\"de_DE\" \/>\n<meta property=\"og:type\" content=\"article\" \/>\n<meta property=\"og:title\" content=\"Hotel nahe EU-Parlament Stra\u00dfburg | Villa La Florangerie\" \/>\n<meta property=\"og:description\" content=\"Hotel in der N\u00e4he des Europ\u00e4ischen Parlaments in Stra\u00dfburg. Herausragende Lage f\u00fcr Gesch\u00e4ftsreisende, die Komfort und eine gute Anbindung zu sch\u00e4tzen wissen.\" \/>\n<meta property=\"og:url\" content=\"https:\/\/www.villalaflorangerie.com\/de\/momente-in-strassburg\/wirtschaft-institutionen\/\" \/>\n<meta property=\"og:site_name\" content=\"Villa la Florangerie\" \/>\n<meta property=\"article:modified_time\" content=\"2026-02-20T12:22:04+00:00\" \/>\n<meta name=\"twitter:card\" content=\"summary_large_image\" \/>\n<meta name=\"twitter:label1\" content=\"Est. reading time\" \/>\n\t<meta name=\"twitter:data1\" content=\"1\u00a0Minute\" \/>\n<script type=\"application\/ld+json\" class=\"yoast-schema-graph\">{\"@context\":\"https:\/\/schema.org\",\"@graph\":[{\"@type\":\"WebPage\",\"@id\":\"https:\/\/www.villalaflorangerie.com\/de\/momente-in-strassburg\/wirtschaft-institutionen\/\",\"url\":\"https:\/\/www.villalaflorangerie.com\/de\/momente-in-strassburg\/wirtschaft-institutionen\/\",\"name\":\"Hotel nahe EU-Parlament Stra\u00dfburg | Villa La Florangerie\",\"isPartOf\":{\"@id\":\"https:\/\/www.villalaflorangerie.com\/de\/#website\"},\"datePublished\":\"2026-01-22T15:29:05+00:00\",\"dateModified\":\"2026-02-20T12:22:04+00:00\",\"description\":\"Hotel in der N\u00e4he des Europ\u00e4ischen Parlaments in Stra\u00dfburg. Herausragende Lage f\u00fcr Gesch\u00e4ftsreisende, die Komfort und eine gute Anbindung zu sch\u00e4tzen wissen.\",\"breadcrumb\":{\"@id\":\"https:\/\/www.villalaflorangerie.com\/de\/momente-in-strassburg\/wirtschaft-institutionen\/#breadcrumb\"},\"inLanguage\":\"de\",\"potentialAction\":[{\"@type\":\"ReadAction\",\"target\":[\"https:\/\/www.villalaflorangerie.com\/de\/momente-in-strassburg\/wirtschaft-institutionen\/\"]}]},{\"@type\":\"BreadcrumbList\",\"@id\":\"https:\/\/www.villalaflorangerie.com\/de\/momente-in-strassburg\/wirtschaft-institutionen\/#breadcrumb\",\"itemListElement\":[{\"@type\":\"ListItem\",\"position\":1,\"name\":\"Home\",\"item\":\"https:\/\/www.villalaflorangerie.com\/de\/\"},{\"@type\":\"ListItem\",\"position\":2,\"name\":\"Momente in Stra\u00dfburg\",\"item\":\"https:\/\/www.villalaflorangerie.com\/de\/momente-in-strassburg\/\"},{\"@type\":\"ListItem\",\"position\":3,\"name\":\"Wirtschaft &#038; Institutionen\"}]},{\"@type\":\"WebSite\",\"@id\":\"https:\/\/www.villalaflorangerie.com\/de\/#website\",\"url\":\"https:\/\/www.villalaflorangerie.com\/de\/\",\"name\":\"Villa la Florangerie\",\"description\":\"\",\"potentialAction\":[{\"@type\":\"SearchAction\",\"target\":{\"@type\":\"EntryPoint\",\"urlTemplate\":\"https:\/\/www.villalaflorangerie.com\/de\/?s={search_term_string}\"},\"query-input\":{\"@type\":\"PropertyValueSpecification\",\"valueRequired\":true,\"valueName\":\"search_term_string\"}}],\"inLanguage\":\"de\"}]}<\/script>\n<!-- \/ Yoast SEO plugin. -->","yoast_head_json":{"title":"Hotel nahe EU-Parlament Stra\u00dfburg | Villa La Florangerie","description":"Hotel in der N\u00e4he des Europ\u00e4ischen Parlaments in Stra\u00dfburg. Herausragende Lage f\u00fcr Gesch\u00e4ftsreisende, die Komfort und eine gute Anbindung zu sch\u00e4tzen wissen.","robots":{"index":"index","follow":"follow","max-snippet":"max-snippet:-1","max-image-preview":"max-image-preview:large","max-video-preview":"max-video-preview:-1"},"canonical":"https:\/\/www.villalaflorangerie.com\/de\/momente-in-strassburg\/wirtschaft-institutionen\/","og_locale":"de_DE","og_type":"article","og_title":"Hotel nahe EU-Parlament Stra\u00dfburg | Villa La Florangerie","og_description":"Hotel in der N\u00e4he des Europ\u00e4ischen Parlaments in Stra\u00dfburg. Herausragende Lage f\u00fcr Gesch\u00e4ftsreisende, die Komfort und eine gute Anbindung zu sch\u00e4tzen wissen.","og_url":"https:\/\/www.villalaflorangerie.com\/de\/momente-in-strassburg\/wirtschaft-institutionen\/","og_site_name":"Villa la Florangerie","article_modified_time":"2026-02-20T12:22:04+00:00","twitter_card":"summary_large_image","twitter_misc":{"Est. reading time":"1\u00a0Minute"},"schema":{"@context":"https:\/\/schema.org","@graph":[{"@type":"WebPage","@id":"https:\/\/www.villalaflorangerie.com\/de\/momente-in-strassburg\/wirtschaft-institutionen\/","url":"https:\/\/www.villalaflorangerie.com\/de\/momente-in-strassburg\/wirtschaft-institutionen\/","name":"Hotel nahe EU-Parlament Stra\u00dfburg | Villa La Florangerie","isPartOf":{"@id":"https:\/\/www.villalaflorangerie.com\/de\/#website"},"datePublished":"2026-01-22T15:29:05+00:00","dateModified":"2026-02-20T12:22:04+00:00","description":"Hotel in der N\u00e4he des Europ\u00e4ischen Parlaments in Stra\u00dfburg. Herausragende Lage f\u00fcr Gesch\u00e4ftsreisende, die Komfort und eine gute Anbindung zu sch\u00e4tzen wissen.","breadcrumb":{"@id":"https:\/\/www.villalaflorangerie.com\/de\/momente-in-strassburg\/wirtschaft-institutionen\/#breadcrumb"},"inLanguage":"de","potentialAction":[{"@type":"ReadAction","target":["https:\/\/www.villalaflorangerie.com\/de\/momente-in-strassburg\/wirtschaft-institutionen\/"]}]},{"@type":"BreadcrumbList","@id":"https:\/\/www.villalaflorangerie.com\/de\/momente-in-strassburg\/wirtschaft-institutionen\/#breadcrumb","itemListElement":[{"@type":"ListItem","position":1,"name":"Home","item":"https:\/\/www.villalaflorangerie.com\/de\/"},{"@type":"ListItem","position":2,"name":"Momente in Stra\u00dfburg","item":"https:\/\/www.villalaflorangerie.com\/de\/momente-in-strassburg\/"},{"@type":"ListItem","position":3,"name":"Wirtschaft &#038; Institutionen"}]},{"@type":"WebSite","@id":"https:\/\/www.villalaflorangerie.com\/de\/#website","url":"https:\/\/www.villalaflorangerie.com\/de\/","name":"Villa la Florangerie","description":"","potentialAction":[{"@type":"SearchAction","target":{"@type":"EntryPoint","urlTemplate":"https:\/\/www.villalaflorangerie.com\/de\/?s={search_term_string}"},"query-input":{"@type":"PropertyValueSpecification","valueRequired":true,"valueName":"search_term_string"}}],"inLanguage":"de"}]}},"acf":[],"_links":{"self":[{"href":"https:\/\/www.villalaflorangerie.com\/de\/wp-json\/wp\/v2\/pages\/435","targetHints":{"allow":["GET"]}}],"collection":[{"href":"https:\/\/www.villalaflorangerie.com\/de\/wp-json\/wp\/v2\/pages"}],"about":[{"href":"https:\/\/www.villalaflorangerie.com\/de\/wp-json\/wp\/v2\/types\/page"}],"author":[{"embeddable":true,"href":"https:\/\/www.villalaflorangerie.com\/de\/wp-json\/wp\/v2\/users\/13"}],"replies":[{"embeddable":true,"href":"https:\/\/www.villalaflorangerie.com\/de\/wp-json\/wp\/v2\/comments?post=435"}],"version-history":[{"count":0,"href":"https:\/\/www.villalaflorangerie.com\/de\/wp-json\/wp\/v2\/pages\/435\/revisions"}],"up":[{"embeddable":true,"href":"https:\/\/www.villalaflorangerie.com\/de\/wp-json\/wp\/v2\/pages\/433"}],"wp:attachment":[{"href":"https:\/\/www.villalaflorangerie.com\/de\/wp-json\/wp\/v2\/media?parent=435"}],"curies":[{"name":"wp","href":"https:\/\/api.w.org\/{rel}","templated":true}]}}