{"id":434,"date":"2026-01-22T15:28:14","date_gmt":"2026-01-22T15:28:14","guid":{"rendered":"https:\/\/villa-la-florangerie.ms3.decms.eu\/moments-a-strasbourg\/culture-gastronomie\/"},"modified":"2026-02-20T12:22:01","modified_gmt":"2026-02-20T12:22:01","slug":"kultur-gastronomie","status":"publish","type":"page","link":"https:\/\/www.villalaflorangerie.com\/de\/momente-in-strassburg\/kultur-gastronomie\/","title":{"rendered":"Kultur &#038; Gastronomie"},"content":{"rendered":"<p style=\"text-align: center;\">Verweilen Sie in der <strong>Villa La Florangerie<\/strong>, unserem <strong>Boutique Hotel Stra\u00dfburg<\/strong>, und tauchen Sie ein in die kulturelle und kulinarische Vielfalt Stra\u00dfburgs. Erkunden Sie die malerischen Gassen des historischen Zentrums, bewundern Sie <strong>UNESCO-Welterbest\u00e4tten<\/strong> und genie\u00dfen Sie die Authentizit\u00e4t traditioneller els\u00e4ssischer <strong>Winstubs<\/strong>. Kosten Sie lokale Spezialit\u00e4ten \u2013 von <strong>Sauerkraut<\/strong> bis <strong>Tarte Flamb\u00e9e<\/strong> \u2013 begleitet von den besten regionalen Weinen.<\/p>\n<p style=\"text-align: center;\">Unser <strong>elegantes und charmantes Hotel in Stra\u00dfburg, Frankreich<\/strong> bietet den idealen Ausgangspunkt, um das einzigartige <strong>Stra\u00dfburger Lebensgef\u00fchl<\/strong> zu erleben. Zwischen kulturellen Entdeckungen und kulinarischen Gen\u00fcssen wird jeder Tag zu einem unvergesslichen Erlebnis in einem der stilvollsten <strong>Hotels in Stra\u00dfburg<\/strong>.<\/p>\n","protected":false},"excerpt":{"rendered":"<p>Verweilen Sie in der Villa La Florangerie, unserem Boutique Hotel Stra\u00dfburg, und tauchen Sie ein in die kulturelle und kulinarische Vielfalt Stra\u00dfburgs. Erkunden Sie die malerischen Gassen des historischen Zentrums, bewundern Sie UNESCO-Welterbest\u00e4tten und genie\u00dfen Sie die Authentizit\u00e4t traditioneller els\u00e4ssischer Winstubs. Kosten Sie lokale Spezialit\u00e4ten \u2013 von Sauerkraut bis Tarte Flamb\u00e9e \u2013 begleitet von den [&hellip;]<\/p>\n","protected":false},"author":13,"featured_media":0,"parent":433,"menu_order":2,"comment_status":"closed","ping_status":"closed","template":"template-location.php","meta":{"footnotes":""},"class_list":["post-434","page","type-page","status-publish","hentry"],"yoast_head":"<!-- This site is optimized with the Yoast SEO plugin v26.9 - https:\/\/yoast.com\/product\/yoast-seo-wordpress\/ -->\n<title>Sehensw\u00fcrdigkeiten &amp; Gastronomie in Stra\u00dfburg | Villa La Florangerie<\/title>\n<meta name=\"description\" content=\"Genie\u00dfen Sie das Lebensgef\u00fchl und die els\u00e4ssische Gastronomie Stra\u00dfburgs, eine UNESCO-Welterbest\u00e4tte mit traditionellen &quot;Winstubs&quot;.\" \/>\n<meta name=\"robots\" content=\"index, follow, max-snippet:-1, max-image-preview:large, max-video-preview:-1\" \/>\n<link rel=\"canonical\" href=\"https:\/\/www.villalaflorangerie.com\/de\/momente-in-strassburg\/kultur-gastronomie\/\" \/>\n<meta property=\"og:locale\" content=\"de_DE\" \/>\n<meta property=\"og:type\" content=\"article\" \/>\n<meta property=\"og:title\" content=\"Sehensw\u00fcrdigkeiten &amp; Gastronomie in Stra\u00dfburg | Villa La Florangerie\" \/>\n<meta property=\"og:description\" content=\"Genie\u00dfen Sie das Lebensgef\u00fchl und die els\u00e4ssische Gastronomie Stra\u00dfburgs, eine UNESCO-Welterbest\u00e4tte mit traditionellen &quot;Winstubs&quot;.\" \/>\n<meta property=\"og:url\" content=\"https:\/\/www.villalaflorangerie.com\/de\/momente-in-strassburg\/kultur-gastronomie\/\" \/>\n<meta property=\"og:site_name\" content=\"Villa la Florangerie\" \/>\n<meta property=\"article:modified_time\" content=\"2026-02-20T12:22:01+00:00\" \/>\n<meta name=\"twitter:card\" content=\"summary_large_image\" \/>\n<meta name=\"twitter:label1\" content=\"Est. reading time\" \/>\n\t<meta name=\"twitter:data1\" content=\"1\u00a0Minute\" \/>\n<script type=\"application\/ld+json\" class=\"yoast-schema-graph\">{\"@context\":\"https:\/\/schema.org\",\"@graph\":[{\"@type\":\"WebPage\",\"@id\":\"https:\/\/www.villalaflorangerie.com\/de\/momente-in-strassburg\/kultur-gastronomie\/\",\"url\":\"https:\/\/www.villalaflorangerie.com\/de\/momente-in-strassburg\/kultur-gastronomie\/\",\"name\":\"Sehensw\u00fcrdigkeiten & Gastronomie in Stra\u00dfburg | Villa La Florangerie\",\"isPartOf\":{\"@id\":\"https:\/\/www.villalaflorangerie.com\/de\/#website\"},\"datePublished\":\"2026-01-22T15:28:14+00:00\",\"dateModified\":\"2026-02-20T12:22:01+00:00\",\"description\":\"Genie\u00dfen Sie das Lebensgef\u00fchl und die els\u00e4ssische Gastronomie Stra\u00dfburgs, eine UNESCO-Welterbest\u00e4tte mit traditionellen \\\"Winstubs\\\".\",\"breadcrumb\":{\"@id\":\"https:\/\/www.villalaflorangerie.com\/de\/momente-in-strassburg\/kultur-gastronomie\/#breadcrumb\"},\"inLanguage\":\"de\",\"potentialAction\":[{\"@type\":\"ReadAction\",\"target\":[\"https:\/\/www.villalaflorangerie.com\/de\/momente-in-strassburg\/kultur-gastronomie\/\"]}]},{\"@type\":\"BreadcrumbList\",\"@id\":\"https:\/\/www.villalaflorangerie.com\/de\/momente-in-strassburg\/kultur-gastronomie\/#breadcrumb\",\"itemListElement\":[{\"@type\":\"ListItem\",\"position\":1,\"name\":\"Home\",\"item\":\"https:\/\/www.villalaflorangerie.com\/de\/\"},{\"@type\":\"ListItem\",\"position\":2,\"name\":\"Momente in Stra\u00dfburg\",\"item\":\"https:\/\/www.villalaflorangerie.com\/de\/momente-in-strassburg\/\"},{\"@type\":\"ListItem\",\"position\":3,\"name\":\"Kultur &#038; Gastronomie\"}]},{\"@type\":\"WebSite\",\"@id\":\"https:\/\/www.villalaflorangerie.com\/de\/#website\",\"url\":\"https:\/\/www.villalaflorangerie.com\/de\/\",\"name\":\"Villa la Florangerie\",\"description\":\"\",\"potentialAction\":[{\"@type\":\"SearchAction\",\"target\":{\"@type\":\"EntryPoint\",\"urlTemplate\":\"https:\/\/www.villalaflorangerie.com\/de\/?s={search_term_string}\"},\"query-input\":{\"@type\":\"PropertyValueSpecification\",\"valueRequired\":true,\"valueName\":\"search_term_string\"}}],\"inLanguage\":\"de\"}]}<\/script>\n<!-- \/ Yoast SEO plugin. -->","yoast_head_json":{"title":"Sehensw\u00fcrdigkeiten & Gastronomie in Stra\u00dfburg | Villa La Florangerie","description":"Genie\u00dfen Sie das Lebensgef\u00fchl und die els\u00e4ssische Gastronomie Stra\u00dfburgs, eine UNESCO-Welterbest\u00e4tte mit traditionellen \"Winstubs\".","robots":{"index":"index","follow":"follow","max-snippet":"max-snippet:-1","max-image-preview":"max-image-preview:large","max-video-preview":"max-video-preview:-1"},"canonical":"https:\/\/www.villalaflorangerie.com\/de\/momente-in-strassburg\/kultur-gastronomie\/","og_locale":"de_DE","og_type":"article","og_title":"Sehensw\u00fcrdigkeiten & Gastronomie in Stra\u00dfburg | Villa La Florangerie","og_description":"Genie\u00dfen Sie das Lebensgef\u00fchl und die els\u00e4ssische Gastronomie Stra\u00dfburgs, eine UNESCO-Welterbest\u00e4tte mit traditionellen \"Winstubs\".","og_url":"https:\/\/www.villalaflorangerie.com\/de\/momente-in-strassburg\/kultur-gastronomie\/","og_site_name":"Villa la Florangerie","article_modified_time":"2026-02-20T12:22:01+00:00","twitter_card":"summary_large_image","twitter_misc":{"Est. reading time":"1\u00a0Minute"},"schema":{"@context":"https:\/\/schema.org","@graph":[{"@type":"WebPage","@id":"https:\/\/www.villalaflorangerie.com\/de\/momente-in-strassburg\/kultur-gastronomie\/","url":"https:\/\/www.villalaflorangerie.com\/de\/momente-in-strassburg\/kultur-gastronomie\/","name":"Sehensw\u00fcrdigkeiten & Gastronomie in Stra\u00dfburg | Villa La Florangerie","isPartOf":{"@id":"https:\/\/www.villalaflorangerie.com\/de\/#website"},"datePublished":"2026-01-22T15:28:14+00:00","dateModified":"2026-02-20T12:22:01+00:00","description":"Genie\u00dfen Sie das Lebensgef\u00fchl und die els\u00e4ssische Gastronomie Stra\u00dfburgs, eine UNESCO-Welterbest\u00e4tte mit traditionellen \"Winstubs\".","breadcrumb":{"@id":"https:\/\/www.villalaflorangerie.com\/de\/momente-in-strassburg\/kultur-gastronomie\/#breadcrumb"},"inLanguage":"de","potentialAction":[{"@type":"ReadAction","target":["https:\/\/www.villalaflorangerie.com\/de\/momente-in-strassburg\/kultur-gastronomie\/"]}]},{"@type":"BreadcrumbList","@id":"https:\/\/www.villalaflorangerie.com\/de\/momente-in-strassburg\/kultur-gastronomie\/#breadcrumb","itemListElement":[{"@type":"ListItem","position":1,"name":"Home","item":"https:\/\/www.villalaflorangerie.com\/de\/"},{"@type":"ListItem","position":2,"name":"Momente in Stra\u00dfburg","item":"https:\/\/www.villalaflorangerie.com\/de\/momente-in-strassburg\/"},{"@type":"ListItem","position":3,"name":"Kultur &#038; Gastronomie"}]},{"@type":"WebSite","@id":"https:\/\/www.villalaflorangerie.com\/de\/#website","url":"https:\/\/www.villalaflorangerie.com\/de\/","name":"Villa la Florangerie","description":"","potentialAction":[{"@type":"SearchAction","target":{"@type":"EntryPoint","urlTemplate":"https:\/\/www.villalaflorangerie.com\/de\/?s={search_term_string}"},"query-input":{"@type":"PropertyValueSpecification","valueRequired":true,"valueName":"search_term_string"}}],"inLanguage":"de"}]}},"acf":[],"_links":{"self":[{"href":"https:\/\/www.villalaflorangerie.com\/de\/wp-json\/wp\/v2\/pages\/434","targetHints":{"allow":["GET"]}}],"collection":[{"href":"https:\/\/www.villalaflorangerie.com\/de\/wp-json\/wp\/v2\/pages"}],"about":[{"href":"https:\/\/www.villalaflorangerie.com\/de\/wp-json\/wp\/v2\/types\/page"}],"author":[{"embeddable":true,"href":"https:\/\/www.villalaflorangerie.com\/de\/wp-json\/wp\/v2\/users\/13"}],"replies":[{"embeddable":true,"href":"https:\/\/www.villalaflorangerie.com\/de\/wp-json\/wp\/v2\/comments?post=434"}],"version-history":[{"count":0,"href":"https:\/\/www.villalaflorangerie.com\/de\/wp-json\/wp\/v2\/pages\/434\/revisions"}],"up":[{"embeddable":true,"href":"https:\/\/www.villalaflorangerie.com\/de\/wp-json\/wp\/v2\/pages\/433"}],"wp:attachment":[{"href":"https:\/\/www.villalaflorangerie.com\/de\/wp-json\/wp\/v2\/media?parent=434"}],"curies":[{"name":"wp","href":"https:\/\/api.w.org\/{rel}","templated":true}]}}