{"id":433,"date":"2026-01-22T15:27:29","date_gmt":"2026-01-22T15:27:29","guid":{"rendered":"https:\/\/villa-la-florangerie.ms3.decms.eu\/moments-a-strasbourg\/"},"modified":"2026-02-18T13:03:55","modified_gmt":"2026-02-18T13:03:55","slug":"momente-in-strassburg","status":"publish","type":"page","link":"https:\/\/www.villalaflorangerie.com\/de\/momente-in-strassburg\/","title":{"rendered":"Momente in Stra\u00dfburg"},"content":{"rendered":"<p style=\"text-align: center;\">Machen Sie Ihren Aufenthalt in Stra\u00dfburg unvergesslich mit einzigartigen Momenten. Zwischen entspannenden Stunden in der <strong>Villa La Florangerie<\/strong>, unserem <strong>Boutique Hotel Stra\u00dfburg<\/strong>, und Erkundungstouren durch die Stadt haben wir f\u00fcr Sie das Beste aus <strong>Kultur, Gastronomie<\/strong>, gesch\u00e4ftlichen Aktivit\u00e4ten und Spazierg\u00e4ngen durch die sch\u00f6nsten Viertel von Stra\u00dfburg ausgew\u00e4hlt.<\/p>\n<p style=\"text-align: center;\">Entdecken Sie die charmanten Gassen, genie\u00dfen Sie lokale Spezialit\u00e4ten und tauchen Sie ein in das authentische <strong>Els\u00e4sser Lebensgef\u00fchl<\/strong>. Ob kulturelle Sehensw\u00fcrdigkeiten, <strong>Wellnesshotel-Aufenthalte<\/strong> oder kulinarische Highlights \u2013 bei uns erleben Sie jeden Moment Ihres Aufenthalts in einem der stilvollsten <strong>Hotels in Stra\u00dfburg, Frankreich<\/strong>, voller Komfort und Eleganz.<\/p>\n","protected":false},"excerpt":{"rendered":"<p>Machen Sie Ihren Aufenthalt in Stra\u00dfburg unvergesslich mit einzigartigen Momenten. Zwischen entspannenden Stunden in der Villa La Florangerie, unserem Boutique Hotel Stra\u00dfburg, und Erkundungstouren durch die Stadt haben wir f\u00fcr Sie das Beste aus Kultur, Gastronomie, gesch\u00e4ftlichen Aktivit\u00e4ten und Spazierg\u00e4ngen durch die sch\u00f6nsten Viertel von Stra\u00dfburg ausgew\u00e4hlt. Entdecken Sie die charmanten Gassen, genie\u00dfen Sie lokale [&hellip;]<\/p>\n","protected":false},"author":13,"featured_media":0,"parent":0,"menu_order":4,"comment_status":"closed","ping_status":"closed","template":"template-default-3.php","meta":{"footnotes":""},"class_list":["post-433","page","type-page","status-publish","hentry"],"yoast_head":"<!-- This site is optimized with the Yoast SEO plugin v26.9 - https:\/\/yoast.com\/product\/yoast-seo-wordpress\/ -->\n<title>Was tun in Stra\u00dfburg? Unsere Favoriten | Villa La Florangerie<\/title>\n<meta name=\"description\" content=\"Genie\u00dfen Sie w\u00e4hrend Ihrer Reise einzigartige Momente: Entspannung pur in der Villa oder Aktivit\u00e4ten vor Ort, Stra\u00dfburg erwartet Sie!\" \/>\n<meta name=\"robots\" content=\"index, follow, max-snippet:-1, max-image-preview:large, max-video-preview:-1\" \/>\n<link rel=\"canonical\" href=\"https:\/\/www.villalaflorangerie.com\/de\/momente-in-strassburg\/\" \/>\n<meta property=\"og:locale\" content=\"de_DE\" \/>\n<meta property=\"og:type\" content=\"article\" \/>\n<meta property=\"og:title\" content=\"Was tun in Stra\u00dfburg? Unsere Favoriten | Villa La Florangerie\" \/>\n<meta property=\"og:description\" content=\"Genie\u00dfen Sie w\u00e4hrend Ihrer Reise einzigartige Momente: Entspannung pur in der Villa oder Aktivit\u00e4ten vor Ort, Stra\u00dfburg erwartet Sie!\" \/>\n<meta property=\"og:url\" content=\"https:\/\/www.villalaflorangerie.com\/de\/momente-in-strassburg\/\" \/>\n<meta property=\"og:site_name\" content=\"Villa la Florangerie\" \/>\n<meta property=\"article:modified_time\" content=\"2026-02-18T13:03:55+00:00\" \/>\n<meta name=\"twitter:card\" content=\"summary_large_image\" \/>\n<meta name=\"twitter:label1\" content=\"Est. reading time\" \/>\n\t<meta name=\"twitter:data1\" content=\"1\u00a0Minute\" \/>\n<script type=\"application\/ld+json\" class=\"yoast-schema-graph\">{\"@context\":\"https:\/\/schema.org\",\"@graph\":[{\"@type\":\"WebPage\",\"@id\":\"https:\/\/www.villalaflorangerie.com\/de\/momente-in-strassburg\/\",\"url\":\"https:\/\/www.villalaflorangerie.com\/de\/momente-in-strassburg\/\",\"name\":\"Was tun in Stra\u00dfburg? Unsere Favoriten | Villa La Florangerie\",\"isPartOf\":{\"@id\":\"https:\/\/www.villalaflorangerie.com\/de\/#website\"},\"datePublished\":\"2026-01-22T15:27:29+00:00\",\"dateModified\":\"2026-02-18T13:03:55+00:00\",\"description\":\"Genie\u00dfen Sie w\u00e4hrend Ihrer Reise einzigartige Momente: Entspannung pur in der Villa oder Aktivit\u00e4ten vor Ort, Stra\u00dfburg erwartet Sie!\",\"breadcrumb\":{\"@id\":\"https:\/\/www.villalaflorangerie.com\/de\/momente-in-strassburg\/#breadcrumb\"},\"inLanguage\":\"de\",\"potentialAction\":[{\"@type\":\"ReadAction\",\"target\":[\"https:\/\/www.villalaflorangerie.com\/de\/momente-in-strassburg\/\"]}]},{\"@type\":\"BreadcrumbList\",\"@id\":\"https:\/\/www.villalaflorangerie.com\/de\/momente-in-strassburg\/#breadcrumb\",\"itemListElement\":[{\"@type\":\"ListItem\",\"position\":1,\"name\":\"Home\",\"item\":\"https:\/\/www.villalaflorangerie.com\/de\/\"},{\"@type\":\"ListItem\",\"position\":2,\"name\":\"Momente in Stra\u00dfburg\"}]},{\"@type\":\"WebSite\",\"@id\":\"https:\/\/www.villalaflorangerie.com\/de\/#website\",\"url\":\"https:\/\/www.villalaflorangerie.com\/de\/\",\"name\":\"Villa la Florangerie\",\"description\":\"\",\"potentialAction\":[{\"@type\":\"SearchAction\",\"target\":{\"@type\":\"EntryPoint\",\"urlTemplate\":\"https:\/\/www.villalaflorangerie.com\/de\/?s={search_term_string}\"},\"query-input\":{\"@type\":\"PropertyValueSpecification\",\"valueRequired\":true,\"valueName\":\"search_term_string\"}}],\"inLanguage\":\"de\"}]}<\/script>\n<!-- \/ Yoast SEO plugin. -->","yoast_head_json":{"title":"Was tun in Stra\u00dfburg? Unsere Favoriten | Villa La Florangerie","description":"Genie\u00dfen Sie w\u00e4hrend Ihrer Reise einzigartige Momente: Entspannung pur in der Villa oder Aktivit\u00e4ten vor Ort, Stra\u00dfburg erwartet Sie!","robots":{"index":"index","follow":"follow","max-snippet":"max-snippet:-1","max-image-preview":"max-image-preview:large","max-video-preview":"max-video-preview:-1"},"canonical":"https:\/\/www.villalaflorangerie.com\/de\/momente-in-strassburg\/","og_locale":"de_DE","og_type":"article","og_title":"Was tun in Stra\u00dfburg? Unsere Favoriten | Villa La Florangerie","og_description":"Genie\u00dfen Sie w\u00e4hrend Ihrer Reise einzigartige Momente: Entspannung pur in der Villa oder Aktivit\u00e4ten vor Ort, Stra\u00dfburg erwartet Sie!","og_url":"https:\/\/www.villalaflorangerie.com\/de\/momente-in-strassburg\/","og_site_name":"Villa la Florangerie","article_modified_time":"2026-02-18T13:03:55+00:00","twitter_card":"summary_large_image","twitter_misc":{"Est. reading time":"1\u00a0Minute"},"schema":{"@context":"https:\/\/schema.org","@graph":[{"@type":"WebPage","@id":"https:\/\/www.villalaflorangerie.com\/de\/momente-in-strassburg\/","url":"https:\/\/www.villalaflorangerie.com\/de\/momente-in-strassburg\/","name":"Was tun in Stra\u00dfburg? Unsere Favoriten | Villa La Florangerie","isPartOf":{"@id":"https:\/\/www.villalaflorangerie.com\/de\/#website"},"datePublished":"2026-01-22T15:27:29+00:00","dateModified":"2026-02-18T13:03:55+00:00","description":"Genie\u00dfen Sie w\u00e4hrend Ihrer Reise einzigartige Momente: Entspannung pur in der Villa oder Aktivit\u00e4ten vor Ort, Stra\u00dfburg erwartet Sie!","breadcrumb":{"@id":"https:\/\/www.villalaflorangerie.com\/de\/momente-in-strassburg\/#breadcrumb"},"inLanguage":"de","potentialAction":[{"@type":"ReadAction","target":["https:\/\/www.villalaflorangerie.com\/de\/momente-in-strassburg\/"]}]},{"@type":"BreadcrumbList","@id":"https:\/\/www.villalaflorangerie.com\/de\/momente-in-strassburg\/#breadcrumb","itemListElement":[{"@type":"ListItem","position":1,"name":"Home","item":"https:\/\/www.villalaflorangerie.com\/de\/"},{"@type":"ListItem","position":2,"name":"Momente in Stra\u00dfburg"}]},{"@type":"WebSite","@id":"https:\/\/www.villalaflorangerie.com\/de\/#website","url":"https:\/\/www.villalaflorangerie.com\/de\/","name":"Villa la Florangerie","description":"","potentialAction":[{"@type":"SearchAction","target":{"@type":"EntryPoint","urlTemplate":"https:\/\/www.villalaflorangerie.com\/de\/?s={search_term_string}"},"query-input":{"@type":"PropertyValueSpecification","valueRequired":true,"valueName":"search_term_string"}}],"inLanguage":"de"}]}},"acf":[],"_links":{"self":[{"href":"https:\/\/www.villalaflorangerie.com\/de\/wp-json\/wp\/v2\/pages\/433","targetHints":{"allow":["GET"]}}],"collection":[{"href":"https:\/\/www.villalaflorangerie.com\/de\/wp-json\/wp\/v2\/pages"}],"about":[{"href":"https:\/\/www.villalaflorangerie.com\/de\/wp-json\/wp\/v2\/types\/page"}],"author":[{"embeddable":true,"href":"https:\/\/www.villalaflorangerie.com\/de\/wp-json\/wp\/v2\/users\/13"}],"replies":[{"embeddable":true,"href":"https:\/\/www.villalaflorangerie.com\/de\/wp-json\/wp\/v2\/comments?post=433"}],"version-history":[{"count":0,"href":"https:\/\/www.villalaflorangerie.com\/de\/wp-json\/wp\/v2\/pages\/433\/revisions"}],"wp:attachment":[{"href":"https:\/\/www.villalaflorangerie.com\/de\/wp-json\/wp\/v2\/media?parent=433"}],"curies":[{"name":"wp","href":"https:\/\/api.w.org\/{rel}","templated":true}]}}