{"id":428,"date":"2026-01-22T15:24:06","date_gmt":"2026-01-22T15:24:06","guid":{"rendered":"https:\/\/villa-la-florangerie.ms3.decms.eu\/spa-wellness-der-villa-la-florangerie\/spa-de-lhotel-villa-la-florangerie\/"},"modified":"2026-02-20T12:22:05","modified_gmt":"2026-02-20T12:22:05","slug":"wellness-spa-in-der-villa-la-florangerie","status":"publish","type":"page","link":"https:\/\/www.villalaflorangerie.com\/de\/spa-wellness-der-villa-la-florangerie\/wellness-spa-in-der-villa-la-florangerie\/","title":{"rendered":"Wellness &#038; Spa in der Villa La Florangerie"},"content":{"rendered":"<p style=\"text-align: center;\">In der <strong>Villa La Florangerie, Ihrem 4-Sterne Spa Hotel Stra\u00dfburg<\/strong>, l\u00e4dt Sie unser Wellnessbereich zu einem echten Moment der Entspannung und Erholung ein \u2013 fernab vom hektischen Alltag. Genie\u00dfen Sie unseren Gegenstrompool, die Balneotherapie, Sauna, Hammam, Fitnessger\u00e4te, eine beruhigende Tee-Ecke und komfortable Behandlungsr\u00e4ume. Schlie\u00dff\u00e4cher und Handt\u00fccher stehen zur Verf\u00fcgung, sodass Sie sich voll und ganz auf Ihr Wohlbefinden konzentrieren k\u00f6nnen.<\/p>\n<p style=\"text-align: center;\">Der Spa-Zugang ist nur f\u00fcr Erwachsene und im Zimmerpreis enthalten. Auch externe G\u00e4ste k\u00f6nnen den Wellnessbereich nach vorheriger Reservierung f\u00fcr <strong>24 \u20ac pro Person<\/strong> und zwei Stunden nutzen. Der Spa-Bereich ist t\u00e4glich <strong>von 9:00 bis 20:30<\/strong> Uhr ge\u00f6ffnet, sodass jeder den perfekten Zeitpunkt f\u00fcr Entspannung findet.<\/p>\n<p style=\"text-align: center;\">F\u00fcr ein noch exklusiveres Erlebnis kann der Wellnessbereich Stra\u00dfburg jeden Abend <strong>von 20:30 bis 22:00<\/strong> Uhr f\u00fcr zwei Personen privat gebucht werden (nur f\u00fcr Hotelg\u00e4ste) zum Preis von 150 \u20ac pro Reservierung. G\u00f6nnen Sie sich diesen intimen und ruhigen Moment in einem der elegantesten <strong>Spa Hotels Stra\u00dfburg<\/strong> und erleben Sie Wellness, die K\u00f6rper und Geist gleicherma\u00dfen verw\u00f6hnt.<\/p>\n","protected":false},"excerpt":{"rendered":"<p>In der Villa La Florangerie, Ihrem 4-Sterne Spa Hotel Stra\u00dfburg, l\u00e4dt Sie unser Wellnessbereich zu einem echten Moment der Entspannung und Erholung ein \u2013 fernab vom hektischen Alltag. Genie\u00dfen Sie unseren Gegenstrompool, die Balneotherapie, Sauna, Hammam, Fitnessger\u00e4te, eine beruhigende Tee-Ecke und komfortable Behandlungsr\u00e4ume. Schlie\u00dff\u00e4cher und Handt\u00fccher stehen zur Verf\u00fcgung, sodass Sie sich voll und ganz [&hellip;]<\/p>\n","protected":false},"author":13,"featured_media":0,"parent":421,"menu_order":1,"comment_status":"closed","ping_status":"closed","template":"template-spa.php","meta":{"footnotes":""},"class_list":["post-428","page","type-page","status-publish","hentry"],"yoast_head":"<!-- This site is optimized with the Yoast SEO plugin v26.9 - https:\/\/yoast.com\/product\/yoast-seo-wordpress\/ -->\n<title>Spa Hotel Stra\u00dfburg mit Sauna, Hammam und Balneotherapie | Villa La Florangerie<\/title>\n<meta name=\"description\" content=\"Unser Spa-Hotel in Stra\u00dfburg im Elsass l\u00e4dt zum Entspannen ein: Sauna, Hammam und Spa unterstreichen das luxuri\u00f6se 4-Sterne-Ambiente.\" \/>\n<meta name=\"robots\" content=\"index, follow, max-snippet:-1, max-image-preview:large, max-video-preview:-1\" \/>\n<link rel=\"canonical\" href=\"https:\/\/www.villalaflorangerie.com\/de\/spa-wellness-der-villa-la-florangerie\/wellness-spa-in-der-villa-la-florangerie\/\" \/>\n<meta property=\"og:locale\" content=\"de_DE\" \/>\n<meta property=\"og:type\" content=\"article\" \/>\n<meta property=\"og:title\" content=\"Spa Hotel Stra\u00dfburg mit Sauna, Hammam und Balneotherapie | Villa La Florangerie\" \/>\n<meta property=\"og:description\" content=\"Unser Spa-Hotel in Stra\u00dfburg im Elsass l\u00e4dt zum Entspannen ein: Sauna, Hammam und Spa unterstreichen das luxuri\u00f6se 4-Sterne-Ambiente.\" \/>\n<meta property=\"og:url\" content=\"https:\/\/www.villalaflorangerie.com\/de\/spa-wellness-der-villa-la-florangerie\/wellness-spa-in-der-villa-la-florangerie\/\" \/>\n<meta property=\"og:site_name\" content=\"Villa la Florangerie\" \/>\n<meta property=\"article:modified_time\" content=\"2026-02-20T12:22:05+00:00\" \/>\n<meta name=\"twitter:card\" content=\"summary_large_image\" \/>\n<meta name=\"twitter:label1\" content=\"Est. reading time\" \/>\n\t<meta name=\"twitter:data1\" content=\"1\u00a0Minute\" \/>\n<script type=\"application\/ld+json\" class=\"yoast-schema-graph\">{\"@context\":\"https:\/\/schema.org\",\"@graph\":[{\"@type\":\"WebPage\",\"@id\":\"https:\/\/www.villalaflorangerie.com\/de\/spa-wellness-der-villa-la-florangerie\/wellness-spa-in-der-villa-la-florangerie\/\",\"url\":\"https:\/\/www.villalaflorangerie.com\/de\/spa-wellness-der-villa-la-florangerie\/wellness-spa-in-der-villa-la-florangerie\/\",\"name\":\"Spa Hotel Stra\u00dfburg mit Sauna, Hammam und Balneotherapie | Villa La Florangerie\",\"isPartOf\":{\"@id\":\"https:\/\/www.villalaflorangerie.com\/de\/#website\"},\"datePublished\":\"2026-01-22T15:24:06+00:00\",\"dateModified\":\"2026-02-20T12:22:05+00:00\",\"description\":\"Unser Spa-Hotel in Stra\u00dfburg im Elsass l\u00e4dt zum Entspannen ein: Sauna, Hammam und Spa unterstreichen das luxuri\u00f6se 4-Sterne-Ambiente.\",\"breadcrumb\":{\"@id\":\"https:\/\/www.villalaflorangerie.com\/de\/spa-wellness-der-villa-la-florangerie\/wellness-spa-in-der-villa-la-florangerie\/#breadcrumb\"},\"inLanguage\":\"de\",\"potentialAction\":[{\"@type\":\"ReadAction\",\"target\":[\"https:\/\/www.villalaflorangerie.com\/de\/spa-wellness-der-villa-la-florangerie\/wellness-spa-in-der-villa-la-florangerie\/\"]}]},{\"@type\":\"BreadcrumbList\",\"@id\":\"https:\/\/www.villalaflorangerie.com\/de\/spa-wellness-der-villa-la-florangerie\/wellness-spa-in-der-villa-la-florangerie\/#breadcrumb\",\"itemListElement\":[{\"@type\":\"ListItem\",\"position\":1,\"name\":\"Home\",\"item\":\"https:\/\/www.villalaflorangerie.com\/de\/\"},{\"@type\":\"ListItem\",\"position\":2,\"name\":\"Spa &#038; Wellness der Villa La Florangerie\",\"item\":\"https:\/\/www.villalaflorangerie.com\/de\/spa-wellness-der-villa-la-florangerie\/\"},{\"@type\":\"ListItem\",\"position\":3,\"name\":\"Wellness &#038; Spa in der Villa La Florangerie\"}]},{\"@type\":\"WebSite\",\"@id\":\"https:\/\/www.villalaflorangerie.com\/de\/#website\",\"url\":\"https:\/\/www.villalaflorangerie.com\/de\/\",\"name\":\"Villa la Florangerie\",\"description\":\"\",\"potentialAction\":[{\"@type\":\"SearchAction\",\"target\":{\"@type\":\"EntryPoint\",\"urlTemplate\":\"https:\/\/www.villalaflorangerie.com\/de\/?s={search_term_string}\"},\"query-input\":{\"@type\":\"PropertyValueSpecification\",\"valueRequired\":true,\"valueName\":\"search_term_string\"}}],\"inLanguage\":\"de\"}]}<\/script>\n<!-- \/ Yoast SEO plugin. -->","yoast_head_json":{"title":"Spa Hotel Stra\u00dfburg mit Sauna, Hammam und Balneotherapie | Villa La Florangerie","description":"Unser Spa-Hotel in Stra\u00dfburg im Elsass l\u00e4dt zum Entspannen ein: Sauna, Hammam und Spa unterstreichen das luxuri\u00f6se 4-Sterne-Ambiente.","robots":{"index":"index","follow":"follow","max-snippet":"max-snippet:-1","max-image-preview":"max-image-preview:large","max-video-preview":"max-video-preview:-1"},"canonical":"https:\/\/www.villalaflorangerie.com\/de\/spa-wellness-der-villa-la-florangerie\/wellness-spa-in-der-villa-la-florangerie\/","og_locale":"de_DE","og_type":"article","og_title":"Spa Hotel Stra\u00dfburg mit Sauna, Hammam und Balneotherapie | Villa La Florangerie","og_description":"Unser Spa-Hotel in Stra\u00dfburg im Elsass l\u00e4dt zum Entspannen ein: Sauna, Hammam und Spa unterstreichen das luxuri\u00f6se 4-Sterne-Ambiente.","og_url":"https:\/\/www.villalaflorangerie.com\/de\/spa-wellness-der-villa-la-florangerie\/wellness-spa-in-der-villa-la-florangerie\/","og_site_name":"Villa la Florangerie","article_modified_time":"2026-02-20T12:22:05+00:00","twitter_card":"summary_large_image","twitter_misc":{"Est. reading time":"1\u00a0Minute"},"schema":{"@context":"https:\/\/schema.org","@graph":[{"@type":"WebPage","@id":"https:\/\/www.villalaflorangerie.com\/de\/spa-wellness-der-villa-la-florangerie\/wellness-spa-in-der-villa-la-florangerie\/","url":"https:\/\/www.villalaflorangerie.com\/de\/spa-wellness-der-villa-la-florangerie\/wellness-spa-in-der-villa-la-florangerie\/","name":"Spa Hotel Stra\u00dfburg mit Sauna, Hammam und Balneotherapie | Villa La Florangerie","isPartOf":{"@id":"https:\/\/www.villalaflorangerie.com\/de\/#website"},"datePublished":"2026-01-22T15:24:06+00:00","dateModified":"2026-02-20T12:22:05+00:00","description":"Unser Spa-Hotel in Stra\u00dfburg im Elsass l\u00e4dt zum Entspannen ein: Sauna, Hammam und Spa unterstreichen das luxuri\u00f6se 4-Sterne-Ambiente.","breadcrumb":{"@id":"https:\/\/www.villalaflorangerie.com\/de\/spa-wellness-der-villa-la-florangerie\/wellness-spa-in-der-villa-la-florangerie\/#breadcrumb"},"inLanguage":"de","potentialAction":[{"@type":"ReadAction","target":["https:\/\/www.villalaflorangerie.com\/de\/spa-wellness-der-villa-la-florangerie\/wellness-spa-in-der-villa-la-florangerie\/"]}]},{"@type":"BreadcrumbList","@id":"https:\/\/www.villalaflorangerie.com\/de\/spa-wellness-der-villa-la-florangerie\/wellness-spa-in-der-villa-la-florangerie\/#breadcrumb","itemListElement":[{"@type":"ListItem","position":1,"name":"Home","item":"https:\/\/www.villalaflorangerie.com\/de\/"},{"@type":"ListItem","position":2,"name":"Spa &#038; Wellness der Villa La Florangerie","item":"https:\/\/www.villalaflorangerie.com\/de\/spa-wellness-der-villa-la-florangerie\/"},{"@type":"ListItem","position":3,"name":"Wellness &#038; Spa in der Villa La Florangerie"}]},{"@type":"WebSite","@id":"https:\/\/www.villalaflorangerie.com\/de\/#website","url":"https:\/\/www.villalaflorangerie.com\/de\/","name":"Villa la Florangerie","description":"","potentialAction":[{"@type":"SearchAction","target":{"@type":"EntryPoint","urlTemplate":"https:\/\/www.villalaflorangerie.com\/de\/?s={search_term_string}"},"query-input":{"@type":"PropertyValueSpecification","valueRequired":true,"valueName":"search_term_string"}}],"inLanguage":"de"}]}},"acf":[],"_links":{"self":[{"href":"https:\/\/www.villalaflorangerie.com\/de\/wp-json\/wp\/v2\/pages\/428","targetHints":{"allow":["GET"]}}],"collection":[{"href":"https:\/\/www.villalaflorangerie.com\/de\/wp-json\/wp\/v2\/pages"}],"about":[{"href":"https:\/\/www.villalaflorangerie.com\/de\/wp-json\/wp\/v2\/types\/page"}],"author":[{"embeddable":true,"href":"https:\/\/www.villalaflorangerie.com\/de\/wp-json\/wp\/v2\/users\/13"}],"replies":[{"embeddable":true,"href":"https:\/\/www.villalaflorangerie.com\/de\/wp-json\/wp\/v2\/comments?post=428"}],"version-history":[{"count":0,"href":"https:\/\/www.villalaflorangerie.com\/de\/wp-json\/wp\/v2\/pages\/428\/revisions"}],"up":[{"embeddable":true,"href":"https:\/\/www.villalaflorangerie.com\/de\/wp-json\/wp\/v2\/pages\/421"}],"wp:attachment":[{"href":"https:\/\/www.villalaflorangerie.com\/de\/wp-json\/wp\/v2\/media?parent=428"}],"curies":[{"name":"wp","href":"https:\/\/api.w.org\/{rel}","templated":true}]}}