{"id":427,"date":"2026-01-22T15:23:06","date_gmt":"2026-01-22T15:23:06","guid":{"rendered":"https:\/\/villa-la-florangerie.ms3.decms.eu\/spa-wellness-der-villa-la-florangerie\/piscine\/"},"modified":"2026-02-18T15:46:26","modified_gmt":"2026-02-18T15:46:26","slug":"schwimmbad","status":"publish","type":"page","link":"https:\/\/www.villalaflorangerie.com\/de\/spa-wellness-der-villa-la-florangerie\/schwimmbad\/","title":{"rendered":"Schwimmbad"},"content":{"rendered":"<p style=\"text-align: center;\">Die<strong> Villa La Florangerie<\/strong>, Ihr<strong> 4-Sterne Spa Hotel Stra\u00dfburg<\/strong>, bietet das Vergn\u00fcgen, das ganze Jahr \u00fcber in ihrem beheizten Innenpool zu schwimmen, der ganzj\u00e4hrig ge\u00f6ffnet ist.<\/p>\n<p style=\"text-align: center;\">In den w\u00e4rmeren Monaten k\u00f6nnen Sie unseren beheizten Au\u00dfenpool nutzen, der von Juni bis September je nach Wetterlage ge\u00f6ffnet ist. Ob Sie sich in der Sonne entspannen, ein paar Bahnen schwimmen oder einfach abk\u00fchlen m\u00f6chten \u2013 unsere Wasserbereiche verbinden Komfort und Wohlbefinden in einem eleganten und ruhigen Ambiente.<br \/>\nGenie\u00dfen Sie pure Entspannung in einem der besten <strong>Hotels in Stra\u00dfburg 4 Sterne<\/strong> und erleben Sie Wellness, die K\u00f6rper und Geist gleicherma\u00dfen verw\u00f6hnt.<\/p>\n","protected":false},"excerpt":{"rendered":"<p>Die Villa La Florangerie, Ihr 4-Sterne Spa Hotel Stra\u00dfburg, bietet das Vergn\u00fcgen, das ganze Jahr \u00fcber in ihrem beheizten Innenpool zu schwimmen, der ganzj\u00e4hrig ge\u00f6ffnet ist. In den w\u00e4rmeren Monaten k\u00f6nnen Sie unseren beheizten Au\u00dfenpool nutzen, der von Juni bis September je nach Wetterlage ge\u00f6ffnet ist. Ob Sie sich in der Sonne entspannen, ein paar [&hellip;]<\/p>\n","protected":false},"author":13,"featured_media":0,"parent":421,"menu_order":2,"comment_status":"closed","ping_status":"closed","template":"template-spa.php","meta":{"footnotes":""},"class_list":["post-427","page","type-page","status-publish","hentry"],"yoast_head":"<!-- This site is optimized with the Yoast SEO plugin v26.9 - https:\/\/yoast.com\/product\/yoast-seo-wordpress\/ -->\n<title>Hotel in Stra\u00dfburg mit Pool | Villa La Florangerie<\/title>\n<meta name=\"description\" content=\"Hotel in Stra\u00dfburg mit Pool im Elsass mit beheiztem Au\u00dfenpool und Gegenstromanlage. Die perfekte Kombination aus Wasser und Entspannung.\" \/>\n<meta name=\"robots\" content=\"index, follow, max-snippet:-1, max-image-preview:large, max-video-preview:-1\" \/>\n<link rel=\"canonical\" href=\"https:\/\/www.villalaflorangerie.com\/de\/spa-wellness-der-villa-la-florangerie\/schwimmbad\/\" \/>\n<meta property=\"og:locale\" content=\"de_DE\" \/>\n<meta property=\"og:type\" content=\"article\" \/>\n<meta property=\"og:title\" content=\"Hotel in Stra\u00dfburg mit Pool | Villa La Florangerie\" \/>\n<meta property=\"og:description\" content=\"Hotel in Stra\u00dfburg mit Pool im Elsass mit beheiztem Au\u00dfenpool und Gegenstromanlage. Die perfekte Kombination aus Wasser und Entspannung.\" \/>\n<meta property=\"og:url\" content=\"https:\/\/www.villalaflorangerie.com\/de\/spa-wellness-der-villa-la-florangerie\/schwimmbad\/\" \/>\n<meta property=\"og:site_name\" content=\"Villa la Florangerie\" \/>\n<meta property=\"article:modified_time\" content=\"2026-02-18T15:46:26+00:00\" \/>\n<meta name=\"twitter:card\" content=\"summary_large_image\" \/>\n<meta name=\"twitter:label1\" content=\"Est. reading time\" \/>\n\t<meta name=\"twitter:data1\" content=\"1\u00a0Minute\" \/>\n<script type=\"application\/ld+json\" class=\"yoast-schema-graph\">{\"@context\":\"https:\/\/schema.org\",\"@graph\":[{\"@type\":\"WebPage\",\"@id\":\"https:\/\/www.villalaflorangerie.com\/de\/spa-wellness-der-villa-la-florangerie\/schwimmbad\/\",\"url\":\"https:\/\/www.villalaflorangerie.com\/de\/spa-wellness-der-villa-la-florangerie\/schwimmbad\/\",\"name\":\"Hotel in Stra\u00dfburg mit Pool | Villa La Florangerie\",\"isPartOf\":{\"@id\":\"https:\/\/www.villalaflorangerie.com\/de\/#website\"},\"datePublished\":\"2026-01-22T15:23:06+00:00\",\"dateModified\":\"2026-02-18T15:46:26+00:00\",\"description\":\"Hotel in Stra\u00dfburg mit Pool im Elsass mit beheiztem Au\u00dfenpool und Gegenstromanlage. Die perfekte Kombination aus Wasser und Entspannung.\",\"breadcrumb\":{\"@id\":\"https:\/\/www.villalaflorangerie.com\/de\/spa-wellness-der-villa-la-florangerie\/schwimmbad\/#breadcrumb\"},\"inLanguage\":\"de\",\"potentialAction\":[{\"@type\":\"ReadAction\",\"target\":[\"https:\/\/www.villalaflorangerie.com\/de\/spa-wellness-der-villa-la-florangerie\/schwimmbad\/\"]}]},{\"@type\":\"BreadcrumbList\",\"@id\":\"https:\/\/www.villalaflorangerie.com\/de\/spa-wellness-der-villa-la-florangerie\/schwimmbad\/#breadcrumb\",\"itemListElement\":[{\"@type\":\"ListItem\",\"position\":1,\"name\":\"Home\",\"item\":\"https:\/\/www.villalaflorangerie.com\/de\/\"},{\"@type\":\"ListItem\",\"position\":2,\"name\":\"Spa &#038; Wellness der Villa La Florangerie\",\"item\":\"https:\/\/www.villalaflorangerie.com\/de\/spa-wellness-der-villa-la-florangerie\/\"},{\"@type\":\"ListItem\",\"position\":3,\"name\":\"Schwimmbad\"}]},{\"@type\":\"WebSite\",\"@id\":\"https:\/\/www.villalaflorangerie.com\/de\/#website\",\"url\":\"https:\/\/www.villalaflorangerie.com\/de\/\",\"name\":\"Villa la Florangerie\",\"description\":\"\",\"potentialAction\":[{\"@type\":\"SearchAction\",\"target\":{\"@type\":\"EntryPoint\",\"urlTemplate\":\"https:\/\/www.villalaflorangerie.com\/de\/?s={search_term_string}\"},\"query-input\":{\"@type\":\"PropertyValueSpecification\",\"valueRequired\":true,\"valueName\":\"search_term_string\"}}],\"inLanguage\":\"de\"}]}<\/script>\n<!-- \/ Yoast SEO plugin. -->","yoast_head_json":{"title":"Hotel in Stra\u00dfburg mit Pool | Villa La Florangerie","description":"Hotel in Stra\u00dfburg mit Pool im Elsass mit beheiztem Au\u00dfenpool und Gegenstromanlage. Die perfekte Kombination aus Wasser und Entspannung.","robots":{"index":"index","follow":"follow","max-snippet":"max-snippet:-1","max-image-preview":"max-image-preview:large","max-video-preview":"max-video-preview:-1"},"canonical":"https:\/\/www.villalaflorangerie.com\/de\/spa-wellness-der-villa-la-florangerie\/schwimmbad\/","og_locale":"de_DE","og_type":"article","og_title":"Hotel in Stra\u00dfburg mit Pool | Villa La Florangerie","og_description":"Hotel in Stra\u00dfburg mit Pool im Elsass mit beheiztem Au\u00dfenpool und Gegenstromanlage. Die perfekte Kombination aus Wasser und Entspannung.","og_url":"https:\/\/www.villalaflorangerie.com\/de\/spa-wellness-der-villa-la-florangerie\/schwimmbad\/","og_site_name":"Villa la Florangerie","article_modified_time":"2026-02-18T15:46:26+00:00","twitter_card":"summary_large_image","twitter_misc":{"Est. reading time":"1\u00a0Minute"},"schema":{"@context":"https:\/\/schema.org","@graph":[{"@type":"WebPage","@id":"https:\/\/www.villalaflorangerie.com\/de\/spa-wellness-der-villa-la-florangerie\/schwimmbad\/","url":"https:\/\/www.villalaflorangerie.com\/de\/spa-wellness-der-villa-la-florangerie\/schwimmbad\/","name":"Hotel in Stra\u00dfburg mit Pool | Villa La Florangerie","isPartOf":{"@id":"https:\/\/www.villalaflorangerie.com\/de\/#website"},"datePublished":"2026-01-22T15:23:06+00:00","dateModified":"2026-02-18T15:46:26+00:00","description":"Hotel in Stra\u00dfburg mit Pool im Elsass mit beheiztem Au\u00dfenpool und Gegenstromanlage. Die perfekte Kombination aus Wasser und Entspannung.","breadcrumb":{"@id":"https:\/\/www.villalaflorangerie.com\/de\/spa-wellness-der-villa-la-florangerie\/schwimmbad\/#breadcrumb"},"inLanguage":"de","potentialAction":[{"@type":"ReadAction","target":["https:\/\/www.villalaflorangerie.com\/de\/spa-wellness-der-villa-la-florangerie\/schwimmbad\/"]}]},{"@type":"BreadcrumbList","@id":"https:\/\/www.villalaflorangerie.com\/de\/spa-wellness-der-villa-la-florangerie\/schwimmbad\/#breadcrumb","itemListElement":[{"@type":"ListItem","position":1,"name":"Home","item":"https:\/\/www.villalaflorangerie.com\/de\/"},{"@type":"ListItem","position":2,"name":"Spa &#038; Wellness der Villa La Florangerie","item":"https:\/\/www.villalaflorangerie.com\/de\/spa-wellness-der-villa-la-florangerie\/"},{"@type":"ListItem","position":3,"name":"Schwimmbad"}]},{"@type":"WebSite","@id":"https:\/\/www.villalaflorangerie.com\/de\/#website","url":"https:\/\/www.villalaflorangerie.com\/de\/","name":"Villa la Florangerie","description":"","potentialAction":[{"@type":"SearchAction","target":{"@type":"EntryPoint","urlTemplate":"https:\/\/www.villalaflorangerie.com\/de\/?s={search_term_string}"},"query-input":{"@type":"PropertyValueSpecification","valueRequired":true,"valueName":"search_term_string"}}],"inLanguage":"de"}]}},"acf":[],"_links":{"self":[{"href":"https:\/\/www.villalaflorangerie.com\/de\/wp-json\/wp\/v2\/pages\/427","targetHints":{"allow":["GET"]}}],"collection":[{"href":"https:\/\/www.villalaflorangerie.com\/de\/wp-json\/wp\/v2\/pages"}],"about":[{"href":"https:\/\/www.villalaflorangerie.com\/de\/wp-json\/wp\/v2\/types\/page"}],"author":[{"embeddable":true,"href":"https:\/\/www.villalaflorangerie.com\/de\/wp-json\/wp\/v2\/users\/13"}],"replies":[{"embeddable":true,"href":"https:\/\/www.villalaflorangerie.com\/de\/wp-json\/wp\/v2\/comments?post=427"}],"version-history":[{"count":0,"href":"https:\/\/www.villalaflorangerie.com\/de\/wp-json\/wp\/v2\/pages\/427\/revisions"}],"up":[{"embeddable":true,"href":"https:\/\/www.villalaflorangerie.com\/de\/wp-json\/wp\/v2\/pages\/421"}],"wp:attachment":[{"href":"https:\/\/www.villalaflorangerie.com\/de\/wp-json\/wp\/v2\/media?parent=427"}],"curies":[{"name":"wp","href":"https:\/\/api.w.org\/{rel}","templated":true}]}}