{"id":421,"date":"2026-01-22T15:22:31","date_gmt":"2026-01-22T15:22:31","guid":{"rendered":"https:\/\/villa-la-florangerie.ms3.decms.eu\/espace-bien-etre-de-la-villa-la-florangerie\/"},"modified":"2026-02-18T12:54:58","modified_gmt":"2026-02-18T12:54:58","slug":"spa-wellness-der-villa-la-florangerie","status":"publish","type":"page","link":"https:\/\/www.villalaflorangerie.com\/de\/spa-wellness-der-villa-la-florangerie\/","title":{"rendered":"Spa &#038; Wellness der Villa La Florangerie"},"content":{"rendered":"<p style=\"text-align: center;\">Die <strong>Villa La Florangerie<\/strong> l\u00e4dt Sie ein, ihren exklusiven Wellnessbereich nur f\u00fcr Erwachsene zu genie\u00dfen, mit Spa, Sauna, Hammam und Massagen, die nach Vereinbarung verf\u00fcgbar sind.<br \/>\nErleben Sie ultimative Entspannung in unserem <strong>4-Sterne Spa Hotel Stra\u00dfburg<\/strong>, konzipiert f\u00fcr Ruhe, Wohlbefinden und einen erholsamen Aufenthalt in einem der sch\u00f6nsten <strong>Hotels in Stra\u00dfburg 4 Sterne.<\/strong><\/p>\n","protected":false},"excerpt":{"rendered":"<p>Die Villa La Florangerie l\u00e4dt Sie ein, ihren exklusiven Wellnessbereich nur f\u00fcr Erwachsene zu genie\u00dfen, mit Spa, Sauna, Hammam und Massagen, die nach Vereinbarung verf\u00fcgbar sind. Erleben Sie ultimative Entspannung in unserem 4-Sterne Spa Hotel Stra\u00dfburg, konzipiert f\u00fcr Ruhe, Wohlbefinden und einen erholsamen Aufenthalt in einem der sch\u00f6nsten Hotels in Stra\u00dfburg 4 Sterne.<\/p>\n","protected":false},"author":13,"featured_media":0,"parent":0,"menu_order":3,"comment_status":"closed","ping_status":"closed","template":"template-default-3.php","meta":{"footnotes":""},"class_list":["post-421","page","type-page","status-publish","hentry"],"yoast_head":"<!-- This site is optimized with the Yoast SEO plugin v26.9 - https:\/\/yoast.com\/product\/yoast-seo-wordpress\/ -->\n<title>Wellness Hotel Stra\u00dfburg | Villa La Florangerie<\/title>\n<meta name=\"description\" content=\"G\u00f6nnen Sie sich eine zeitlose Auszeit in unserem Wellnesshotel in Stra\u00dfburg. Freuen Sie sich auf einen 4-Sterne-Wellnessbereich im Herzen des Elsass.\" \/>\n<meta name=\"robots\" content=\"index, follow, max-snippet:-1, max-image-preview:large, max-video-preview:-1\" \/>\n<link rel=\"canonical\" href=\"https:\/\/www.villalaflorangerie.com\/de\/spa-wellness-der-villa-la-florangerie\/\" \/>\n<meta property=\"og:locale\" content=\"de_DE\" \/>\n<meta property=\"og:type\" content=\"article\" \/>\n<meta property=\"og:title\" content=\"Wellness Hotel Stra\u00dfburg | Villa La Florangerie\" \/>\n<meta property=\"og:description\" content=\"G\u00f6nnen Sie sich eine zeitlose Auszeit in unserem Wellnesshotel in Stra\u00dfburg. Freuen Sie sich auf einen 4-Sterne-Wellnessbereich im Herzen des Elsass.\" \/>\n<meta property=\"og:url\" content=\"https:\/\/www.villalaflorangerie.com\/de\/spa-wellness-der-villa-la-florangerie\/\" \/>\n<meta property=\"og:site_name\" content=\"Villa la Florangerie\" \/>\n<meta property=\"article:modified_time\" content=\"2026-02-18T12:54:58+00:00\" \/>\n<meta name=\"twitter:card\" content=\"summary_large_image\" \/>\n<meta name=\"twitter:label1\" content=\"Est. reading time\" \/>\n\t<meta name=\"twitter:data1\" content=\"1\u00a0Minute\" \/>\n<script type=\"application\/ld+json\" class=\"yoast-schema-graph\">{\"@context\":\"https:\/\/schema.org\",\"@graph\":[{\"@type\":\"WebPage\",\"@id\":\"https:\/\/www.villalaflorangerie.com\/de\/spa-wellness-der-villa-la-florangerie\/\",\"url\":\"https:\/\/www.villalaflorangerie.com\/de\/spa-wellness-der-villa-la-florangerie\/\",\"name\":\"Wellness Hotel Stra\u00dfburg | Villa La Florangerie\",\"isPartOf\":{\"@id\":\"https:\/\/www.villalaflorangerie.com\/de\/#website\"},\"datePublished\":\"2026-01-22T15:22:31+00:00\",\"dateModified\":\"2026-02-18T12:54:58+00:00\",\"description\":\"G\u00f6nnen Sie sich eine zeitlose Auszeit in unserem Wellnesshotel in Stra\u00dfburg. Freuen Sie sich auf einen 4-Sterne-Wellnessbereich im Herzen des Elsass.\",\"breadcrumb\":{\"@id\":\"https:\/\/www.villalaflorangerie.com\/de\/spa-wellness-der-villa-la-florangerie\/#breadcrumb\"},\"inLanguage\":\"de\",\"potentialAction\":[{\"@type\":\"ReadAction\",\"target\":[\"https:\/\/www.villalaflorangerie.com\/de\/spa-wellness-der-villa-la-florangerie\/\"]}]},{\"@type\":\"BreadcrumbList\",\"@id\":\"https:\/\/www.villalaflorangerie.com\/de\/spa-wellness-der-villa-la-florangerie\/#breadcrumb\",\"itemListElement\":[{\"@type\":\"ListItem\",\"position\":1,\"name\":\"Home\",\"item\":\"https:\/\/www.villalaflorangerie.com\/de\/\"},{\"@type\":\"ListItem\",\"position\":2,\"name\":\"Spa &#038; Wellness der Villa La Florangerie\"}]},{\"@type\":\"WebSite\",\"@id\":\"https:\/\/www.villalaflorangerie.com\/de\/#website\",\"url\":\"https:\/\/www.villalaflorangerie.com\/de\/\",\"name\":\"Villa la Florangerie\",\"description\":\"\",\"potentialAction\":[{\"@type\":\"SearchAction\",\"target\":{\"@type\":\"EntryPoint\",\"urlTemplate\":\"https:\/\/www.villalaflorangerie.com\/de\/?s={search_term_string}\"},\"query-input\":{\"@type\":\"PropertyValueSpecification\",\"valueRequired\":true,\"valueName\":\"search_term_string\"}}],\"inLanguage\":\"de\"}]}<\/script>\n<!-- \/ Yoast SEO plugin. -->","yoast_head_json":{"title":"Wellness Hotel Stra\u00dfburg | Villa La Florangerie","description":"G\u00f6nnen Sie sich eine zeitlose Auszeit in unserem Wellnesshotel in Stra\u00dfburg. Freuen Sie sich auf einen 4-Sterne-Wellnessbereich im Herzen des Elsass.","robots":{"index":"index","follow":"follow","max-snippet":"max-snippet:-1","max-image-preview":"max-image-preview:large","max-video-preview":"max-video-preview:-1"},"canonical":"https:\/\/www.villalaflorangerie.com\/de\/spa-wellness-der-villa-la-florangerie\/","og_locale":"de_DE","og_type":"article","og_title":"Wellness Hotel Stra\u00dfburg | Villa La Florangerie","og_description":"G\u00f6nnen Sie sich eine zeitlose Auszeit in unserem Wellnesshotel in Stra\u00dfburg. Freuen Sie sich auf einen 4-Sterne-Wellnessbereich im Herzen des Elsass.","og_url":"https:\/\/www.villalaflorangerie.com\/de\/spa-wellness-der-villa-la-florangerie\/","og_site_name":"Villa la Florangerie","article_modified_time":"2026-02-18T12:54:58+00:00","twitter_card":"summary_large_image","twitter_misc":{"Est. reading time":"1\u00a0Minute"},"schema":{"@context":"https:\/\/schema.org","@graph":[{"@type":"WebPage","@id":"https:\/\/www.villalaflorangerie.com\/de\/spa-wellness-der-villa-la-florangerie\/","url":"https:\/\/www.villalaflorangerie.com\/de\/spa-wellness-der-villa-la-florangerie\/","name":"Wellness Hotel Stra\u00dfburg | Villa La Florangerie","isPartOf":{"@id":"https:\/\/www.villalaflorangerie.com\/de\/#website"},"datePublished":"2026-01-22T15:22:31+00:00","dateModified":"2026-02-18T12:54:58+00:00","description":"G\u00f6nnen Sie sich eine zeitlose Auszeit in unserem Wellnesshotel in Stra\u00dfburg. Freuen Sie sich auf einen 4-Sterne-Wellnessbereich im Herzen des Elsass.","breadcrumb":{"@id":"https:\/\/www.villalaflorangerie.com\/de\/spa-wellness-der-villa-la-florangerie\/#breadcrumb"},"inLanguage":"de","potentialAction":[{"@type":"ReadAction","target":["https:\/\/www.villalaflorangerie.com\/de\/spa-wellness-der-villa-la-florangerie\/"]}]},{"@type":"BreadcrumbList","@id":"https:\/\/www.villalaflorangerie.com\/de\/spa-wellness-der-villa-la-florangerie\/#breadcrumb","itemListElement":[{"@type":"ListItem","position":1,"name":"Home","item":"https:\/\/www.villalaflorangerie.com\/de\/"},{"@type":"ListItem","position":2,"name":"Spa &#038; Wellness der Villa La Florangerie"}]},{"@type":"WebSite","@id":"https:\/\/www.villalaflorangerie.com\/de\/#website","url":"https:\/\/www.villalaflorangerie.com\/de\/","name":"Villa la Florangerie","description":"","potentialAction":[{"@type":"SearchAction","target":{"@type":"EntryPoint","urlTemplate":"https:\/\/www.villalaflorangerie.com\/de\/?s={search_term_string}"},"query-input":{"@type":"PropertyValueSpecification","valueRequired":true,"valueName":"search_term_string"}}],"inLanguage":"de"}]}},"acf":[],"_links":{"self":[{"href":"https:\/\/www.villalaflorangerie.com\/de\/wp-json\/wp\/v2\/pages\/421","targetHints":{"allow":["GET"]}}],"collection":[{"href":"https:\/\/www.villalaflorangerie.com\/de\/wp-json\/wp\/v2\/pages"}],"about":[{"href":"https:\/\/www.villalaflorangerie.com\/de\/wp-json\/wp\/v2\/types\/page"}],"author":[{"embeddable":true,"href":"https:\/\/www.villalaflorangerie.com\/de\/wp-json\/wp\/v2\/users\/13"}],"replies":[{"embeddable":true,"href":"https:\/\/www.villalaflorangerie.com\/de\/wp-json\/wp\/v2\/comments?post=421"}],"version-history":[{"count":0,"href":"https:\/\/www.villalaflorangerie.com\/de\/wp-json\/wp\/v2\/pages\/421\/revisions"}],"wp:attachment":[{"href":"https:\/\/www.villalaflorangerie.com\/de\/wp-json\/wp\/v2\/media?parent=421"}],"curies":[{"name":"wp","href":"https:\/\/api.w.org\/{rel}","templated":true}]}}