{"id":420,"date":"2026-01-22T14:58:58","date_gmt":"2026-01-22T14:58:58","guid":{"rendered":"https:\/\/villa-la-florangerie.ms3.decms.eu\/services\/"},"modified":"2026-02-18T12:53:19","modified_gmt":"2026-02-18T12:53:19","slug":"dienstleistungen","status":"publish","type":"page","link":"https:\/\/www.villalaflorangerie.com\/de\/dienstleistungen\/","title":{"rendered":"Dienstleistungen"},"content":{"rendered":"<p style=\"text-align: center;\">Das Fr\u00fchst\u00fcck wird im 4-Sterne Hotel Stra\u00dfburg t\u00e4glich von <strong>7:00 bis 10:00 Uhr<\/strong> unter der Woche und von <strong>7:30 bis 10:30 Uhr<\/strong> am Samstag und Sonntag serviert. Genie\u00dfen Sie die Vielfalt unseres Fr\u00fchst\u00fccksbuffets in diesem eleganten Boutique Hotel Stra\u00dfburg, ideal f\u00fcr einen genussvollen Start in den Tag.<\/p>\n<p style=\"text-align: center;\">Der Room Service steht Ihnen t\u00e4glich von <strong>8:00 bis 21:30 Uhr<\/strong> zur Verf\u00fcgung, sodass Sie in Ihrem <strong>Spa Hotel Stra\u00dfburg<\/strong> jederzeit bequem speisen k\u00f6nnen und einen komfortablen Aufenthalt in unserem <strong>Hotels in Stra\u00dfburg 4 Sterne<\/strong> genie\u00dfen.<\/p>\n<p style=\"text-align: center;\">*Haustiere sind in der Villa La Florangerie \u2013 Hotel Stra\u00dfburg mit Hund willkommen. Gegen einen Aufpreis <strong>von 20 \u20ac<\/strong> pro Nacht und Tier k\u00f6nnen Sie Ihren Aufenthalt zusammen mit Ihrem Vierbeiner genie\u00dfen. Unser Boutique Hotel in Stra\u00dfburg bietet erstklassigen Service f\u00fcr Sie und Ihre pelzigen Begleiter.<\/p>\n","protected":false},"excerpt":{"rendered":"<p>Das Fr\u00fchst\u00fcck wird im 4-Sterne Hotel Stra\u00dfburg t\u00e4glich von 7:00 bis 10:00 Uhr unter der Woche und von 7:30 bis 10:30 Uhr am Samstag und Sonntag serviert. Genie\u00dfen Sie die Vielfalt unseres Fr\u00fchst\u00fccksbuffets in diesem eleganten Boutique Hotel Stra\u00dfburg, ideal f\u00fcr einen genussvollen Start in den Tag. Der Room Service steht Ihnen t\u00e4glich von 8:00 [&hellip;]<\/p>\n","protected":false},"author":13,"featured_media":0,"parent":0,"menu_order":5,"comment_status":"closed","ping_status":"closed","template":"template-services.php","meta":{"footnotes":""},"class_list":["post-420","page","type-page","status-publish","hentry"],"yoast_head":"<!-- This site is optimized with the Yoast SEO plugin v26.9 - https:\/\/yoast.com\/product\/yoast-seo-wordpress\/ -->\n<title>Hotel Stra\u00dfburg mit Hund | Villa La Florangerie<\/title>\n<meta name=\"description\" content=\"Reisen Sie ohne Kompromisse in unserem Hotel in Stra\u00dfburg, in dem Haustiere gegen Aufpreis willkommen sind. Erstklassiger Service f\u00fcr Sie und Ihren Vierbeiner.\" \/>\n<meta name=\"robots\" content=\"index, follow, max-snippet:-1, max-image-preview:large, max-video-preview:-1\" \/>\n<link rel=\"canonical\" href=\"https:\/\/www.villalaflorangerie.com\/de\/dienstleistungen\/\" \/>\n<meta property=\"og:locale\" content=\"de_DE\" \/>\n<meta property=\"og:type\" content=\"article\" \/>\n<meta property=\"og:title\" content=\"Hotel Stra\u00dfburg mit Hund | Villa La Florangerie\" \/>\n<meta property=\"og:description\" content=\"Reisen Sie ohne Kompromisse in unserem Hotel in Stra\u00dfburg, in dem Haustiere gegen Aufpreis willkommen sind. Erstklassiger Service f\u00fcr Sie und Ihren Vierbeiner.\" \/>\n<meta property=\"og:url\" content=\"https:\/\/www.villalaflorangerie.com\/de\/dienstleistungen\/\" \/>\n<meta property=\"og:site_name\" content=\"Villa la Florangerie\" \/>\n<meta property=\"article:modified_time\" content=\"2026-02-18T12:53:19+00:00\" \/>\n<meta name=\"twitter:card\" content=\"summary_large_image\" \/>\n<meta name=\"twitter:label1\" content=\"Est. reading time\" \/>\n\t<meta name=\"twitter:data1\" content=\"1\u00a0Minute\" \/>\n<script type=\"application\/ld+json\" class=\"yoast-schema-graph\">{\"@context\":\"https:\/\/schema.org\",\"@graph\":[{\"@type\":\"WebPage\",\"@id\":\"https:\/\/www.villalaflorangerie.com\/de\/dienstleistungen\/\",\"url\":\"https:\/\/www.villalaflorangerie.com\/de\/dienstleistungen\/\",\"name\":\"Hotel Stra\u00dfburg mit Hund | Villa La Florangerie\",\"isPartOf\":{\"@id\":\"https:\/\/www.villalaflorangerie.com\/de\/#website\"},\"datePublished\":\"2026-01-22T14:58:58+00:00\",\"dateModified\":\"2026-02-18T12:53:19+00:00\",\"description\":\"Reisen Sie ohne Kompromisse in unserem Hotel in Stra\u00dfburg, in dem Haustiere gegen Aufpreis willkommen sind. Erstklassiger Service f\u00fcr Sie und Ihren Vierbeiner.\",\"breadcrumb\":{\"@id\":\"https:\/\/www.villalaflorangerie.com\/de\/dienstleistungen\/#breadcrumb\"},\"inLanguage\":\"de\",\"potentialAction\":[{\"@type\":\"ReadAction\",\"target\":[\"https:\/\/www.villalaflorangerie.com\/de\/dienstleistungen\/\"]}]},{\"@type\":\"BreadcrumbList\",\"@id\":\"https:\/\/www.villalaflorangerie.com\/de\/dienstleistungen\/#breadcrumb\",\"itemListElement\":[{\"@type\":\"ListItem\",\"position\":1,\"name\":\"Home\",\"item\":\"https:\/\/www.villalaflorangerie.com\/de\/\"},{\"@type\":\"ListItem\",\"position\":2,\"name\":\"Dienstleistungen\"}]},{\"@type\":\"WebSite\",\"@id\":\"https:\/\/www.villalaflorangerie.com\/de\/#website\",\"url\":\"https:\/\/www.villalaflorangerie.com\/de\/\",\"name\":\"Villa la Florangerie\",\"description\":\"\",\"potentialAction\":[{\"@type\":\"SearchAction\",\"target\":{\"@type\":\"EntryPoint\",\"urlTemplate\":\"https:\/\/www.villalaflorangerie.com\/de\/?s={search_term_string}\"},\"query-input\":{\"@type\":\"PropertyValueSpecification\",\"valueRequired\":true,\"valueName\":\"search_term_string\"}}],\"inLanguage\":\"de\"}]}<\/script>\n<!-- \/ Yoast SEO plugin. -->","yoast_head_json":{"title":"Hotel Stra\u00dfburg mit Hund | Villa La Florangerie","description":"Reisen Sie ohne Kompromisse in unserem Hotel in Stra\u00dfburg, in dem Haustiere gegen Aufpreis willkommen sind. Erstklassiger Service f\u00fcr Sie und Ihren Vierbeiner.","robots":{"index":"index","follow":"follow","max-snippet":"max-snippet:-1","max-image-preview":"max-image-preview:large","max-video-preview":"max-video-preview:-1"},"canonical":"https:\/\/www.villalaflorangerie.com\/de\/dienstleistungen\/","og_locale":"de_DE","og_type":"article","og_title":"Hotel Stra\u00dfburg mit Hund | Villa La Florangerie","og_description":"Reisen Sie ohne Kompromisse in unserem Hotel in Stra\u00dfburg, in dem Haustiere gegen Aufpreis willkommen sind. Erstklassiger Service f\u00fcr Sie und Ihren Vierbeiner.","og_url":"https:\/\/www.villalaflorangerie.com\/de\/dienstleistungen\/","og_site_name":"Villa la Florangerie","article_modified_time":"2026-02-18T12:53:19+00:00","twitter_card":"summary_large_image","twitter_misc":{"Est. reading time":"1\u00a0Minute"},"schema":{"@context":"https:\/\/schema.org","@graph":[{"@type":"WebPage","@id":"https:\/\/www.villalaflorangerie.com\/de\/dienstleistungen\/","url":"https:\/\/www.villalaflorangerie.com\/de\/dienstleistungen\/","name":"Hotel Stra\u00dfburg mit Hund | Villa La Florangerie","isPartOf":{"@id":"https:\/\/www.villalaflorangerie.com\/de\/#website"},"datePublished":"2026-01-22T14:58:58+00:00","dateModified":"2026-02-18T12:53:19+00:00","description":"Reisen Sie ohne Kompromisse in unserem Hotel in Stra\u00dfburg, in dem Haustiere gegen Aufpreis willkommen sind. Erstklassiger Service f\u00fcr Sie und Ihren Vierbeiner.","breadcrumb":{"@id":"https:\/\/www.villalaflorangerie.com\/de\/dienstleistungen\/#breadcrumb"},"inLanguage":"de","potentialAction":[{"@type":"ReadAction","target":["https:\/\/www.villalaflorangerie.com\/de\/dienstleistungen\/"]}]},{"@type":"BreadcrumbList","@id":"https:\/\/www.villalaflorangerie.com\/de\/dienstleistungen\/#breadcrumb","itemListElement":[{"@type":"ListItem","position":1,"name":"Home","item":"https:\/\/www.villalaflorangerie.com\/de\/"},{"@type":"ListItem","position":2,"name":"Dienstleistungen"}]},{"@type":"WebSite","@id":"https:\/\/www.villalaflorangerie.com\/de\/#website","url":"https:\/\/www.villalaflorangerie.com\/de\/","name":"Villa la Florangerie","description":"","potentialAction":[{"@type":"SearchAction","target":{"@type":"EntryPoint","urlTemplate":"https:\/\/www.villalaflorangerie.com\/de\/?s={search_term_string}"},"query-input":{"@type":"PropertyValueSpecification","valueRequired":true,"valueName":"search_term_string"}}],"inLanguage":"de"}]}},"acf":[],"_links":{"self":[{"href":"https:\/\/www.villalaflorangerie.com\/de\/wp-json\/wp\/v2\/pages\/420","targetHints":{"allow":["GET"]}}],"collection":[{"href":"https:\/\/www.villalaflorangerie.com\/de\/wp-json\/wp\/v2\/pages"}],"about":[{"href":"https:\/\/www.villalaflorangerie.com\/de\/wp-json\/wp\/v2\/types\/page"}],"author":[{"embeddable":true,"href":"https:\/\/www.villalaflorangerie.com\/de\/wp-json\/wp\/v2\/users\/13"}],"replies":[{"embeddable":true,"href":"https:\/\/www.villalaflorangerie.com\/de\/wp-json\/wp\/v2\/comments?post=420"}],"version-history":[{"count":0,"href":"https:\/\/www.villalaflorangerie.com\/de\/wp-json\/wp\/v2\/pages\/420\/revisions"}],"wp:attachment":[{"href":"https:\/\/www.villalaflorangerie.com\/de\/wp-json\/wp\/v2\/media?parent=420"}],"curies":[{"name":"wp","href":"https:\/\/api.w.org\/{rel}","templated":true}]}}