{"id":418,"date":"2026-01-22T11:03:54","date_gmt":"2026-01-22T11:03:54","guid":{"rendered":"https:\/\/villa-la-florangerie.ms3.decms.eu\/bar-de-la-florangerie\/"},"modified":"2026-02-23T09:36:37","modified_gmt":"2026-02-23T09:36:37","slug":"hotelbar","status":"publish","type":"page","link":"https:\/\/www.villalaflorangerie.com\/de\/hotelbar\/","title":{"rendered":"Hotelbar"},"content":{"rendered":"<p style=\"text-align: center;\">Die <strong>Bar de la Florangerie<\/strong> empf\u00e4ngt Sie in einem eleganten und einladenden Ambiente, das allen G\u00e4sten offensteht. Genie\u00dfen Sie sorgf\u00e4ltig zubereiteten Kaffee, hei\u00dfe oder kalte Getr\u00e4nke, kreative Cocktails, edle Spirituosen oder die renommierten Weine aus dem Elsass.<\/p>\n<p style=\"text-align: center;\">Ob f\u00fcr einen entspannten Morgenkaffee, einen Aperitif mit Freunden oder eine gem\u00fctliche Pause \u2013 unsere <strong>Hotelbar in Stra\u00dfburg<\/strong> bietet den idealen Rahmen, um die einzigartige Atmosph\u00e4re der Villa zu genie\u00dfen. Die Bar ist t\u00e4glich von 7:00 bis 21:30 Uhr ge\u00f6ffnet und l\u00e4dt Sie ein, jeden Moment in unserem <strong>4-Sterne Hotel Stra\u00dfburg<\/strong> zu einem echten Genuss- und Wohlf\u00fchlerlebnis zu machen.<\/p>\n","protected":false},"excerpt":{"rendered":"<p>Die Bar de la Florangerie empf\u00e4ngt Sie in einem eleganten und einladenden Ambiente, das allen G\u00e4sten offensteht. Genie\u00dfen Sie sorgf\u00e4ltig zubereiteten Kaffee, hei\u00dfe oder kalte Getr\u00e4nke, kreative Cocktails, edle Spirituosen oder die renommierten Weine aus dem Elsass. Ob f\u00fcr einen entspannten Morgenkaffee, einen Aperitif mit Freunden oder eine gem\u00fctliche Pause \u2013 unsere Hotelbar in Stra\u00dfburg [&hellip;]<\/p>\n","protected":false},"author":13,"featured_media":0,"parent":0,"menu_order":2,"comment_status":"closed","ping_status":"closed","template":"template-restaurants.php","meta":{"footnotes":""},"class_list":["post-418","page","type-page","status-publish","hentry"],"yoast_head":"<!-- This site is optimized with the Yoast SEO plugin v26.9 - https:\/\/yoast.com\/product\/yoast-seo-wordpress\/ -->\n<title>Hotel in Stra\u00dfburg mit Fr\u00fchst\u00fcck | Villa La Florangerie<\/title>\n<meta name=\"description\" content=\"In unserem Hotel in Stra\u00dfburg beginnt der Tag mit leckerem Fr\u00fchst\u00fcck, abends entspannen Sie an der Hotelbar der Villa La Florangerie.\" \/>\n<meta name=\"robots\" content=\"index, follow, max-snippet:-1, max-image-preview:large, max-video-preview:-1\" \/>\n<link rel=\"canonical\" href=\"https:\/\/www.villalaflorangerie.com\/de\/hotelbar\/\" \/>\n<meta property=\"og:locale\" content=\"de_DE\" \/>\n<meta property=\"og:type\" content=\"article\" \/>\n<meta property=\"og:title\" content=\"Hotel in Stra\u00dfburg mit Fr\u00fchst\u00fcck | Villa La Florangerie\" \/>\n<meta property=\"og:description\" content=\"In unserem Hotel in Stra\u00dfburg beginnt der Tag mit leckerem Fr\u00fchst\u00fcck, abends entspannen Sie an der Hotelbar der Villa La Florangerie.\" \/>\n<meta property=\"og:url\" content=\"https:\/\/www.villalaflorangerie.com\/de\/hotelbar\/\" \/>\n<meta property=\"og:site_name\" content=\"Villa la Florangerie\" \/>\n<meta property=\"article:modified_time\" content=\"2026-02-23T09:36:37+00:00\" \/>\n<meta name=\"twitter:card\" content=\"summary_large_image\" \/>\n<meta name=\"twitter:label1\" content=\"Est. reading time\" \/>\n\t<meta name=\"twitter:data1\" content=\"1\u00a0Minute\" \/>\n<script type=\"application\/ld+json\" class=\"yoast-schema-graph\">{\"@context\":\"https:\/\/schema.org\",\"@graph\":[{\"@type\":\"WebPage\",\"@id\":\"https:\/\/www.villalaflorangerie.com\/de\/hotelbar\/\",\"url\":\"https:\/\/www.villalaflorangerie.com\/de\/hotelbar\/\",\"name\":\"Hotel in Stra\u00dfburg mit Fr\u00fchst\u00fcck | Villa La Florangerie\",\"isPartOf\":{\"@id\":\"https:\/\/www.villalaflorangerie.com\/de\/#website\"},\"datePublished\":\"2026-01-22T11:03:54+00:00\",\"dateModified\":\"2026-02-23T09:36:37+00:00\",\"description\":\"In unserem Hotel in Stra\u00dfburg beginnt der Tag mit leckerem Fr\u00fchst\u00fcck, abends entspannen Sie an der Hotelbar der Villa La Florangerie.\",\"breadcrumb\":{\"@id\":\"https:\/\/www.villalaflorangerie.com\/de\/hotelbar\/#breadcrumb\"},\"inLanguage\":\"de\",\"potentialAction\":[{\"@type\":\"ReadAction\",\"target\":[\"https:\/\/www.villalaflorangerie.com\/de\/hotelbar\/\"]}]},{\"@type\":\"BreadcrumbList\",\"@id\":\"https:\/\/www.villalaflorangerie.com\/de\/hotelbar\/#breadcrumb\",\"itemListElement\":[{\"@type\":\"ListItem\",\"position\":1,\"name\":\"Home\",\"item\":\"https:\/\/www.villalaflorangerie.com\/de\/\"},{\"@type\":\"ListItem\",\"position\":2,\"name\":\"Hotelbar\"}]},{\"@type\":\"WebSite\",\"@id\":\"https:\/\/www.villalaflorangerie.com\/de\/#website\",\"url\":\"https:\/\/www.villalaflorangerie.com\/de\/\",\"name\":\"Villa la Florangerie\",\"description\":\"\",\"potentialAction\":[{\"@type\":\"SearchAction\",\"target\":{\"@type\":\"EntryPoint\",\"urlTemplate\":\"https:\/\/www.villalaflorangerie.com\/de\/?s={search_term_string}\"},\"query-input\":{\"@type\":\"PropertyValueSpecification\",\"valueRequired\":true,\"valueName\":\"search_term_string\"}}],\"inLanguage\":\"de\"}]}<\/script>\n<!-- \/ Yoast SEO plugin. -->","yoast_head_json":{"title":"Hotel in Stra\u00dfburg mit Fr\u00fchst\u00fcck | Villa La Florangerie","description":"In unserem Hotel in Stra\u00dfburg beginnt der Tag mit leckerem Fr\u00fchst\u00fcck, abends entspannen Sie an der Hotelbar der Villa La Florangerie.","robots":{"index":"index","follow":"follow","max-snippet":"max-snippet:-1","max-image-preview":"max-image-preview:large","max-video-preview":"max-video-preview:-1"},"canonical":"https:\/\/www.villalaflorangerie.com\/de\/hotelbar\/","og_locale":"de_DE","og_type":"article","og_title":"Hotel in Stra\u00dfburg mit Fr\u00fchst\u00fcck | Villa La Florangerie","og_description":"In unserem Hotel in Stra\u00dfburg beginnt der Tag mit leckerem Fr\u00fchst\u00fcck, abends entspannen Sie an der Hotelbar der Villa La Florangerie.","og_url":"https:\/\/www.villalaflorangerie.com\/de\/hotelbar\/","og_site_name":"Villa la Florangerie","article_modified_time":"2026-02-23T09:36:37+00:00","twitter_card":"summary_large_image","twitter_misc":{"Est. reading time":"1\u00a0Minute"},"schema":{"@context":"https:\/\/schema.org","@graph":[{"@type":"WebPage","@id":"https:\/\/www.villalaflorangerie.com\/de\/hotelbar\/","url":"https:\/\/www.villalaflorangerie.com\/de\/hotelbar\/","name":"Hotel in Stra\u00dfburg mit Fr\u00fchst\u00fcck | Villa La Florangerie","isPartOf":{"@id":"https:\/\/www.villalaflorangerie.com\/de\/#website"},"datePublished":"2026-01-22T11:03:54+00:00","dateModified":"2026-02-23T09:36:37+00:00","description":"In unserem Hotel in Stra\u00dfburg beginnt der Tag mit leckerem Fr\u00fchst\u00fcck, abends entspannen Sie an der Hotelbar der Villa La Florangerie.","breadcrumb":{"@id":"https:\/\/www.villalaflorangerie.com\/de\/hotelbar\/#breadcrumb"},"inLanguage":"de","potentialAction":[{"@type":"ReadAction","target":["https:\/\/www.villalaflorangerie.com\/de\/hotelbar\/"]}]},{"@type":"BreadcrumbList","@id":"https:\/\/www.villalaflorangerie.com\/de\/hotelbar\/#breadcrumb","itemListElement":[{"@type":"ListItem","position":1,"name":"Home","item":"https:\/\/www.villalaflorangerie.com\/de\/"},{"@type":"ListItem","position":2,"name":"Hotelbar"}]},{"@type":"WebSite","@id":"https:\/\/www.villalaflorangerie.com\/de\/#website","url":"https:\/\/www.villalaflorangerie.com\/de\/","name":"Villa la Florangerie","description":"","potentialAction":[{"@type":"SearchAction","target":{"@type":"EntryPoint","urlTemplate":"https:\/\/www.villalaflorangerie.com\/de\/?s={search_term_string}"},"query-input":{"@type":"PropertyValueSpecification","valueRequired":true,"valueName":"search_term_string"}}],"inLanguage":"de"}]}},"acf":[],"_links":{"self":[{"href":"https:\/\/www.villalaflorangerie.com\/de\/wp-json\/wp\/v2\/pages\/418","targetHints":{"allow":["GET"]}}],"collection":[{"href":"https:\/\/www.villalaflorangerie.com\/de\/wp-json\/wp\/v2\/pages"}],"about":[{"href":"https:\/\/www.villalaflorangerie.com\/de\/wp-json\/wp\/v2\/types\/page"}],"author":[{"embeddable":true,"href":"https:\/\/www.villalaflorangerie.com\/de\/wp-json\/wp\/v2\/users\/13"}],"replies":[{"embeddable":true,"href":"https:\/\/www.villalaflorangerie.com\/de\/wp-json\/wp\/v2\/comments?post=418"}],"version-history":[{"count":0,"href":"https:\/\/www.villalaflorangerie.com\/de\/wp-json\/wp\/v2\/pages\/418\/revisions"}],"wp:attachment":[{"href":"https:\/\/www.villalaflorangerie.com\/de\/wp-json\/wp\/v2\/media?parent=418"}],"curies":[{"name":"wp","href":"https:\/\/api.w.org\/{rel}","templated":true}]}}