{"id":412,"date":"2026-01-22T11:01:40","date_gmt":"2026-01-22T11:01:40","guid":{"rendered":"https:\/\/villa-la-florangerie.ms3.decms.eu\/hotelzimmer-suiten\/suite-signature\/"},"modified":"2026-02-18T12:38:45","modified_gmt":"2026-02-18T12:38:45","slug":"signature-suite","status":"publish","type":"page","link":"https:\/\/www.villalaflorangerie.com\/de\/hotelzimmer-suiten\/signature-suite\/","title":{"rendered":"Signature Suite"},"content":{"rendered":"<p style=\"text-align: center;\">Entdecken Sie unsere luxuri\u00f6se und ger\u00e4umige <strong>Signature Suite in der Villa La Florangerie<\/strong>, einem <strong>4-Sterne Spa- und Wellnesshotel in Stra\u00dfburg<\/strong>. Im obersten Stock gelegen, verf\u00fcgt diese Suite \u00fcber ein Kingsize-Bett, eine Hydromassage-Badewanne mit Chromotherapie, eine begehbare Dusche und ein separates WC f\u00fcr h\u00f6chsten Komfort.<\/p>\n<p style=\"text-align: center;\">Genie\u00dfen Sie zwei Balkone nach Norden und S\u00fcden mit au\u00dfergew\u00f6hnlichem Panoramablick auf die Umgebung. Jedes Detail dieser <strong>Hotel Suite in Stra\u00dfburg<\/strong> wurde sorgf\u00e4ltig gestaltet, um Luxus, Komfort und Gelassenheit zu vereinen \u2013 das perfekte Refugium f\u00fcr einen stilvollen Aufenthalt in Stra\u00dfburg, Frankreich.<\/p>\n<p style=\"text-align: center;\">F\u00fcr Ihren Komfort ist die Suite ausgestattet mit Klimaanlage, kostenpflichtiger Minibar, Safe, Bademantel, Schreibtisch, Willkommens-Set mit Nespresso-Maschine und Wasserkocher sowie Haartrockner \u2013 f\u00fcr einen unvergesslichen Aufenthalt in einem der elegantesten <strong>Spa Hotels im Elsass<\/strong> und f\u00fchrenden <strong>4-Sterne Hotels in Stra\u00dfburg<\/strong>.<\/p>\n","protected":false},"excerpt":{"rendered":"<p>Entdecken Sie unsere luxuri\u00f6se und ger\u00e4umige Signature Suite in der Villa La Florangerie, einem 4-Sterne Spa- und Wellnesshotel in Stra\u00dfburg. Im obersten Stock gelegen, verf\u00fcgt diese Suite \u00fcber ein Kingsize-Bett, eine Hydromassage-Badewanne mit Chromotherapie, eine begehbare Dusche und ein separates WC f\u00fcr h\u00f6chsten Komfort. Genie\u00dfen Sie zwei Balkone nach Norden und S\u00fcden mit au\u00dfergew\u00f6hnlichem Panoramablick [&hellip;]<\/p>\n","protected":false},"author":13,"featured_media":0,"parent":404,"menu_order":0,"comment_status":"closed","ping_status":"closed","template":"template-single-room.php","meta":{"footnotes":""},"class_list":["post-412","page","type-page","status-publish","hentry"],"yoast_head":"<!-- This site is optimized with the Yoast SEO plugin v26.9 - https:\/\/yoast.com\/product\/yoast-seo-wordpress\/ -->\n<title>Whirlpool im Zimmer Stra\u00dfburg | Villa La Florangerie<\/title>\n<meta name=\"description\" content=\"Hotel in Stra\u00dfburg mit Whirlpool im Zimmer exklusive Suite mit Kingsize-Bett, Farbtherapie und privatem Balkon mit Blick auf den Park.\" \/>\n<meta name=\"robots\" content=\"index, follow, max-snippet:-1, max-image-preview:large, max-video-preview:-1\" \/>\n<link rel=\"canonical\" href=\"https:\/\/www.villalaflorangerie.com\/de\/hotelzimmer-suiten\/signature-suite\/\" \/>\n<meta property=\"og:locale\" content=\"de_DE\" \/>\n<meta property=\"og:type\" content=\"article\" \/>\n<meta property=\"og:title\" content=\"Whirlpool im Zimmer Stra\u00dfburg | Villa La Florangerie\" \/>\n<meta property=\"og:description\" content=\"Hotel in Stra\u00dfburg mit Whirlpool im Zimmer exklusive Suite mit Kingsize-Bett, Farbtherapie und privatem Balkon mit Blick auf den Park.\" \/>\n<meta property=\"og:url\" content=\"https:\/\/www.villalaflorangerie.com\/de\/hotelzimmer-suiten\/signature-suite\/\" \/>\n<meta property=\"og:site_name\" content=\"Villa la Florangerie\" \/>\n<meta property=\"article:modified_time\" content=\"2026-02-18T12:38:45+00:00\" \/>\n<meta name=\"twitter:card\" content=\"summary_large_image\" \/>\n<meta name=\"twitter:label1\" content=\"Est. reading time\" \/>\n\t<meta name=\"twitter:data1\" content=\"1\u00a0Minute\" \/>\n<script type=\"application\/ld+json\" class=\"yoast-schema-graph\">{\"@context\":\"https:\/\/schema.org\",\"@graph\":[{\"@type\":\"WebPage\",\"@id\":\"https:\/\/www.villalaflorangerie.com\/de\/hotelzimmer-suiten\/signature-suite\/\",\"url\":\"https:\/\/www.villalaflorangerie.com\/de\/hotelzimmer-suiten\/signature-suite\/\",\"name\":\"Whirlpool im Zimmer Stra\u00dfburg | Villa La Florangerie\",\"isPartOf\":{\"@id\":\"https:\/\/www.villalaflorangerie.com\/de\/#website\"},\"datePublished\":\"2026-01-22T11:01:40+00:00\",\"dateModified\":\"2026-02-18T12:38:45+00:00\",\"description\":\"Hotel in Stra\u00dfburg mit Whirlpool im Zimmer exklusive Suite mit Kingsize-Bett, Farbtherapie und privatem Balkon mit Blick auf den Park.\",\"breadcrumb\":{\"@id\":\"https:\/\/www.villalaflorangerie.com\/de\/hotelzimmer-suiten\/signature-suite\/#breadcrumb\"},\"inLanguage\":\"de\",\"potentialAction\":[{\"@type\":\"ReadAction\",\"target\":[\"https:\/\/www.villalaflorangerie.com\/de\/hotelzimmer-suiten\/signature-suite\/\"]}]},{\"@type\":\"BreadcrumbList\",\"@id\":\"https:\/\/www.villalaflorangerie.com\/de\/hotelzimmer-suiten\/signature-suite\/#breadcrumb\",\"itemListElement\":[{\"@type\":\"ListItem\",\"position\":1,\"name\":\"Home\",\"item\":\"https:\/\/www.villalaflorangerie.com\/de\/\"},{\"@type\":\"ListItem\",\"position\":2,\"name\":\"Hotelzimmer &#038; Suiten\",\"item\":\"https:\/\/www.villalaflorangerie.com\/de\/hotelzimmer-suiten\/\"},{\"@type\":\"ListItem\",\"position\":3,\"name\":\"Signature Suite\"}]},{\"@type\":\"WebSite\",\"@id\":\"https:\/\/www.villalaflorangerie.com\/de\/#website\",\"url\":\"https:\/\/www.villalaflorangerie.com\/de\/\",\"name\":\"Villa la Florangerie\",\"description\":\"\",\"potentialAction\":[{\"@type\":\"SearchAction\",\"target\":{\"@type\":\"EntryPoint\",\"urlTemplate\":\"https:\/\/www.villalaflorangerie.com\/de\/?s={search_term_string}\"},\"query-input\":{\"@type\":\"PropertyValueSpecification\",\"valueRequired\":true,\"valueName\":\"search_term_string\"}}],\"inLanguage\":\"de\"}]}<\/script>\n<!-- \/ Yoast SEO plugin. -->","yoast_head_json":{"title":"Whirlpool im Zimmer Stra\u00dfburg | Villa La Florangerie","description":"Hotel in Stra\u00dfburg mit Whirlpool im Zimmer exklusive Suite mit Kingsize-Bett, Farbtherapie und privatem Balkon mit Blick auf den Park.","robots":{"index":"index","follow":"follow","max-snippet":"max-snippet:-1","max-image-preview":"max-image-preview:large","max-video-preview":"max-video-preview:-1"},"canonical":"https:\/\/www.villalaflorangerie.com\/de\/hotelzimmer-suiten\/signature-suite\/","og_locale":"de_DE","og_type":"article","og_title":"Whirlpool im Zimmer Stra\u00dfburg | Villa La Florangerie","og_description":"Hotel in Stra\u00dfburg mit Whirlpool im Zimmer exklusive Suite mit Kingsize-Bett, Farbtherapie und privatem Balkon mit Blick auf den Park.","og_url":"https:\/\/www.villalaflorangerie.com\/de\/hotelzimmer-suiten\/signature-suite\/","og_site_name":"Villa la Florangerie","article_modified_time":"2026-02-18T12:38:45+00:00","twitter_card":"summary_large_image","twitter_misc":{"Est. reading time":"1\u00a0Minute"},"schema":{"@context":"https:\/\/schema.org","@graph":[{"@type":"WebPage","@id":"https:\/\/www.villalaflorangerie.com\/de\/hotelzimmer-suiten\/signature-suite\/","url":"https:\/\/www.villalaflorangerie.com\/de\/hotelzimmer-suiten\/signature-suite\/","name":"Whirlpool im Zimmer Stra\u00dfburg | Villa La Florangerie","isPartOf":{"@id":"https:\/\/www.villalaflorangerie.com\/de\/#website"},"datePublished":"2026-01-22T11:01:40+00:00","dateModified":"2026-02-18T12:38:45+00:00","description":"Hotel in Stra\u00dfburg mit Whirlpool im Zimmer exklusive Suite mit Kingsize-Bett, Farbtherapie und privatem Balkon mit Blick auf den Park.","breadcrumb":{"@id":"https:\/\/www.villalaflorangerie.com\/de\/hotelzimmer-suiten\/signature-suite\/#breadcrumb"},"inLanguage":"de","potentialAction":[{"@type":"ReadAction","target":["https:\/\/www.villalaflorangerie.com\/de\/hotelzimmer-suiten\/signature-suite\/"]}]},{"@type":"BreadcrumbList","@id":"https:\/\/www.villalaflorangerie.com\/de\/hotelzimmer-suiten\/signature-suite\/#breadcrumb","itemListElement":[{"@type":"ListItem","position":1,"name":"Home","item":"https:\/\/www.villalaflorangerie.com\/de\/"},{"@type":"ListItem","position":2,"name":"Hotelzimmer &#038; Suiten","item":"https:\/\/www.villalaflorangerie.com\/de\/hotelzimmer-suiten\/"},{"@type":"ListItem","position":3,"name":"Signature Suite"}]},{"@type":"WebSite","@id":"https:\/\/www.villalaflorangerie.com\/de\/#website","url":"https:\/\/www.villalaflorangerie.com\/de\/","name":"Villa la Florangerie","description":"","potentialAction":[{"@type":"SearchAction","target":{"@type":"EntryPoint","urlTemplate":"https:\/\/www.villalaflorangerie.com\/de\/?s={search_term_string}"},"query-input":{"@type":"PropertyValueSpecification","valueRequired":true,"valueName":"search_term_string"}}],"inLanguage":"de"}]}},"acf":[],"_links":{"self":[{"href":"https:\/\/www.villalaflorangerie.com\/de\/wp-json\/wp\/v2\/pages\/412","targetHints":{"allow":["GET"]}}],"collection":[{"href":"https:\/\/www.villalaflorangerie.com\/de\/wp-json\/wp\/v2\/pages"}],"about":[{"href":"https:\/\/www.villalaflorangerie.com\/de\/wp-json\/wp\/v2\/types\/page"}],"author":[{"embeddable":true,"href":"https:\/\/www.villalaflorangerie.com\/de\/wp-json\/wp\/v2\/users\/13"}],"replies":[{"embeddable":true,"href":"https:\/\/www.villalaflorangerie.com\/de\/wp-json\/wp\/v2\/comments?post=412"}],"version-history":[{"count":0,"href":"https:\/\/www.villalaflorangerie.com\/de\/wp-json\/wp\/v2\/pages\/412\/revisions"}],"up":[{"embeddable":true,"href":"https:\/\/www.villalaflorangerie.com\/de\/wp-json\/wp\/v2\/pages\/404"}],"wp:attachment":[{"href":"https:\/\/www.villalaflorangerie.com\/de\/wp-json\/wp\/v2\/media?parent=412"}],"curies":[{"name":"wp","href":"https:\/\/api.w.org\/{rel}","templated":true}]}}