{"id":411,"date":"2026-01-22T10:59:53","date_gmt":"2026-01-22T10:59:53","guid":{"rendered":"https:\/\/villa-la-florangerie.ms3.decms.eu\/hotelzimmer-suiten\/suite\/"},"modified":"2026-02-18T12:37:09","modified_gmt":"2026-02-18T12:37:09","slug":"la-florangerie-suite","status":"publish","type":"page","link":"https:\/\/www.villalaflorangerie.com\/de\/hotelzimmer-suiten\/la-florangerie-suite\/","title":{"rendered":"La Florangerie Suite"},"content":{"rendered":"<p style=\"text-align: center;\">Entdecken Sie unsere ger\u00e4umige und elegante <strong>La Florangerie Suite im Villa La Florangerie<\/strong>, einem <strong>4-Sterne Hotel und Spa in Stra\u00dfburg<\/strong>. Ideal f\u00fcr Familien, bietet sie Platz f\u00fcr bis zu 2 Erwachsene und 2 Kinder und verf\u00fcgt \u00fcber ein 200\u202fx\u202f200\u202fcm gro\u00dfes Bett sowie ein ausziehbares Sofa (160\u202fx\u202f190\u202fcm oder 140\u202fx\u202f190\u202fcm). Einige Suiten verf\u00fcgen au\u00dferdem \u00fcber eine private Terrasse, um die ruhige, gr\u00fcne Umgebung der Villa zu genie\u00dfen.<\/p>\n<p style=\"text-align: center;\">Jede <strong>Hotel Suite in Stra\u00dfburg<\/strong> ist auf Komfort und Gelassenheit ausgelegt und ausgestattet mit Klimaanlage, kostenpflichtiger Minibar, Safe, Bademantel, Schreibtisch, Willkommens-Set mit Nespresso-Maschine und Wasserkocher, Haartrockner sowie einem privaten Badezimmer mit Badewanne, Dusche und WC. Erleben Sie einen stilvollen Aufenthalt in einem der charmantesten <strong>familienfreundlichen Hotels in Stra\u00dfburg, Frankreich<\/strong> \u2013 perfekt kombiniert mit dem Luxus eines <strong>Spa Hotels im Elsass.<\/strong><\/p>\n","protected":false},"excerpt":{"rendered":"<p>Entdecken Sie unsere ger\u00e4umige und elegante La Florangerie Suite im Villa La Florangerie, einem 4-Sterne Hotel und Spa in Stra\u00dfburg. Ideal f\u00fcr Familien, bietet sie Platz f\u00fcr bis zu 2 Erwachsene und 2 Kinder und verf\u00fcgt \u00fcber ein 200\u202fx\u202f200\u202fcm gro\u00dfes Bett sowie ein ausziehbares Sofa (160\u202fx\u202f190\u202fcm oder 140\u202fx\u202f190\u202fcm). Einige Suiten verf\u00fcgen au\u00dferdem \u00fcber eine private [&hellip;]<\/p>\n","protected":false},"author":13,"featured_media":0,"parent":404,"menu_order":1,"comment_status":"closed","ping_status":"closed","template":"template-single-room.php","meta":{"footnotes":""},"class_list":["post-411","page","type-page","status-publish","hentry"],"yoast_head":"<!-- This site is optimized with the Yoast SEO plugin v26.9 - https:\/\/yoast.com\/product\/yoast-seo-wordpress\/ -->\n<title>Familienfreundliche Suite Stra\u00dfburg | Villa La Florangerie<\/title>\n<meta name=\"description\" content=\"Ger\u00e4umiges, familienfreundliches Hotel in Stra\u00dfburg f\u00fcr vier Personen. Die Villa La Florangerie eignet sich ideal f\u00fcr Gruppen oder Familien.\" \/>\n<meta name=\"robots\" content=\"index, follow, max-snippet:-1, max-image-preview:large, max-video-preview:-1\" \/>\n<link rel=\"canonical\" href=\"https:\/\/www.villalaflorangerie.com\/de\/hotelzimmer-suiten\/la-florangerie-suite\/\" \/>\n<meta property=\"og:locale\" content=\"de_DE\" \/>\n<meta property=\"og:type\" content=\"article\" \/>\n<meta property=\"og:title\" content=\"Familienfreundliche Suite Stra\u00dfburg | Villa La Florangerie\" \/>\n<meta property=\"og:description\" content=\"Ger\u00e4umiges, familienfreundliches Hotel in Stra\u00dfburg f\u00fcr vier Personen. Die Villa La Florangerie eignet sich ideal f\u00fcr Gruppen oder Familien.\" \/>\n<meta property=\"og:url\" content=\"https:\/\/www.villalaflorangerie.com\/de\/hotelzimmer-suiten\/la-florangerie-suite\/\" \/>\n<meta property=\"og:site_name\" content=\"Villa la Florangerie\" \/>\n<meta property=\"article:modified_time\" content=\"2026-02-18T12:37:09+00:00\" \/>\n<meta name=\"twitter:card\" content=\"summary_large_image\" \/>\n<meta name=\"twitter:label1\" content=\"Est. reading time\" \/>\n\t<meta name=\"twitter:data1\" content=\"1\u00a0Minute\" \/>\n<script type=\"application\/ld+json\" class=\"yoast-schema-graph\">{\"@context\":\"https:\/\/schema.org\",\"@graph\":[{\"@type\":\"WebPage\",\"@id\":\"https:\/\/www.villalaflorangerie.com\/de\/hotelzimmer-suiten\/la-florangerie-suite\/\",\"url\":\"https:\/\/www.villalaflorangerie.com\/de\/hotelzimmer-suiten\/la-florangerie-suite\/\",\"name\":\"Familienfreundliche Suite Stra\u00dfburg | Villa La Florangerie\",\"isPartOf\":{\"@id\":\"https:\/\/www.villalaflorangerie.com\/de\/#website\"},\"datePublished\":\"2026-01-22T10:59:53+00:00\",\"dateModified\":\"2026-02-18T12:37:09+00:00\",\"description\":\"Ger\u00e4umiges, familienfreundliches Hotel in Stra\u00dfburg f\u00fcr vier Personen. Die Villa La Florangerie eignet sich ideal f\u00fcr Gruppen oder Familien.\",\"breadcrumb\":{\"@id\":\"https:\/\/www.villalaflorangerie.com\/de\/hotelzimmer-suiten\/la-florangerie-suite\/#breadcrumb\"},\"inLanguage\":\"de\",\"potentialAction\":[{\"@type\":\"ReadAction\",\"target\":[\"https:\/\/www.villalaflorangerie.com\/de\/hotelzimmer-suiten\/la-florangerie-suite\/\"]}]},{\"@type\":\"BreadcrumbList\",\"@id\":\"https:\/\/www.villalaflorangerie.com\/de\/hotelzimmer-suiten\/la-florangerie-suite\/#breadcrumb\",\"itemListElement\":[{\"@type\":\"ListItem\",\"position\":1,\"name\":\"Home\",\"item\":\"https:\/\/www.villalaflorangerie.com\/de\/\"},{\"@type\":\"ListItem\",\"position\":2,\"name\":\"Hotelzimmer &#038; Suiten\",\"item\":\"https:\/\/www.villalaflorangerie.com\/de\/hotelzimmer-suiten\/\"},{\"@type\":\"ListItem\",\"position\":3,\"name\":\"La Florangerie Suite\"}]},{\"@type\":\"WebSite\",\"@id\":\"https:\/\/www.villalaflorangerie.com\/de\/#website\",\"url\":\"https:\/\/www.villalaflorangerie.com\/de\/\",\"name\":\"Villa la Florangerie\",\"description\":\"\",\"potentialAction\":[{\"@type\":\"SearchAction\",\"target\":{\"@type\":\"EntryPoint\",\"urlTemplate\":\"https:\/\/www.villalaflorangerie.com\/de\/?s={search_term_string}\"},\"query-input\":{\"@type\":\"PropertyValueSpecification\",\"valueRequired\":true,\"valueName\":\"search_term_string\"}}],\"inLanguage\":\"de\"}]}<\/script>\n<!-- \/ Yoast SEO plugin. -->","yoast_head_json":{"title":"Familienfreundliche Suite Stra\u00dfburg | Villa La Florangerie","description":"Ger\u00e4umiges, familienfreundliches Hotel in Stra\u00dfburg f\u00fcr vier Personen. Die Villa La Florangerie eignet sich ideal f\u00fcr Gruppen oder Familien.","robots":{"index":"index","follow":"follow","max-snippet":"max-snippet:-1","max-image-preview":"max-image-preview:large","max-video-preview":"max-video-preview:-1"},"canonical":"https:\/\/www.villalaflorangerie.com\/de\/hotelzimmer-suiten\/la-florangerie-suite\/","og_locale":"de_DE","og_type":"article","og_title":"Familienfreundliche Suite Stra\u00dfburg | Villa La Florangerie","og_description":"Ger\u00e4umiges, familienfreundliches Hotel in Stra\u00dfburg f\u00fcr vier Personen. Die Villa La Florangerie eignet sich ideal f\u00fcr Gruppen oder Familien.","og_url":"https:\/\/www.villalaflorangerie.com\/de\/hotelzimmer-suiten\/la-florangerie-suite\/","og_site_name":"Villa la Florangerie","article_modified_time":"2026-02-18T12:37:09+00:00","twitter_card":"summary_large_image","twitter_misc":{"Est. reading time":"1\u00a0Minute"},"schema":{"@context":"https:\/\/schema.org","@graph":[{"@type":"WebPage","@id":"https:\/\/www.villalaflorangerie.com\/de\/hotelzimmer-suiten\/la-florangerie-suite\/","url":"https:\/\/www.villalaflorangerie.com\/de\/hotelzimmer-suiten\/la-florangerie-suite\/","name":"Familienfreundliche Suite Stra\u00dfburg | Villa La Florangerie","isPartOf":{"@id":"https:\/\/www.villalaflorangerie.com\/de\/#website"},"datePublished":"2026-01-22T10:59:53+00:00","dateModified":"2026-02-18T12:37:09+00:00","description":"Ger\u00e4umiges, familienfreundliches Hotel in Stra\u00dfburg f\u00fcr vier Personen. Die Villa La Florangerie eignet sich ideal f\u00fcr Gruppen oder Familien.","breadcrumb":{"@id":"https:\/\/www.villalaflorangerie.com\/de\/hotelzimmer-suiten\/la-florangerie-suite\/#breadcrumb"},"inLanguage":"de","potentialAction":[{"@type":"ReadAction","target":["https:\/\/www.villalaflorangerie.com\/de\/hotelzimmer-suiten\/la-florangerie-suite\/"]}]},{"@type":"BreadcrumbList","@id":"https:\/\/www.villalaflorangerie.com\/de\/hotelzimmer-suiten\/la-florangerie-suite\/#breadcrumb","itemListElement":[{"@type":"ListItem","position":1,"name":"Home","item":"https:\/\/www.villalaflorangerie.com\/de\/"},{"@type":"ListItem","position":2,"name":"Hotelzimmer &#038; Suiten","item":"https:\/\/www.villalaflorangerie.com\/de\/hotelzimmer-suiten\/"},{"@type":"ListItem","position":3,"name":"La Florangerie Suite"}]},{"@type":"WebSite","@id":"https:\/\/www.villalaflorangerie.com\/de\/#website","url":"https:\/\/www.villalaflorangerie.com\/de\/","name":"Villa la Florangerie","description":"","potentialAction":[{"@type":"SearchAction","target":{"@type":"EntryPoint","urlTemplate":"https:\/\/www.villalaflorangerie.com\/de\/?s={search_term_string}"},"query-input":{"@type":"PropertyValueSpecification","valueRequired":true,"valueName":"search_term_string"}}],"inLanguage":"de"}]}},"acf":[],"_links":{"self":[{"href":"https:\/\/www.villalaflorangerie.com\/de\/wp-json\/wp\/v2\/pages\/411","targetHints":{"allow":["GET"]}}],"collection":[{"href":"https:\/\/www.villalaflorangerie.com\/de\/wp-json\/wp\/v2\/pages"}],"about":[{"href":"https:\/\/www.villalaflorangerie.com\/de\/wp-json\/wp\/v2\/types\/page"}],"author":[{"embeddable":true,"href":"https:\/\/www.villalaflorangerie.com\/de\/wp-json\/wp\/v2\/users\/13"}],"replies":[{"embeddable":true,"href":"https:\/\/www.villalaflorangerie.com\/de\/wp-json\/wp\/v2\/comments?post=411"}],"version-history":[{"count":0,"href":"https:\/\/www.villalaflorangerie.com\/de\/wp-json\/wp\/v2\/pages\/411\/revisions"}],"up":[{"embeddable":true,"href":"https:\/\/www.villalaflorangerie.com\/de\/wp-json\/wp\/v2\/pages\/404"}],"wp:attachment":[{"href":"https:\/\/www.villalaflorangerie.com\/de\/wp-json\/wp\/v2\/media?parent=411"}],"curies":[{"name":"wp","href":"https:\/\/api.w.org\/{rel}","templated":true}]}}