{"id":410,"date":"2026-01-22T10:56:55","date_gmt":"2026-01-22T10:56:55","guid":{"rendered":"https:\/\/villa-la-florangerie.ms3.decms.eu\/hotelzimmer-suiten\/chambre-double-deluxe\/"},"modified":"2026-02-18T12:35:49","modified_gmt":"2026-02-18T12:35:49","slug":"deluxe-doppelzimmer","status":"publish","type":"page","link":"https:\/\/www.villalaflorangerie.com\/de\/hotelzimmer-suiten\/deluxe-doppelzimmer\/","title":{"rendered":"Deluxe Doppelzimmer"},"content":{"rendered":"<p style=\"text-align: center;\">G\u00f6nnen Sie sich den Komfort unseres ger\u00e4umigen und eleganten <strong>Deluxe Doppelzimmers in Stra\u00dfburg<\/strong> mit zeitgen\u00f6ssischem Design. Mit hochwertiger Bettw\u00e4sche bietet dieses Zimmer den perfekten Rahmen f\u00fcr einen entspannten und stilvollen Aufenthalt in Stra\u00dfburg.<\/p>\n<p style=\"text-align: center;\">Das Zimmer ist komplett ausgestattet f\u00fcr Ihren Komfort: 200\u202fx\u202f200\u202fcm Bett, Klimaanlage, kostenpflichtige Minibar, kostenloser Safe, Bademantel, Schreibtisch, Kaffee-\/Teezubereiter, Haartrockner sowie ein Badezimmer mit Badewanne, separater Dusche und separatem WC \u2013 ideal f\u00fcr einen ruhigen Aufenthalt in unserem <strong>4-Sterne Hotel und Spa Stra\u00dfburg<\/strong>, einem der f\u00fchrenden <strong>Spa Hotels im Elsass<\/strong>.<\/p>\n","protected":false},"excerpt":{"rendered":"<p>G\u00f6nnen Sie sich den Komfort unseres ger\u00e4umigen und eleganten Deluxe Doppelzimmers in Stra\u00dfburg mit zeitgen\u00f6ssischem Design. Mit hochwertiger Bettw\u00e4sche bietet dieses Zimmer den perfekten Rahmen f\u00fcr einen entspannten und stilvollen Aufenthalt in Stra\u00dfburg. Das Zimmer ist komplett ausgestattet f\u00fcr Ihren Komfort: 200\u202fx\u202f200\u202fcm Bett, Klimaanlage, kostenpflichtige Minibar, kostenloser Safe, Bademantel, Schreibtisch, Kaffee-\/Teezubereiter, Haartrockner sowie ein Badezimmer [&hellip;]<\/p>\n","protected":false},"author":13,"featured_media":0,"parent":404,"menu_order":2,"comment_status":"closed","ping_status":"closed","template":"template-single-room.php","meta":{"footnotes":""},"class_list":["post-410","page","type-page","status-publish","hentry"],"yoast_head":"<!-- This site is optimized with the Yoast SEO plugin v26.9 - https:\/\/yoast.com\/product\/yoast-seo-wordpress\/ -->\n<title>Deluxe Zimmer im 4-Sterne Hotel in Stra\u00dfburg | Villa La Florangerie<\/title>\n<meta name=\"description\" content=\"Einzigartiger Komfort in Stra\u00dfburg: Kingsize-Bett und ein Badezimmer, das sowohl mit einer Badewanne als auch mit einer Dusche ausgestattet ist.\" \/>\n<meta name=\"robots\" content=\"index, follow, max-snippet:-1, max-image-preview:large, max-video-preview:-1\" \/>\n<link rel=\"canonical\" href=\"https:\/\/www.villalaflorangerie.com\/de\/hotelzimmer-suiten\/deluxe-doppelzimmer\/\" \/>\n<meta property=\"og:locale\" content=\"de_DE\" \/>\n<meta property=\"og:type\" content=\"article\" \/>\n<meta property=\"og:title\" content=\"Deluxe Zimmer im 4-Sterne Hotel in Stra\u00dfburg | Villa La Florangerie\" \/>\n<meta property=\"og:description\" content=\"Einzigartiger Komfort in Stra\u00dfburg: Kingsize-Bett und ein Badezimmer, das sowohl mit einer Badewanne als auch mit einer Dusche ausgestattet ist.\" \/>\n<meta property=\"og:url\" content=\"https:\/\/www.villalaflorangerie.com\/de\/hotelzimmer-suiten\/deluxe-doppelzimmer\/\" \/>\n<meta property=\"og:site_name\" content=\"Villa la Florangerie\" \/>\n<meta property=\"article:modified_time\" content=\"2026-02-18T12:35:49+00:00\" \/>\n<meta name=\"twitter:card\" content=\"summary_large_image\" \/>\n<meta name=\"twitter:label1\" content=\"Est. reading time\" \/>\n\t<meta name=\"twitter:data1\" content=\"1\u00a0Minute\" \/>\n<script type=\"application\/ld+json\" class=\"yoast-schema-graph\">{\"@context\":\"https:\/\/schema.org\",\"@graph\":[{\"@type\":\"WebPage\",\"@id\":\"https:\/\/www.villalaflorangerie.com\/de\/hotelzimmer-suiten\/deluxe-doppelzimmer\/\",\"url\":\"https:\/\/www.villalaflorangerie.com\/de\/hotelzimmer-suiten\/deluxe-doppelzimmer\/\",\"name\":\"Deluxe Zimmer im 4-Sterne Hotel in Stra\u00dfburg | Villa La Florangerie\",\"isPartOf\":{\"@id\":\"https:\/\/www.villalaflorangerie.com\/de\/#website\"},\"datePublished\":\"2026-01-22T10:56:55+00:00\",\"dateModified\":\"2026-02-18T12:35:49+00:00\",\"description\":\"Einzigartiger Komfort in Stra\u00dfburg: Kingsize-Bett und ein Badezimmer, das sowohl mit einer Badewanne als auch mit einer Dusche ausgestattet ist.\",\"breadcrumb\":{\"@id\":\"https:\/\/www.villalaflorangerie.com\/de\/hotelzimmer-suiten\/deluxe-doppelzimmer\/#breadcrumb\"},\"inLanguage\":\"de\",\"potentialAction\":[{\"@type\":\"ReadAction\",\"target\":[\"https:\/\/www.villalaflorangerie.com\/de\/hotelzimmer-suiten\/deluxe-doppelzimmer\/\"]}]},{\"@type\":\"BreadcrumbList\",\"@id\":\"https:\/\/www.villalaflorangerie.com\/de\/hotelzimmer-suiten\/deluxe-doppelzimmer\/#breadcrumb\",\"itemListElement\":[{\"@type\":\"ListItem\",\"position\":1,\"name\":\"Home\",\"item\":\"https:\/\/www.villalaflorangerie.com\/de\/\"},{\"@type\":\"ListItem\",\"position\":2,\"name\":\"Hotelzimmer &#038; Suiten\",\"item\":\"https:\/\/www.villalaflorangerie.com\/de\/hotelzimmer-suiten\/\"},{\"@type\":\"ListItem\",\"position\":3,\"name\":\"Deluxe Doppelzimmer\"}]},{\"@type\":\"WebSite\",\"@id\":\"https:\/\/www.villalaflorangerie.com\/de\/#website\",\"url\":\"https:\/\/www.villalaflorangerie.com\/de\/\",\"name\":\"Villa la Florangerie\",\"description\":\"\",\"potentialAction\":[{\"@type\":\"SearchAction\",\"target\":{\"@type\":\"EntryPoint\",\"urlTemplate\":\"https:\/\/www.villalaflorangerie.com\/de\/?s={search_term_string}\"},\"query-input\":{\"@type\":\"PropertyValueSpecification\",\"valueRequired\":true,\"valueName\":\"search_term_string\"}}],\"inLanguage\":\"de\"}]}<\/script>\n<!-- \/ Yoast SEO plugin. -->","yoast_head_json":{"title":"Deluxe Zimmer im 4-Sterne Hotel in Stra\u00dfburg | Villa La Florangerie","description":"Einzigartiger Komfort in Stra\u00dfburg: Kingsize-Bett und ein Badezimmer, das sowohl mit einer Badewanne als auch mit einer Dusche ausgestattet ist.","robots":{"index":"index","follow":"follow","max-snippet":"max-snippet:-1","max-image-preview":"max-image-preview:large","max-video-preview":"max-video-preview:-1"},"canonical":"https:\/\/www.villalaflorangerie.com\/de\/hotelzimmer-suiten\/deluxe-doppelzimmer\/","og_locale":"de_DE","og_type":"article","og_title":"Deluxe Zimmer im 4-Sterne Hotel in Stra\u00dfburg | Villa La Florangerie","og_description":"Einzigartiger Komfort in Stra\u00dfburg: Kingsize-Bett und ein Badezimmer, das sowohl mit einer Badewanne als auch mit einer Dusche ausgestattet ist.","og_url":"https:\/\/www.villalaflorangerie.com\/de\/hotelzimmer-suiten\/deluxe-doppelzimmer\/","og_site_name":"Villa la Florangerie","article_modified_time":"2026-02-18T12:35:49+00:00","twitter_card":"summary_large_image","twitter_misc":{"Est. reading time":"1\u00a0Minute"},"schema":{"@context":"https:\/\/schema.org","@graph":[{"@type":"WebPage","@id":"https:\/\/www.villalaflorangerie.com\/de\/hotelzimmer-suiten\/deluxe-doppelzimmer\/","url":"https:\/\/www.villalaflorangerie.com\/de\/hotelzimmer-suiten\/deluxe-doppelzimmer\/","name":"Deluxe Zimmer im 4-Sterne Hotel in Stra\u00dfburg | Villa La Florangerie","isPartOf":{"@id":"https:\/\/www.villalaflorangerie.com\/de\/#website"},"datePublished":"2026-01-22T10:56:55+00:00","dateModified":"2026-02-18T12:35:49+00:00","description":"Einzigartiger Komfort in Stra\u00dfburg: Kingsize-Bett und ein Badezimmer, das sowohl mit einer Badewanne als auch mit einer Dusche ausgestattet ist.","breadcrumb":{"@id":"https:\/\/www.villalaflorangerie.com\/de\/hotelzimmer-suiten\/deluxe-doppelzimmer\/#breadcrumb"},"inLanguage":"de","potentialAction":[{"@type":"ReadAction","target":["https:\/\/www.villalaflorangerie.com\/de\/hotelzimmer-suiten\/deluxe-doppelzimmer\/"]}]},{"@type":"BreadcrumbList","@id":"https:\/\/www.villalaflorangerie.com\/de\/hotelzimmer-suiten\/deluxe-doppelzimmer\/#breadcrumb","itemListElement":[{"@type":"ListItem","position":1,"name":"Home","item":"https:\/\/www.villalaflorangerie.com\/de\/"},{"@type":"ListItem","position":2,"name":"Hotelzimmer &#038; Suiten","item":"https:\/\/www.villalaflorangerie.com\/de\/hotelzimmer-suiten\/"},{"@type":"ListItem","position":3,"name":"Deluxe Doppelzimmer"}]},{"@type":"WebSite","@id":"https:\/\/www.villalaflorangerie.com\/de\/#website","url":"https:\/\/www.villalaflorangerie.com\/de\/","name":"Villa la Florangerie","description":"","potentialAction":[{"@type":"SearchAction","target":{"@type":"EntryPoint","urlTemplate":"https:\/\/www.villalaflorangerie.com\/de\/?s={search_term_string}"},"query-input":{"@type":"PropertyValueSpecification","valueRequired":true,"valueName":"search_term_string"}}],"inLanguage":"de"}]}},"acf":[],"_links":{"self":[{"href":"https:\/\/www.villalaflorangerie.com\/de\/wp-json\/wp\/v2\/pages\/410","targetHints":{"allow":["GET"]}}],"collection":[{"href":"https:\/\/www.villalaflorangerie.com\/de\/wp-json\/wp\/v2\/pages"}],"about":[{"href":"https:\/\/www.villalaflorangerie.com\/de\/wp-json\/wp\/v2\/types\/page"}],"author":[{"embeddable":true,"href":"https:\/\/www.villalaflorangerie.com\/de\/wp-json\/wp\/v2\/users\/13"}],"replies":[{"embeddable":true,"href":"https:\/\/www.villalaflorangerie.com\/de\/wp-json\/wp\/v2\/comments?post=410"}],"version-history":[{"count":0,"href":"https:\/\/www.villalaflorangerie.com\/de\/wp-json\/wp\/v2\/pages\/410\/revisions"}],"up":[{"embeddable":true,"href":"https:\/\/www.villalaflorangerie.com\/de\/wp-json\/wp\/v2\/pages\/404"}],"wp:attachment":[{"href":"https:\/\/www.villalaflorangerie.com\/de\/wp-json\/wp\/v2\/media?parent=410"}],"curies":[{"name":"wp","href":"https:\/\/api.w.org\/{rel}","templated":true}]}}