{"id":409,"date":"2026-01-22T10:56:27","date_gmt":"2026-01-22T10:56:27","guid":{"rendered":"https:\/\/villa-la-florangerie.ms3.decms.eu\/hotelzimmer-suiten\/chambre-double-superieure\/"},"modified":"2026-02-18T12:34:46","modified_gmt":"2026-02-18T12:34:46","slug":"superior-doppelzimmer","status":"publish","type":"page","link":"https:\/\/www.villalaflorangerie.com\/de\/hotelzimmer-suiten\/superior-doppelzimmer\/","title":{"rendered":"Superior Doppelzimmer"},"content":{"rendered":"<p style=\"text-align: center;\">Genie\u00dfen Sie einen hellen und eleganten Aufenthalt in unserem <strong>Superior Doppelzimmer in Stra\u00dfburg<\/strong> auf 24\u202fm\u00b2. Das Zimmer verf\u00fcgt \u00fcber Zugang zu einer privaten Terrasse, auf der Sie die Ruhe und das Gr\u00fcn rund um die Villa genie\u00dfen k\u00f6nnen. Mit einem 160\u202fcm breiten Bett kombiniert dieses Zimmer modernen Komfort mit stilvoller Raffinesse.<\/p>\n<p style=\"text-align: center;\">Alle <strong>Hotelzimmer in Stra\u00dfburg<\/strong> sind ausgestattet mit Klimaanlage, kostenpflichtiger Minibar, Safe, Bademantel, Schreibtisch, Willkommens-Set mit Nespresso-Maschine und Wasserkocher sowie Haartrockner \u2013 f\u00fcr einen entspannten Aufenthalt in unserem <strong>4-Sterne Hotel Stra\u00dfburg<\/strong>, einem der sch\u00f6nsten <strong>Hotels in Stra\u00dfburg 4 Sterne<\/strong> im Elsass.<\/p>\n","protected":false},"excerpt":{"rendered":"<p>Genie\u00dfen Sie einen hellen und eleganten Aufenthalt in unserem Superior Doppelzimmer in Stra\u00dfburg auf 24\u202fm\u00b2. Das Zimmer verf\u00fcgt \u00fcber Zugang zu einer privaten Terrasse, auf der Sie die Ruhe und das Gr\u00fcn rund um die Villa genie\u00dfen k\u00f6nnen. Mit einem 160\u202fcm breiten Bett kombiniert dieses Zimmer modernen Komfort mit stilvoller Raffinesse. Alle Hotelzimmer in Stra\u00dfburg [&hellip;]<\/p>\n","protected":false},"author":13,"featured_media":0,"parent":404,"menu_order":3,"comment_status":"closed","ping_status":"closed","template":"template-single-room.php","meta":{"footnotes":""},"class_list":["post-409","page","type-page","status-publish","hentry"],"yoast_head":"<!-- This site is optimized with the Yoast SEO plugin v26.9 - https:\/\/yoast.com\/product\/yoast-seo-wordpress\/ -->\n<title>Superior Zimmer am Orangeriepark in Stra\u00dfburg | Villa La Florangerie<\/title>\n<meta name=\"description\" content=\"Superior-Zimmer in der N\u00e4he des Orangerie-Viertels mit hochwertiger Bettw\u00e4sche und einem eleganten Ambiente in Stra\u00dfburg.\" \/>\n<meta name=\"robots\" content=\"index, follow, max-snippet:-1, max-image-preview:large, max-video-preview:-1\" \/>\n<link rel=\"canonical\" href=\"https:\/\/www.villalaflorangerie.com\/de\/hotelzimmer-suiten\/superior-doppelzimmer\/\" \/>\n<meta property=\"og:locale\" content=\"de_DE\" \/>\n<meta property=\"og:type\" content=\"article\" \/>\n<meta property=\"og:title\" content=\"Superior Zimmer am Orangeriepark in Stra\u00dfburg | Villa La Florangerie\" \/>\n<meta property=\"og:description\" content=\"Superior-Zimmer in der N\u00e4he des Orangerie-Viertels mit hochwertiger Bettw\u00e4sche und einem eleganten Ambiente in Stra\u00dfburg.\" \/>\n<meta property=\"og:url\" content=\"https:\/\/www.villalaflorangerie.com\/de\/hotelzimmer-suiten\/superior-doppelzimmer\/\" \/>\n<meta property=\"og:site_name\" content=\"Villa la Florangerie\" \/>\n<meta property=\"article:modified_time\" content=\"2026-02-18T12:34:46+00:00\" \/>\n<meta name=\"twitter:card\" content=\"summary_large_image\" \/>\n<meta name=\"twitter:label1\" content=\"Est. reading time\" \/>\n\t<meta name=\"twitter:data1\" content=\"1\u00a0Minute\" \/>\n<script type=\"application\/ld+json\" class=\"yoast-schema-graph\">{\"@context\":\"https:\/\/schema.org\",\"@graph\":[{\"@type\":\"WebPage\",\"@id\":\"https:\/\/www.villalaflorangerie.com\/de\/hotelzimmer-suiten\/superior-doppelzimmer\/\",\"url\":\"https:\/\/www.villalaflorangerie.com\/de\/hotelzimmer-suiten\/superior-doppelzimmer\/\",\"name\":\"Superior Zimmer am Orangeriepark in Stra\u00dfburg | Villa La Florangerie\",\"isPartOf\":{\"@id\":\"https:\/\/www.villalaflorangerie.com\/de\/#website\"},\"datePublished\":\"2026-01-22T10:56:27+00:00\",\"dateModified\":\"2026-02-18T12:34:46+00:00\",\"description\":\"Superior-Zimmer in der N\u00e4he des Orangerie-Viertels mit hochwertiger Bettw\u00e4sche und einem eleganten Ambiente in Stra\u00dfburg.\",\"breadcrumb\":{\"@id\":\"https:\/\/www.villalaflorangerie.com\/de\/hotelzimmer-suiten\/superior-doppelzimmer\/#breadcrumb\"},\"inLanguage\":\"de\",\"potentialAction\":[{\"@type\":\"ReadAction\",\"target\":[\"https:\/\/www.villalaflorangerie.com\/de\/hotelzimmer-suiten\/superior-doppelzimmer\/\"]}]},{\"@type\":\"BreadcrumbList\",\"@id\":\"https:\/\/www.villalaflorangerie.com\/de\/hotelzimmer-suiten\/superior-doppelzimmer\/#breadcrumb\",\"itemListElement\":[{\"@type\":\"ListItem\",\"position\":1,\"name\":\"Home\",\"item\":\"https:\/\/www.villalaflorangerie.com\/de\/\"},{\"@type\":\"ListItem\",\"position\":2,\"name\":\"Hotelzimmer &#038; Suiten\",\"item\":\"https:\/\/www.villalaflorangerie.com\/de\/hotelzimmer-suiten\/\"},{\"@type\":\"ListItem\",\"position\":3,\"name\":\"Superior Doppelzimmer\"}]},{\"@type\":\"WebSite\",\"@id\":\"https:\/\/www.villalaflorangerie.com\/de\/#website\",\"url\":\"https:\/\/www.villalaflorangerie.com\/de\/\",\"name\":\"Villa la Florangerie\",\"description\":\"\",\"potentialAction\":[{\"@type\":\"SearchAction\",\"target\":{\"@type\":\"EntryPoint\",\"urlTemplate\":\"https:\/\/www.villalaflorangerie.com\/de\/?s={search_term_string}\"},\"query-input\":{\"@type\":\"PropertyValueSpecification\",\"valueRequired\":true,\"valueName\":\"search_term_string\"}}],\"inLanguage\":\"de\"}]}<\/script>\n<!-- \/ Yoast SEO plugin. -->","yoast_head_json":{"title":"Superior Zimmer am Orangeriepark in Stra\u00dfburg | Villa La Florangerie","description":"Superior-Zimmer in der N\u00e4he des Orangerie-Viertels mit hochwertiger Bettw\u00e4sche und einem eleganten Ambiente in Stra\u00dfburg.","robots":{"index":"index","follow":"follow","max-snippet":"max-snippet:-1","max-image-preview":"max-image-preview:large","max-video-preview":"max-video-preview:-1"},"canonical":"https:\/\/www.villalaflorangerie.com\/de\/hotelzimmer-suiten\/superior-doppelzimmer\/","og_locale":"de_DE","og_type":"article","og_title":"Superior Zimmer am Orangeriepark in Stra\u00dfburg | Villa La Florangerie","og_description":"Superior-Zimmer in der N\u00e4he des Orangerie-Viertels mit hochwertiger Bettw\u00e4sche und einem eleganten Ambiente in Stra\u00dfburg.","og_url":"https:\/\/www.villalaflorangerie.com\/de\/hotelzimmer-suiten\/superior-doppelzimmer\/","og_site_name":"Villa la Florangerie","article_modified_time":"2026-02-18T12:34:46+00:00","twitter_card":"summary_large_image","twitter_misc":{"Est. reading time":"1\u00a0Minute"},"schema":{"@context":"https:\/\/schema.org","@graph":[{"@type":"WebPage","@id":"https:\/\/www.villalaflorangerie.com\/de\/hotelzimmer-suiten\/superior-doppelzimmer\/","url":"https:\/\/www.villalaflorangerie.com\/de\/hotelzimmer-suiten\/superior-doppelzimmer\/","name":"Superior Zimmer am Orangeriepark in Stra\u00dfburg | Villa La Florangerie","isPartOf":{"@id":"https:\/\/www.villalaflorangerie.com\/de\/#website"},"datePublished":"2026-01-22T10:56:27+00:00","dateModified":"2026-02-18T12:34:46+00:00","description":"Superior-Zimmer in der N\u00e4he des Orangerie-Viertels mit hochwertiger Bettw\u00e4sche und einem eleganten Ambiente in Stra\u00dfburg.","breadcrumb":{"@id":"https:\/\/www.villalaflorangerie.com\/de\/hotelzimmer-suiten\/superior-doppelzimmer\/#breadcrumb"},"inLanguage":"de","potentialAction":[{"@type":"ReadAction","target":["https:\/\/www.villalaflorangerie.com\/de\/hotelzimmer-suiten\/superior-doppelzimmer\/"]}]},{"@type":"BreadcrumbList","@id":"https:\/\/www.villalaflorangerie.com\/de\/hotelzimmer-suiten\/superior-doppelzimmer\/#breadcrumb","itemListElement":[{"@type":"ListItem","position":1,"name":"Home","item":"https:\/\/www.villalaflorangerie.com\/de\/"},{"@type":"ListItem","position":2,"name":"Hotelzimmer &#038; Suiten","item":"https:\/\/www.villalaflorangerie.com\/de\/hotelzimmer-suiten\/"},{"@type":"ListItem","position":3,"name":"Superior Doppelzimmer"}]},{"@type":"WebSite","@id":"https:\/\/www.villalaflorangerie.com\/de\/#website","url":"https:\/\/www.villalaflorangerie.com\/de\/","name":"Villa la Florangerie","description":"","potentialAction":[{"@type":"SearchAction","target":{"@type":"EntryPoint","urlTemplate":"https:\/\/www.villalaflorangerie.com\/de\/?s={search_term_string}"},"query-input":{"@type":"PropertyValueSpecification","valueRequired":true,"valueName":"search_term_string"}}],"inLanguage":"de"}]}},"acf":[],"_links":{"self":[{"href":"https:\/\/www.villalaflorangerie.com\/de\/wp-json\/wp\/v2\/pages\/409","targetHints":{"allow":["GET"]}}],"collection":[{"href":"https:\/\/www.villalaflorangerie.com\/de\/wp-json\/wp\/v2\/pages"}],"about":[{"href":"https:\/\/www.villalaflorangerie.com\/de\/wp-json\/wp\/v2\/types\/page"}],"author":[{"embeddable":true,"href":"https:\/\/www.villalaflorangerie.com\/de\/wp-json\/wp\/v2\/users\/13"}],"replies":[{"embeddable":true,"href":"https:\/\/www.villalaflorangerie.com\/de\/wp-json\/wp\/v2\/comments?post=409"}],"version-history":[{"count":0,"href":"https:\/\/www.villalaflorangerie.com\/de\/wp-json\/wp\/v2\/pages\/409\/revisions"}],"up":[{"embeddable":true,"href":"https:\/\/www.villalaflorangerie.com\/de\/wp-json\/wp\/v2\/pages\/404"}],"wp:attachment":[{"href":"https:\/\/www.villalaflorangerie.com\/de\/wp-json\/wp\/v2\/media?parent=409"}],"curies":[{"name":"wp","href":"https:\/\/api.w.org\/{rel}","templated":true}]}}