{"id":408,"date":"2026-01-22T10:30:32","date_gmt":"2026-01-22T10:30:32","guid":{"rendered":"https:\/\/villa-la-florangerie.ms3.decms.eu\/hotelzimmer-suiten\/chambre-double-classique\/"},"modified":"2026-02-18T12:33:30","modified_gmt":"2026-02-18T12:33:30","slug":"doppelzimmer-classic","status":"publish","type":"page","link":"https:\/\/www.villalaflorangerie.com\/de\/hotelzimmer-suiten\/doppelzimmer-classic\/","title":{"rendered":"Doppelzimmer Classic"},"content":{"rendered":"<p style=\"text-align: center;\">Komfortabel und elegant, bietet unser <strong>Doppelzimmer Classic in Stra\u00dfburg<\/strong> auf 14\u202fm\u00b2 den idealen Rahmen f\u00fcr einen gem\u00fctlichen Aufenthalt. Es verf\u00fcgt \u00fcber ein 140\u202fcm breites Doppelbett und ein eigenes Badezimmer mit Dusche, WC und Badem\u00e4nteln.<\/p>\n<p style=\"text-align: center;\">F\u00fcr Ihren Komfort sind alle <strong>Hotelzimmer in Stra\u00dfburg<\/strong> mit Klimaanlage, kostenpflichtiger Minibar, Safe, Bademantel, Schreibtisch, Willkommens-Set mit Nespresso-Maschine und Wasserkocher sowie Haartrockner ausgestattet \u2013 perfekt f\u00fcr einen entspannten Aufenthalt in unserem <strong>4-Sterne Hotel Stra\u00dfburg<\/strong>, einem der sch\u00f6nsten <strong>Hotels in Stra\u00dfburg 4 Sterne<\/strong> im Elsass.<\/p>\n","protected":false},"excerpt":{"rendered":"<p>Komfortabel und elegant, bietet unser Doppelzimmer Classic in Stra\u00dfburg auf 14\u202fm\u00b2 den idealen Rahmen f\u00fcr einen gem\u00fctlichen Aufenthalt. Es verf\u00fcgt \u00fcber ein 140\u202fcm breites Doppelbett und ein eigenes Badezimmer mit Dusche, WC und Badem\u00e4nteln. F\u00fcr Ihren Komfort sind alle Hotelzimmer in Stra\u00dfburg mit Klimaanlage, kostenpflichtiger Minibar, Safe, Bademantel, Schreibtisch, Willkommens-Set mit Nespresso-Maschine und Wasserkocher sowie [&hellip;]<\/p>\n","protected":false},"author":13,"featured_media":0,"parent":404,"menu_order":4,"comment_status":"closed","ping_status":"closed","template":"template-single-room.php","meta":{"footnotes":""},"class_list":["post-408","page","type-page","status-publish","hentry"],"yoast_head":"<!-- This site is optimized with the Yoast SEO plugin v26.9 - https:\/\/yoast.com\/product\/yoast-seo-wordpress\/ -->\n<title>Classic Zimmer mit Terrasse in Stra\u00dfburg | Villa La Florangerie<\/title>\n<meta name=\"description\" content=\"Genie\u00dfen Sie eine sch\u00f6ne Tasse Kaffee auf Ihrer eigenen Terrasse: Unser Classic-Zimmer mit Eichenparkett ist die ideale Wahl f\u00fcr Ihren Aufenthalt in Stra\u00dfburg.\" \/>\n<meta name=\"robots\" content=\"index, follow, max-snippet:-1, max-image-preview:large, max-video-preview:-1\" \/>\n<link rel=\"canonical\" href=\"https:\/\/www.villalaflorangerie.com\/de\/hotelzimmer-suiten\/doppelzimmer-classic\/\" \/>\n<meta property=\"og:locale\" content=\"de_DE\" \/>\n<meta property=\"og:type\" content=\"article\" \/>\n<meta property=\"og:title\" content=\"Classic Zimmer mit Terrasse in Stra\u00dfburg | Villa La Florangerie\" \/>\n<meta property=\"og:description\" content=\"Genie\u00dfen Sie eine sch\u00f6ne Tasse Kaffee auf Ihrer eigenen Terrasse: Unser Classic-Zimmer mit Eichenparkett ist die ideale Wahl f\u00fcr Ihren Aufenthalt in Stra\u00dfburg.\" \/>\n<meta property=\"og:url\" content=\"https:\/\/www.villalaflorangerie.com\/de\/hotelzimmer-suiten\/doppelzimmer-classic\/\" \/>\n<meta property=\"og:site_name\" content=\"Villa la Florangerie\" \/>\n<meta property=\"article:modified_time\" content=\"2026-02-18T12:33:30+00:00\" \/>\n<meta name=\"twitter:card\" content=\"summary_large_image\" \/>\n<meta name=\"twitter:label1\" content=\"Est. reading time\" \/>\n\t<meta name=\"twitter:data1\" content=\"1\u00a0Minute\" \/>\n<script type=\"application\/ld+json\" class=\"yoast-schema-graph\">{\"@context\":\"https:\/\/schema.org\",\"@graph\":[{\"@type\":\"WebPage\",\"@id\":\"https:\/\/www.villalaflorangerie.com\/de\/hotelzimmer-suiten\/doppelzimmer-classic\/\",\"url\":\"https:\/\/www.villalaflorangerie.com\/de\/hotelzimmer-suiten\/doppelzimmer-classic\/\",\"name\":\"Classic Zimmer mit Terrasse in Stra\u00dfburg | Villa La Florangerie\",\"isPartOf\":{\"@id\":\"https:\/\/www.villalaflorangerie.com\/de\/#website\"},\"datePublished\":\"2026-01-22T10:30:32+00:00\",\"dateModified\":\"2026-02-18T12:33:30+00:00\",\"description\":\"Genie\u00dfen Sie eine sch\u00f6ne Tasse Kaffee auf Ihrer eigenen Terrasse: Unser Classic-Zimmer mit Eichenparkett ist die ideale Wahl f\u00fcr Ihren Aufenthalt in Stra\u00dfburg.\",\"breadcrumb\":{\"@id\":\"https:\/\/www.villalaflorangerie.com\/de\/hotelzimmer-suiten\/doppelzimmer-classic\/#breadcrumb\"},\"inLanguage\":\"de\",\"potentialAction\":[{\"@type\":\"ReadAction\",\"target\":[\"https:\/\/www.villalaflorangerie.com\/de\/hotelzimmer-suiten\/doppelzimmer-classic\/\"]}]},{\"@type\":\"BreadcrumbList\",\"@id\":\"https:\/\/www.villalaflorangerie.com\/de\/hotelzimmer-suiten\/doppelzimmer-classic\/#breadcrumb\",\"itemListElement\":[{\"@type\":\"ListItem\",\"position\":1,\"name\":\"Home\",\"item\":\"https:\/\/www.villalaflorangerie.com\/de\/\"},{\"@type\":\"ListItem\",\"position\":2,\"name\":\"Hotelzimmer &#038; Suiten\",\"item\":\"https:\/\/www.villalaflorangerie.com\/de\/hotelzimmer-suiten\/\"},{\"@type\":\"ListItem\",\"position\":3,\"name\":\"Doppelzimmer Classic\"}]},{\"@type\":\"WebSite\",\"@id\":\"https:\/\/www.villalaflorangerie.com\/de\/#website\",\"url\":\"https:\/\/www.villalaflorangerie.com\/de\/\",\"name\":\"Villa la Florangerie\",\"description\":\"\",\"potentialAction\":[{\"@type\":\"SearchAction\",\"target\":{\"@type\":\"EntryPoint\",\"urlTemplate\":\"https:\/\/www.villalaflorangerie.com\/de\/?s={search_term_string}\"},\"query-input\":{\"@type\":\"PropertyValueSpecification\",\"valueRequired\":true,\"valueName\":\"search_term_string\"}}],\"inLanguage\":\"de\"}]}<\/script>\n<!-- \/ Yoast SEO plugin. -->","yoast_head_json":{"title":"Classic Zimmer mit Terrasse in Stra\u00dfburg | Villa La Florangerie","description":"Genie\u00dfen Sie eine sch\u00f6ne Tasse Kaffee auf Ihrer eigenen Terrasse: Unser Classic-Zimmer mit Eichenparkett ist die ideale Wahl f\u00fcr Ihren Aufenthalt in Stra\u00dfburg.","robots":{"index":"index","follow":"follow","max-snippet":"max-snippet:-1","max-image-preview":"max-image-preview:large","max-video-preview":"max-video-preview:-1"},"canonical":"https:\/\/www.villalaflorangerie.com\/de\/hotelzimmer-suiten\/doppelzimmer-classic\/","og_locale":"de_DE","og_type":"article","og_title":"Classic Zimmer mit Terrasse in Stra\u00dfburg | Villa La Florangerie","og_description":"Genie\u00dfen Sie eine sch\u00f6ne Tasse Kaffee auf Ihrer eigenen Terrasse: Unser Classic-Zimmer mit Eichenparkett ist die ideale Wahl f\u00fcr Ihren Aufenthalt in Stra\u00dfburg.","og_url":"https:\/\/www.villalaflorangerie.com\/de\/hotelzimmer-suiten\/doppelzimmer-classic\/","og_site_name":"Villa la Florangerie","article_modified_time":"2026-02-18T12:33:30+00:00","twitter_card":"summary_large_image","twitter_misc":{"Est. reading time":"1\u00a0Minute"},"schema":{"@context":"https:\/\/schema.org","@graph":[{"@type":"WebPage","@id":"https:\/\/www.villalaflorangerie.com\/de\/hotelzimmer-suiten\/doppelzimmer-classic\/","url":"https:\/\/www.villalaflorangerie.com\/de\/hotelzimmer-suiten\/doppelzimmer-classic\/","name":"Classic Zimmer mit Terrasse in Stra\u00dfburg | Villa La Florangerie","isPartOf":{"@id":"https:\/\/www.villalaflorangerie.com\/de\/#website"},"datePublished":"2026-01-22T10:30:32+00:00","dateModified":"2026-02-18T12:33:30+00:00","description":"Genie\u00dfen Sie eine sch\u00f6ne Tasse Kaffee auf Ihrer eigenen Terrasse: Unser Classic-Zimmer mit Eichenparkett ist die ideale Wahl f\u00fcr Ihren Aufenthalt in Stra\u00dfburg.","breadcrumb":{"@id":"https:\/\/www.villalaflorangerie.com\/de\/hotelzimmer-suiten\/doppelzimmer-classic\/#breadcrumb"},"inLanguage":"de","potentialAction":[{"@type":"ReadAction","target":["https:\/\/www.villalaflorangerie.com\/de\/hotelzimmer-suiten\/doppelzimmer-classic\/"]}]},{"@type":"BreadcrumbList","@id":"https:\/\/www.villalaflorangerie.com\/de\/hotelzimmer-suiten\/doppelzimmer-classic\/#breadcrumb","itemListElement":[{"@type":"ListItem","position":1,"name":"Home","item":"https:\/\/www.villalaflorangerie.com\/de\/"},{"@type":"ListItem","position":2,"name":"Hotelzimmer &#038; Suiten","item":"https:\/\/www.villalaflorangerie.com\/de\/hotelzimmer-suiten\/"},{"@type":"ListItem","position":3,"name":"Doppelzimmer Classic"}]},{"@type":"WebSite","@id":"https:\/\/www.villalaflorangerie.com\/de\/#website","url":"https:\/\/www.villalaflorangerie.com\/de\/","name":"Villa la Florangerie","description":"","potentialAction":[{"@type":"SearchAction","target":{"@type":"EntryPoint","urlTemplate":"https:\/\/www.villalaflorangerie.com\/de\/?s={search_term_string}"},"query-input":{"@type":"PropertyValueSpecification","valueRequired":true,"valueName":"search_term_string"}}],"inLanguage":"de"}]}},"acf":[],"_links":{"self":[{"href":"https:\/\/www.villalaflorangerie.com\/de\/wp-json\/wp\/v2\/pages\/408","targetHints":{"allow":["GET"]}}],"collection":[{"href":"https:\/\/www.villalaflorangerie.com\/de\/wp-json\/wp\/v2\/pages"}],"about":[{"href":"https:\/\/www.villalaflorangerie.com\/de\/wp-json\/wp\/v2\/types\/page"}],"author":[{"embeddable":true,"href":"https:\/\/www.villalaflorangerie.com\/de\/wp-json\/wp\/v2\/users\/13"}],"replies":[{"embeddable":true,"href":"https:\/\/www.villalaflorangerie.com\/de\/wp-json\/wp\/v2\/comments?post=408"}],"version-history":[{"count":0,"href":"https:\/\/www.villalaflorangerie.com\/de\/wp-json\/wp\/v2\/pages\/408\/revisions"}],"up":[{"embeddable":true,"href":"https:\/\/www.villalaflorangerie.com\/de\/wp-json\/wp\/v2\/pages\/404"}],"wp:attachment":[{"href":"https:\/\/www.villalaflorangerie.com\/de\/wp-json\/wp\/v2\/media?parent=408"}],"curies":[{"name":"wp","href":"https:\/\/api.w.org\/{rel}","templated":true}]}}