{"id":407,"date":"2026-01-22T10:23:49","date_gmt":"2026-01-22T10:23:49","guid":{"rendered":"https:\/\/villa-la-florangerie.ms3.decms.eu\/hotelzimmer-suiten\/chambre-double-balneo\/"},"modified":"2026-02-18T12:32:19","modified_gmt":"2026-02-18T12:32:19","slug":"doppelzimmer-mit-balneotherapie-bad","status":"publish","type":"page","link":"https:\/\/www.villalaflorangerie.com\/de\/hotelzimmer-suiten\/doppelzimmer-mit-balneotherapie-bad\/","title":{"rendered":"Doppelzimmer mit Balneotherapie-Bad"},"content":{"rendered":"<p style=\"text-align: center;\">G\u00f6nnen Sie sich einen Moment purer Entspannung in unserem <strong>Doppelzimmer mit Balneotherapie-Bad in Stra\u00dfburg<\/strong>. Dieses ger\u00e4umige und elegante Zimmer verf\u00fcgt \u00fcber eine Balneo-Badewanne, ideal f\u00fcr ein wohltuendes Bad nach einem ereignisreichen Tag.<\/p>\n<p style=\"text-align: center;\">F\u00fcr maximalen Komfort sind alle <strong>Hotelzimmer in Stra\u00dfburg<\/strong> mit Klimaanlage, kostenpflichtigem Minibar, Safe, Bademantel, Schreibtisch, Willkommensset mit Nespresso-Maschine und Wasserkocher sowie Haartrockner ausgestattet \u2013 perfekt f\u00fcr einen sorglosen Aufenthalt in unserem <strong>4-Sterne Spa Hotel Stra\u00dfburg<\/strong>.<\/p>\n<p style=\"text-align: center;\">Als eines der f\u00fchrenden <strong>Spa Hotels im Elsass<\/strong> verbindet die Villa La Florangerie Design, Wellness und Privatsph\u00e4re f\u00fcr einen unvergesslichen Aufenthalt.<\/p>\n","protected":false},"excerpt":{"rendered":"<p>G\u00f6nnen Sie sich einen Moment purer Entspannung in unserem Doppelzimmer mit Balneotherapie-Bad in Stra\u00dfburg. Dieses ger\u00e4umige und elegante Zimmer verf\u00fcgt \u00fcber eine Balneo-Badewanne, ideal f\u00fcr ein wohltuendes Bad nach einem ereignisreichen Tag. F\u00fcr maximalen Komfort sind alle Hotelzimmer in Stra\u00dfburg mit Klimaanlage, kostenpflichtigem Minibar, Safe, Bademantel, Schreibtisch, Willkommensset mit Nespresso-Maschine und Wasserkocher sowie Haartrockner ausgestattet [&hellip;]<\/p>\n","protected":false},"author":13,"featured_media":0,"parent":404,"menu_order":5,"comment_status":"closed","ping_status":"closed","template":"template-single-room.php","meta":{"footnotes":""},"class_list":["post-407","page","type-page","status-publish","hentry"],"yoast_head":"<!-- This site is optimized with the Yoast SEO plugin v26.9 - https:\/\/yoast.com\/product\/yoast-seo-wordpress\/ -->\n<title>Stra\u00dfburg Hotel mit Balneo im Zimmer | Villa La Florangerie<\/title>\n<meta name=\"description\" content=\"Freuen Sie sich in Stra\u00dfburg auf ein Hotel mit Balneo im Zimmer, Entspannung, Privatsph\u00e4re und 4-Sterne-Komfort f\u00fcr einen exklusiven Aufenthalt.\" \/>\n<meta name=\"robots\" content=\"index, follow, max-snippet:-1, max-image-preview:large, max-video-preview:-1\" \/>\n<link rel=\"canonical\" href=\"https:\/\/www.villalaflorangerie.com\/de\/hotelzimmer-suiten\/doppelzimmer-mit-balneotherapie-bad\/\" \/>\n<meta property=\"og:locale\" content=\"de_DE\" \/>\n<meta property=\"og:type\" content=\"article\" \/>\n<meta property=\"og:title\" content=\"Stra\u00dfburg Hotel mit Balneo im Zimmer | Villa La Florangerie\" \/>\n<meta property=\"og:description\" content=\"Freuen Sie sich in Stra\u00dfburg auf ein Hotel mit Balneo im Zimmer, Entspannung, Privatsph\u00e4re und 4-Sterne-Komfort f\u00fcr einen exklusiven Aufenthalt.\" \/>\n<meta property=\"og:url\" content=\"https:\/\/www.villalaflorangerie.com\/de\/hotelzimmer-suiten\/doppelzimmer-mit-balneotherapie-bad\/\" \/>\n<meta property=\"og:site_name\" content=\"Villa la Florangerie\" \/>\n<meta property=\"article:modified_time\" content=\"2026-02-18T12:32:19+00:00\" \/>\n<meta name=\"twitter:card\" content=\"summary_large_image\" \/>\n<meta name=\"twitter:label1\" content=\"Est. reading time\" \/>\n\t<meta name=\"twitter:data1\" content=\"1\u00a0Minute\" \/>\n<script type=\"application\/ld+json\" class=\"yoast-schema-graph\">{\"@context\":\"https:\/\/schema.org\",\"@graph\":[{\"@type\":\"WebPage\",\"@id\":\"https:\/\/www.villalaflorangerie.com\/de\/hotelzimmer-suiten\/doppelzimmer-mit-balneotherapie-bad\/\",\"url\":\"https:\/\/www.villalaflorangerie.com\/de\/hotelzimmer-suiten\/doppelzimmer-mit-balneotherapie-bad\/\",\"name\":\"Stra\u00dfburg Hotel mit Balneo im Zimmer | Villa La Florangerie\",\"isPartOf\":{\"@id\":\"https:\/\/www.villalaflorangerie.com\/de\/#website\"},\"datePublished\":\"2026-01-22T10:23:49+00:00\",\"dateModified\":\"2026-02-18T12:32:19+00:00\",\"description\":\"Freuen Sie sich in Stra\u00dfburg auf ein Hotel mit Balneo im Zimmer, Entspannung, Privatsph\u00e4re und 4-Sterne-Komfort f\u00fcr einen exklusiven Aufenthalt.\",\"breadcrumb\":{\"@id\":\"https:\/\/www.villalaflorangerie.com\/de\/hotelzimmer-suiten\/doppelzimmer-mit-balneotherapie-bad\/#breadcrumb\"},\"inLanguage\":\"de\",\"potentialAction\":[{\"@type\":\"ReadAction\",\"target\":[\"https:\/\/www.villalaflorangerie.com\/de\/hotelzimmer-suiten\/doppelzimmer-mit-balneotherapie-bad\/\"]}]},{\"@type\":\"BreadcrumbList\",\"@id\":\"https:\/\/www.villalaflorangerie.com\/de\/hotelzimmer-suiten\/doppelzimmer-mit-balneotherapie-bad\/#breadcrumb\",\"itemListElement\":[{\"@type\":\"ListItem\",\"position\":1,\"name\":\"Home\",\"item\":\"https:\/\/www.villalaflorangerie.com\/de\/\"},{\"@type\":\"ListItem\",\"position\":2,\"name\":\"Hotelzimmer &#038; Suiten\",\"item\":\"https:\/\/www.villalaflorangerie.com\/de\/hotelzimmer-suiten\/\"},{\"@type\":\"ListItem\",\"position\":3,\"name\":\"Doppelzimmer mit Balneotherapie-Bad\"}]},{\"@type\":\"WebSite\",\"@id\":\"https:\/\/www.villalaflorangerie.com\/de\/#website\",\"url\":\"https:\/\/www.villalaflorangerie.com\/de\/\",\"name\":\"Villa la Florangerie\",\"description\":\"\",\"potentialAction\":[{\"@type\":\"SearchAction\",\"target\":{\"@type\":\"EntryPoint\",\"urlTemplate\":\"https:\/\/www.villalaflorangerie.com\/de\/?s={search_term_string}\"},\"query-input\":{\"@type\":\"PropertyValueSpecification\",\"valueRequired\":true,\"valueName\":\"search_term_string\"}}],\"inLanguage\":\"de\"}]}<\/script>\n<!-- \/ Yoast SEO plugin. -->","yoast_head_json":{"title":"Stra\u00dfburg Hotel mit Balneo im Zimmer | Villa La Florangerie","description":"Freuen Sie sich in Stra\u00dfburg auf ein Hotel mit Balneo im Zimmer, Entspannung, Privatsph\u00e4re und 4-Sterne-Komfort f\u00fcr einen exklusiven Aufenthalt.","robots":{"index":"index","follow":"follow","max-snippet":"max-snippet:-1","max-image-preview":"max-image-preview:large","max-video-preview":"max-video-preview:-1"},"canonical":"https:\/\/www.villalaflorangerie.com\/de\/hotelzimmer-suiten\/doppelzimmer-mit-balneotherapie-bad\/","og_locale":"de_DE","og_type":"article","og_title":"Stra\u00dfburg Hotel mit Balneo im Zimmer | Villa La Florangerie","og_description":"Freuen Sie sich in Stra\u00dfburg auf ein Hotel mit Balneo im Zimmer, Entspannung, Privatsph\u00e4re und 4-Sterne-Komfort f\u00fcr einen exklusiven Aufenthalt.","og_url":"https:\/\/www.villalaflorangerie.com\/de\/hotelzimmer-suiten\/doppelzimmer-mit-balneotherapie-bad\/","og_site_name":"Villa la Florangerie","article_modified_time":"2026-02-18T12:32:19+00:00","twitter_card":"summary_large_image","twitter_misc":{"Est. reading time":"1\u00a0Minute"},"schema":{"@context":"https:\/\/schema.org","@graph":[{"@type":"WebPage","@id":"https:\/\/www.villalaflorangerie.com\/de\/hotelzimmer-suiten\/doppelzimmer-mit-balneotherapie-bad\/","url":"https:\/\/www.villalaflorangerie.com\/de\/hotelzimmer-suiten\/doppelzimmer-mit-balneotherapie-bad\/","name":"Stra\u00dfburg Hotel mit Balneo im Zimmer | Villa La Florangerie","isPartOf":{"@id":"https:\/\/www.villalaflorangerie.com\/de\/#website"},"datePublished":"2026-01-22T10:23:49+00:00","dateModified":"2026-02-18T12:32:19+00:00","description":"Freuen Sie sich in Stra\u00dfburg auf ein Hotel mit Balneo im Zimmer, Entspannung, Privatsph\u00e4re und 4-Sterne-Komfort f\u00fcr einen exklusiven Aufenthalt.","breadcrumb":{"@id":"https:\/\/www.villalaflorangerie.com\/de\/hotelzimmer-suiten\/doppelzimmer-mit-balneotherapie-bad\/#breadcrumb"},"inLanguage":"de","potentialAction":[{"@type":"ReadAction","target":["https:\/\/www.villalaflorangerie.com\/de\/hotelzimmer-suiten\/doppelzimmer-mit-balneotherapie-bad\/"]}]},{"@type":"BreadcrumbList","@id":"https:\/\/www.villalaflorangerie.com\/de\/hotelzimmer-suiten\/doppelzimmer-mit-balneotherapie-bad\/#breadcrumb","itemListElement":[{"@type":"ListItem","position":1,"name":"Home","item":"https:\/\/www.villalaflorangerie.com\/de\/"},{"@type":"ListItem","position":2,"name":"Hotelzimmer &#038; Suiten","item":"https:\/\/www.villalaflorangerie.com\/de\/hotelzimmer-suiten\/"},{"@type":"ListItem","position":3,"name":"Doppelzimmer mit Balneotherapie-Bad"}]},{"@type":"WebSite","@id":"https:\/\/www.villalaflorangerie.com\/de\/#website","url":"https:\/\/www.villalaflorangerie.com\/de\/","name":"Villa la Florangerie","description":"","potentialAction":[{"@type":"SearchAction","target":{"@type":"EntryPoint","urlTemplate":"https:\/\/www.villalaflorangerie.com\/de\/?s={search_term_string}"},"query-input":{"@type":"PropertyValueSpecification","valueRequired":true,"valueName":"search_term_string"}}],"inLanguage":"de"}]}},"acf":[],"_links":{"self":[{"href":"https:\/\/www.villalaflorangerie.com\/de\/wp-json\/wp\/v2\/pages\/407","targetHints":{"allow":["GET"]}}],"collection":[{"href":"https:\/\/www.villalaflorangerie.com\/de\/wp-json\/wp\/v2\/pages"}],"about":[{"href":"https:\/\/www.villalaflorangerie.com\/de\/wp-json\/wp\/v2\/types\/page"}],"author":[{"embeddable":true,"href":"https:\/\/www.villalaflorangerie.com\/de\/wp-json\/wp\/v2\/users\/13"}],"replies":[{"embeddable":true,"href":"https:\/\/www.villalaflorangerie.com\/de\/wp-json\/wp\/v2\/comments?post=407"}],"version-history":[{"count":0,"href":"https:\/\/www.villalaflorangerie.com\/de\/wp-json\/wp\/v2\/pages\/407\/revisions"}],"up":[{"embeddable":true,"href":"https:\/\/www.villalaflorangerie.com\/de\/wp-json\/wp\/v2\/pages\/404"}],"wp:attachment":[{"href":"https:\/\/www.villalaflorangerie.com\/de\/wp-json\/wp\/v2\/media?parent=407"}],"curies":[{"name":"wp","href":"https:\/\/api.w.org\/{rel}","templated":true}]}}