{"id":403,"date":"2025-12-29T13:29:38","date_gmt":"2025-12-29T13:29:38","guid":{"rendered":"https:\/\/villa-la-florangerie.ms3.decms.eu\/sample-page\/"},"modified":"2026-02-23T08:40:25","modified_gmt":"2026-02-23T08:40:25","slug":"hotel-spa-villa-la-florangerie","status":"publish","type":"page","link":"https:\/\/www.villalaflorangerie.com\/de\/","title":{"rendered":"H\u00f4tel &#038; Spa Villa La Florangerie"},"content":{"rendered":"<p style=\"text-align: center;\">Gegen\u00fcber dem Parc de l\u2019Orangerie gelegen, l\u00e4dt Sie unser <strong>4-Sterne Spa Hotel in Stra\u00dfburg<\/strong> zum Tr\u00e4umen ein. Zwischen 1950er-Design und modernem Komfort erleben Sie eine zeitlose Auszeit in einem der elegantesten <strong>Hotels in Stra\u00dfburg, Frankreich<\/strong>.<br \/>\nAls stilvolles <strong>Hotel im Elsass 4 Sterne<\/strong> vereint die Villa La Florangerie Wellness, Ruhe und gehobenen Service und z\u00e4hlt zu den sch\u00f6nsten <strong>Spa Hotels im Elsass<\/strong> f\u00fcr einen unvergesslichen Aufenthalt.<\/p>\n","protected":false},"excerpt":{"rendered":"<p>Gegen\u00fcber dem Parc de l\u2019Orangerie gelegen, l\u00e4dt Sie unser 4-Sterne Spa Hotel in Stra\u00dfburg zum Tr\u00e4umen ein. Zwischen 1950er-Design und modernem Komfort erleben Sie eine zeitlose Auszeit in einem der elegantesten Hotels in Stra\u00dfburg, Frankreich. Als stilvolles Hotel im Elsass 4 Sterne vereint die Villa La Florangerie Wellness, Ruhe und gehobenen Service und z\u00e4hlt zu [&hellip;]<\/p>\n","protected":false},"author":13,"featured_media":0,"parent":0,"menu_order":0,"comment_status":"closed","ping_status":"closed","template":"","meta":{"footnotes":""},"class_list":["post-403","page","type-page","status-publish","hentry"],"yoast_head":"<!-- This site is optimized with the Yoast SEO plugin v26.9 - https:\/\/yoast.com\/product\/yoast-seo-wordpress\/ -->\n<title>4-Sterne Spa Hotel in Stra\u00dfburg Frankreich | Villa La Florangerie<\/title>\n<meta name=\"description\" content=\"Unser 4-Sterne Spa-Hotel in Stra\u00dfburg im Elsass, nahe dem Orangeriepark, verbindet 1950er-Design mit modernem Komfort, Pool, Sauna und Wellness.\" \/>\n<meta name=\"robots\" content=\"index, follow, max-snippet:-1, max-image-preview:large, max-video-preview:-1\" \/>\n<link rel=\"canonical\" href=\"https:\/\/www.villalaflorangerie.com\/de\/\" \/>\n<meta property=\"og:locale\" content=\"de_DE\" \/>\n<meta property=\"og:type\" content=\"article\" \/>\n<meta property=\"og:title\" content=\"4-Sterne Spa Hotel in Stra\u00dfburg Frankreich | Villa La Florangerie\" \/>\n<meta property=\"og:description\" content=\"Unser 4-Sterne Spa-Hotel in Stra\u00dfburg im Elsass, nahe dem Orangeriepark, verbindet 1950er-Design mit modernem Komfort, Pool, Sauna und Wellness.\" \/>\n<meta property=\"og:url\" content=\"https:\/\/www.villalaflorangerie.com\/de\/\" \/>\n<meta property=\"og:site_name\" content=\"Villa la Florangerie\" \/>\n<meta property=\"article:modified_time\" content=\"2026-02-23T08:40:25+00:00\" \/>\n<meta name=\"twitter:card\" content=\"summary_large_image\" \/>\n<meta name=\"twitter:label1\" content=\"Est. reading time\" \/>\n\t<meta name=\"twitter:data1\" content=\"1\u00a0Minute\" \/>\n<script type=\"application\/ld+json\" class=\"yoast-schema-graph\">{\"@context\":\"https:\/\/schema.org\",\"@graph\":[{\"@type\":\"WebPage\",\"@id\":\"https:\/\/www.villalaflorangerie.com\/de\/\",\"url\":\"https:\/\/www.villalaflorangerie.com\/de\/\",\"name\":\"4-Sterne Spa Hotel in Stra\u00dfburg Frankreich | Villa La Florangerie\",\"isPartOf\":{\"@id\":\"https:\/\/www.villalaflorangerie.com\/de\/#website\"},\"datePublished\":\"2025-12-29T13:29:38+00:00\",\"dateModified\":\"2026-02-23T08:40:25+00:00\",\"description\":\"Unser 4-Sterne Spa-Hotel in Stra\u00dfburg im Elsass, nahe dem Orangeriepark, verbindet 1950er-Design mit modernem Komfort, Pool, Sauna und Wellness.\",\"breadcrumb\":{\"@id\":\"https:\/\/www.villalaflorangerie.com\/de\/#breadcrumb\"},\"inLanguage\":\"de\",\"potentialAction\":[{\"@type\":\"ReadAction\",\"target\":[\"https:\/\/www.villalaflorangerie.com\/de\/\"]}]},{\"@type\":\"BreadcrumbList\",\"@id\":\"https:\/\/www.villalaflorangerie.com\/de\/#breadcrumb\",\"itemListElement\":[{\"@type\":\"ListItem\",\"position\":1,\"name\":\"Home\",\"item\":\"https:\/\/www.villalaflorangerie.com\/de\/\"},{\"@type\":\"ListItem\",\"position\":2,\"name\":\"H\u00f4tel &#038; Spa Villa La Florangerie\"}]},{\"@type\":\"WebSite\",\"@id\":\"https:\/\/www.villalaflorangerie.com\/de\/#website\",\"url\":\"https:\/\/www.villalaflorangerie.com\/de\/\",\"name\":\"Villa la Florangerie\",\"description\":\"\",\"potentialAction\":[{\"@type\":\"SearchAction\",\"target\":{\"@type\":\"EntryPoint\",\"urlTemplate\":\"https:\/\/www.villalaflorangerie.com\/de\/?s={search_term_string}\"},\"query-input\":{\"@type\":\"PropertyValueSpecification\",\"valueRequired\":true,\"valueName\":\"search_term_string\"}}],\"inLanguage\":\"de\"}]}<\/script>\n<!-- \/ Yoast SEO plugin. -->","yoast_head_json":{"title":"4-Sterne Spa Hotel in Stra\u00dfburg Frankreich | Villa La Florangerie","description":"Unser 4-Sterne Spa-Hotel in Stra\u00dfburg im Elsass, nahe dem Orangeriepark, verbindet 1950er-Design mit modernem Komfort, Pool, Sauna und Wellness.","robots":{"index":"index","follow":"follow","max-snippet":"max-snippet:-1","max-image-preview":"max-image-preview:large","max-video-preview":"max-video-preview:-1"},"canonical":"https:\/\/www.villalaflorangerie.com\/de\/","og_locale":"de_DE","og_type":"article","og_title":"4-Sterne Spa Hotel in Stra\u00dfburg Frankreich | Villa La Florangerie","og_description":"Unser 4-Sterne Spa-Hotel in Stra\u00dfburg im Elsass, nahe dem Orangeriepark, verbindet 1950er-Design mit modernem Komfort, Pool, Sauna und Wellness.","og_url":"https:\/\/www.villalaflorangerie.com\/de\/","og_site_name":"Villa la Florangerie","article_modified_time":"2026-02-23T08:40:25+00:00","twitter_card":"summary_large_image","twitter_misc":{"Est. reading time":"1\u00a0Minute"},"schema":{"@context":"https:\/\/schema.org","@graph":[{"@type":"WebPage","@id":"https:\/\/www.villalaflorangerie.com\/de\/","url":"https:\/\/www.villalaflorangerie.com\/de\/","name":"4-Sterne Spa Hotel in Stra\u00dfburg Frankreich | Villa La Florangerie","isPartOf":{"@id":"https:\/\/www.villalaflorangerie.com\/de\/#website"},"datePublished":"2025-12-29T13:29:38+00:00","dateModified":"2026-02-23T08:40:25+00:00","description":"Unser 4-Sterne Spa-Hotel in Stra\u00dfburg im Elsass, nahe dem Orangeriepark, verbindet 1950er-Design mit modernem Komfort, Pool, Sauna und Wellness.","breadcrumb":{"@id":"https:\/\/www.villalaflorangerie.com\/de\/#breadcrumb"},"inLanguage":"de","potentialAction":[{"@type":"ReadAction","target":["https:\/\/www.villalaflorangerie.com\/de\/"]}]},{"@type":"BreadcrumbList","@id":"https:\/\/www.villalaflorangerie.com\/de\/#breadcrumb","itemListElement":[{"@type":"ListItem","position":1,"name":"Home","item":"https:\/\/www.villalaflorangerie.com\/de\/"},{"@type":"ListItem","position":2,"name":"H\u00f4tel &#038; Spa Villa La Florangerie"}]},{"@type":"WebSite","@id":"https:\/\/www.villalaflorangerie.com\/de\/#website","url":"https:\/\/www.villalaflorangerie.com\/de\/","name":"Villa la Florangerie","description":"","potentialAction":[{"@type":"SearchAction","target":{"@type":"EntryPoint","urlTemplate":"https:\/\/www.villalaflorangerie.com\/de\/?s={search_term_string}"},"query-input":{"@type":"PropertyValueSpecification","valueRequired":true,"valueName":"search_term_string"}}],"inLanguage":"de"}]}},"acf":[],"_links":{"self":[{"href":"https:\/\/www.villalaflorangerie.com\/de\/wp-json\/wp\/v2\/pages\/403","targetHints":{"allow":["GET"]}}],"collection":[{"href":"https:\/\/www.villalaflorangerie.com\/de\/wp-json\/wp\/v2\/pages"}],"about":[{"href":"https:\/\/www.villalaflorangerie.com\/de\/wp-json\/wp\/v2\/types\/page"}],"author":[{"embeddable":true,"href":"https:\/\/www.villalaflorangerie.com\/de\/wp-json\/wp\/v2\/users\/13"}],"replies":[{"embeddable":true,"href":"https:\/\/www.villalaflorangerie.com\/de\/wp-json\/wp\/v2\/comments?post=403"}],"version-history":[{"count":0,"href":"https:\/\/www.villalaflorangerie.com\/de\/wp-json\/wp\/v2\/pages\/403\/revisions"}],"wp:attachment":[{"href":"https:\/\/www.villalaflorangerie.com\/de\/wp-json\/wp\/v2\/media?parent=403"}],"curies":[{"name":"wp","href":"https:\/\/api.w.org\/{rel}","templated":true}]}}